{"id":895,"date":"2011-09-23T14:47:13","date_gmt":"2011-09-23T12:47:13","guid":{"rendered":"http:\/\/www.heliosperdita.com\/?page_id=895"},"modified":"2015-02-20T18:56:55","modified_gmt":"2015-02-20T17:56:55","slug":"arlequin","status":"publish","type":"page","link":"https:\/\/www.heliosperdita.com\/?page_id=895","title":{"rendered":"Arlequin  in love"},"content":{"rendered":"<p style=\"text-align: justify;\"><em>de Marivaux<\/em><\/p>\n<p style=\"text-align: justify;\"><span style=\"color: #00ffff;\">Mise en sc\u00e8ne, sc\u00e9nographie, costumes, conception et r\u00e9alisation sonore\u00a0<\/span>Th\u00e9o Kailer \u00a0<span style=\"color: #00ffff;\">Lumi\u00e8re<\/span> Pierre Yves Toulot.\u00a0Fabrice Bonelli, Fran\u00e7ois Vatin et Arnaud Laurens ont particip\u00e9 \u00e0 la r\u00e9alisation de la bande-son\u00a0<span style=\"color: #00ffff;\">Avec <\/span> Val\u00e9rie Furiosi, Claire Galopin, Th\u00e9o Kailer, Fran\u00e7ois Papin <span style=\"color: #00ffff;\">S<\/span><span style=\"color: #00ffff;\">on\u00a0<\/span>Arnaud Laurens. <span style=\"color: #00ffff;\">Administration de production<\/span> Val\u00e9rie Moy. <span style=\"color: #00ffff;\">Construction d\u00e9cor<\/span> \u00a0Patrick Chauvin, Guillaume Ageron, Th\u00e9o Kailer\u00a0<span style=\"color: #00ffff;\">Graffiti\u00a0<\/span>Nicolas Keller \u00a0<span style=\"color: #00ffff;\">Avec le soutien de la Collectivit\u00e9 Territoriale de Corse, du Jeune Th\u00e9\u00e2tre National, de \u00a0la CCAS et de la soci\u00e9t\u00e9 \u00a0<em>votre nom. <\/em>Nous remercions les Affaires Culturelles de la ville d&#8217;Ajaccio. Photos <span style=\"color: #888888;\">Daniel Aim\u00e9.<\/span><\/span><\/p>\n<p style=\"text-align: justify;\">Arlequin in love, est une farce o\u00f9 une f\u00e9e improbable s\u2019amourache d\u2019un \u00a0gar\u00e7on jeune, lui m\u00eame d\u00e9couvrant l\u2019amour, sous la houlette \u00a0d&#8217;une berg\u00e8re \u00ab\u00a0lolitesque\u00a0\u00bb. Les deux ayant subtilis\u00e9s la baguette, la grosse baguette de la f\u00e9e, le pouvoir et l\u2019amour sont \u00e0 leur merci. Plus que des personnages les protagonistes sont des figures qui existent par la force de leur d\u00e9sir. La f\u00e9e est une cougar, Arlequin un agneau virevoltant , la berg\u00e9re une mante sans religion. Cette m\u00e9nagerie l\u00e2ch\u00e9e dans un cirque qui ressemble \u00e0 une bo\u00eete de nuit d\u00e9gage une \u00e9nergie sauvage pour le plaisir du jeu, le bonheur des corps et l\u2019invention d\u2019une langue qui se cache sous la langue.<\/p>\n<h1 style=\"text-align: center;\"><span style=\"color: #00ffff;\"><a href=\"http:\/\/www.heliosperdita.com\/?page_id=11\"><span style=\"color: #00ffff;\">Presse<\/span><\/a><\/span><\/h1>\n<p><a href=\"http:\/\/www.heliosperdita.com\/wp-content\/uploads\/DSC_3870.jpg\"><img decoding=\"async\" loading=\"lazy\" class=\"alignleft size-thumbnail wp-image-1355\" title=\"Arlequin in love\" alt=\"\" src=\"http:\/\/www.heliosperdita.com\/wp-content\/uploads\/DSC_3870-100x100.jpg\" width=\"100\" height=\"100\" \/><\/a><a href=\"http:\/\/www.heliosperdita.com\/wp-content\/uploads\/DSC_3787.jpg\"><img decoding=\"async\" loading=\"lazy\" class=\"alignnone size-thumbnail wp-image-1351\" title=\"Arlequin in love\" alt=\"\" src=\"http:\/\/www.heliosperdita.com\/wp-content\/uploads\/DSC_3787-100x100.jpg\" width=\"100\" height=\"100\" \/><\/a>\u00a0<a href=\"http:\/\/www.heliosperdita.com\/wp-content\/uploads\/DSC_3675.jpg\"><img decoding=\"async\" loading=\"lazy\" class=\"alignnone size-thumbnail wp-image-1354\" title=\"DSC_3675\" alt=\"\" src=\"http:\/\/www.heliosperdita.com\/wp-content\/uploads\/DSC_3675-100x100.jpg\" width=\"100\" height=\"100\" \/><\/a>\u00a0<a href=\"http:\/\/www.heliosperdita.com\/wp-content\/uploads\/DSC_3228.jpg\"><img decoding=\"async\" loading=\"lazy\" class=\"alignnone size-thumbnail wp-image-1347\" title=\"Arlequin in love\" alt=\"\" src=\"http:\/\/www.heliosperdita.com\/wp-content\/uploads\/DSC_3228-100x100.jpg\" width=\"100\" height=\"100\" \/><\/a><\/p>\n<p><a href=\"http:\/\/www.heliosperdita.com\/wp-content\/uploads\/DSC_3235.jpg\"><img decoding=\"async\" loading=\"lazy\" class=\"size-thumbnail wp-image-1353 alignleft\" title=\"Arlequin in love\" alt=\"\" src=\"http:\/\/www.heliosperdita.com\/wp-content\/uploads\/DSC_3235-100x100.jpg\" width=\"100\" height=\"100\" \/><\/a><\/p>\n<p><a href=\"http:\/\/www.heliosperdita.com\/wp-content\/uploads\/DSC_3027.jpg\"><img decoding=\"async\" loading=\"lazy\" class=\"size-thumbnail wp-image-1352 alignnone\" title=\"Arlequin in love\" alt=\"\" src=\"http:\/\/www.heliosperdita.com\/wp-content\/uploads\/DSC_3027-100x100.jpg\" width=\"100\" height=\"100\" \/><\/a>\u00a0<a href=\"http:\/\/www.heliosperdita.com\/wp-content\/uploads\/DSC_3720.jpg\"><img decoding=\"async\" loading=\"lazy\" class=\"size-thumbnail wp-image-1350 alignnone\" title=\"Arlequin in love.\" alt=\"\" src=\"http:\/\/www.heliosperdita.com\/wp-content\/uploads\/DSC_3720-100x100.jpg\" width=\"100\" height=\"100\" \/><\/a>\u00a0<a href=\"http:\/\/www.heliosperdita.com\/wp-content\/uploads\/DSC_3504.jpg\"><img decoding=\"async\" loading=\"lazy\" class=\"size-thumbnail wp-image-1349 alignnone\" title=\"Arlequin in love\" alt=\"\" src=\"http:\/\/www.heliosperdita.com\/wp-content\/uploads\/DSC_3504-100x100.jpg\" width=\"100\" height=\"100\" \/><\/a><\/p>\n<p><a href=\"http:\/\/www.heliosperdita.com\/wp-content\/uploads\/DSC_3738.jpg\"><img decoding=\"async\" loading=\"lazy\" class=\"alignleft size-thumbnail wp-image-1373\" title=\"Arlequin in love.\" alt=\"\" src=\"http:\/\/www.heliosperdita.com\/wp-content\/uploads\/DSC_3738-100x100.jpg\" width=\"100\" height=\"100\" \/><\/a>\u00a0<a href=\"http:\/\/www.heliosperdita.com\/wp-content\/uploads\/DSC_3741.jpg\"><img decoding=\"async\" loading=\"lazy\" class=\"alignnone size-thumbnail wp-image-1374\" title=\"Arlequin in love.\" alt=\"\" src=\"http:\/\/www.heliosperdita.com\/wp-content\/uploads\/DSC_3741-100x100.jpg\" width=\"100\" height=\"100\" \/><\/a>\u00a0<a href=\"http:\/\/www.heliosperdita.com\/wp-content\/uploads\/DSC_3777.jpg\"><img decoding=\"async\" loading=\"lazy\" class=\"alignnone size-thumbnail wp-image-1375\" title=\"Arlequin in love.\" alt=\"\" src=\"http:\/\/www.heliosperdita.com\/wp-content\/uploads\/DSC_3777-100x100.jpg\" width=\"100\" height=\"100\" \/><\/a>\u00a0<a href=\"http:\/\/www.heliosperdita.com\/wp-content\/uploads\/DSC_3549.jpg\"><img decoding=\"async\" loading=\"lazy\" class=\"alignnone size-thumbnail wp-image-1376\" title=\"Arlequin in love.\" alt=\"\" src=\"http:\/\/www.heliosperdita.com\/wp-content\/uploads\/DSC_3549-100x100.jpg\" width=\"100\" height=\"100\" \/><\/a><\/p>\n","protected":false},"excerpt":{"rendered":"<p>de Marivaux Mise en sc\u00e8ne, sc\u00e9nographie, costumes, conception et r\u00e9alisation sonore\u00a0Th\u00e9o Kailer \u00a0Lumi\u00e8re Pierre Yves Toulot.\u00a0Fabrice Bonelli, Fran\u00e7ois Vatin et Arnaud Laurens ont particip\u00e9 \u00e0 la r\u00e9alisation de la bande-son\u00a0Avec Val\u00e9rie Furiosi, Claire Galopin, Th\u00e9o Kailer, Fran\u00e7ois Papin Son\u00a0Arnaud Laurens. Administration de production Val\u00e9rie Moy. Construction d\u00e9cor \u00a0Patrick Chauvin, Guillaume Ageron, Th\u00e9o Kailer\u00a0Graffiti\u00a0Nicolas Keller \u00a0Avec [&hellip;]<\/p>\n","protected":false},"author":2,"featured_media":0,"parent":1010,"menu_order":85,"comment_status":"closed","ping_status":"closed","template":"","meta":{"_exactmetrics_skip_tracking":false,"_exactmetrics_sitenote_active":false,"_exactmetrics_sitenote_note":"","_exactmetrics_sitenote_category":0},"_links":{"self":[{"href":"https:\/\/www.heliosperdita.com\/index.php?rest_route=\/wp\/v2\/pages\/895"}],"collection":[{"href":"https:\/\/www.heliosperdita.com\/index.php?rest_route=\/wp\/v2\/pages"}],"about":[{"href":"https:\/\/www.heliosperdita.com\/index.php?rest_route=\/wp\/v2\/types\/page"}],"author":[{"embeddable":true,"href":"https:\/\/www.heliosperdita.com\/index.php?rest_route=\/wp\/v2\/users\/2"}],"replies":[{"embeddable":true,"href":"https:\/\/www.heliosperdita.com\/index.php?rest_route=%2Fwp%2Fv2%2Fcomments&post=895"}],"version-history":[{"count":100,"href":"https:\/\/www.heliosperdita.com\/index.php?rest_route=\/wp\/v2\/pages\/895\/revisions"}],"predecessor-version":[{"id":1640,"href":"https:\/\/www.heliosperdita.com\/index.php?rest_route=\/wp\/v2\/pages\/895\/revisions\/1640"}],"up":[{"embeddable":true,"href":"https:\/\/www.heliosperdita.com\/index.php?rest_route=\/wp\/v2\/pages\/1010"}],"wp:attachment":[{"href":"https:\/\/www.heliosperdita.com\/index.php?rest_route=%2Fwp%2Fv2%2Fmedia&parent=895"}],"curies":[{"name":"wp","href":"https:\/\/api.w.org\/{rel}","templated":true}]}}