{"id":80,"date":"2011-02-08T14:48:46","date_gmt":"2011-02-08T13:48:46","guid":{"rendered":"http:\/\/www.tousdifferents.org\/?page_id=80"},"modified":"2023-08-08T09:18:23","modified_gmt":"2023-08-08T08:18:23","slug":"projet-b","status":"publish","type":"page","link":"https:\/\/www.heliosperdita.com\/?page_id=80","title":{"rendered":"Projet b"},"content":{"rendered":"<p style=\"text-align: center;\"><a href=\": http:\/\/www.heliosperdita.com\/?attachment_id=124\"><img decoding=\"async\" loading=\"lazy\" width=\"300\" height=\"183\" class=\"aligncenter  wp-image-81\" title=\"logo\" alt=\"\" src=\"http:\/\/www.tousdifferents.org\/wp-content\/uploads\/logo-300x183.png\" srcset=\"https:\/\/www.heliosperdita.com\/wp-content\/uploads\/logo-300x183.png 300w, https:\/\/www.heliosperdita.com\/wp-content\/uploads\/logo.png 600w\" sizes=\"(max-width: 300px) 100vw, 300px\" \/><\/a><br \/>\nCe projet est n\u00e9 au cours de la pr\u00e9paration de la pi\u00e8ce de SENEQUE :<br \/>\n<strong>Les Troyennes<\/strong> qui raconte le g\u00e9nocide du peuple de Troie, le partage et le d\u00e9part en esclavage des derni\u00e8res femmes.<\/p>\n<p>Il s&#8217;est invent\u00e9 comme une recherche dramaturgique autour de la pi\u00e8ce, une fa\u00e7on de mettre en perspective la trag\u00e9die antique avec des trag\u00e9dies plus r\u00e9centes, il a acquis ensuite son ind\u00e9pendance et s\u2019est impos\u00e9 comme un vrai spectacle \u00e0 la recherche de forme de repr\u00e9sentations lib\u00e9r\u00e9es et inventives.<\/p>\n<p>Outil d&#8217;investigation, regard sur le fiel, la haine et la folie qui conduisent \u00e0 des massacres, <strong>Projet B<\/strong> s&#8217;organise autour de trois \u00e9pisodes, trois repr\u00e9sentations qui ont toutes en commun de se d\u00e9rouler en partie dans un autobus en mouvement dans la ville.<\/p>\n<p><span style=\"color: #00ffff;\">Con\u00e7u et mis en sc\u00e8ne par <\/span>Th\u00e9o Kailer\u00a0<span style=\"color: #00ffff;\">Vid\u00e9o <\/span>P.Y Toulot\u00a0<span style=\"color: #00ffff;\">Musique et interpr\u00e8tation musicale <\/span>Arnaud Laurens\u00a0<span style=\"color: #00ffff;\">Avec <\/span>Emmanuel Broche, Val\u00e9rie Furiosi, Yann de Graval, Th\u00e9o Kailer, Werner Kolk, Gilles Velay<br \/>\n<span style=\"color: #00ffff;\">Et la participation de <\/span>Marie Flore Benaya, Marie Pierre Cucchi, Emeline, Ali Maammar, Jean Beno\u00eet Nodon de Mombaron, Andr\u00e9 Zonza.<\/p>\n<p style=\"text-align: right;\"><cite><span style=\"color: #ff0000;\">\u00abIl existe un tableau de Klee qui s&#8217;intitule Angelus Novu.<br \/>\nIl repr\u00e9sente un ange qui semble sur le point de s&#8217;\u00e9loigner de quelque chose qu&#8217;il fixe du regard.<br \/>\nSes yeux sont \u00e9carquill\u00e9s, sa bouche ouverte, ses ailes d\u00e9ploy\u00e9es.<br \/>\nC&#8217;est \u00e0 cela que doit ressembler l&#8217;Ange de l&#8217;Histoire.<br \/>\nSon visage est tourn\u00e9 vers le pass\u00e9.<br \/>\nL\u00e0 o\u00f9 nous appara\u00eet une cha\u00eene d&#8217;\u00e9v\u00e9nements il ne voit, lui, qu&#8217;une seule et unique catastrophe qui sans cesse amoncelle ruines sur ruines et les pr\u00e9cipite \u00e0 ses pieds.<br \/>\nIl voudrait bien s&#8217;attarder, r\u00e9veiller les morts et rassembler ce qui a \u00e9t\u00e9 d\u00e9membr\u00e9.<br \/>\nMais du paradis souffle une temp\u00eate qui s&#8217;est prise dans ses ailes, si violemment que l&#8217;ange ne peut plus les refermer.<br \/>\nCette temp\u00eate le pousse irr\u00e9sistiblement vers l&#8217;avenir auquel il tourne le dos, tandis que le monceau de ruines devant lui s&#8217;\u00e9l\u00e8ve jusqu&#8217;au ciel.<br \/>\nCette temp\u00eate est ce que nous appelons le progr\u00e8s.\u00bb<\/span><\/cite><span style=\"color: #ff0000;\"><br \/>\n<\/span> <em><span style=\"color: #ff0000;\"><strong>Walter Benjamin<\/strong><\/span><\/em><\/p>\n","protected":false},"excerpt":{"rendered":"<p>Ce projet est n\u00e9 au cours de la pr\u00e9paration de la pi\u00e8ce de SENEQUE : Les Troyennes qui raconte le g\u00e9nocide du peuple de Troie, le partage et le d\u00e9part en esclavage des derni\u00e8res femmes. Il s&#8217;est invent\u00e9 comme une recherche dramaturgique autour de la pi\u00e8ce, une fa\u00e7on de mettre en perspective la trag\u00e9die antique [&hellip;]<\/p>\n","protected":false},"author":1,"featured_media":0,"parent":1007,"menu_order":90,"comment_status":"closed","ping_status":"closed","template":"","meta":{"_exactmetrics_skip_tracking":false,"_exactmetrics_sitenote_active":false,"_exactmetrics_sitenote_note":"","_exactmetrics_sitenote_category":0},"_links":{"self":[{"href":"https:\/\/www.heliosperdita.com\/index.php?rest_route=\/wp\/v2\/pages\/80"}],"collection":[{"href":"https:\/\/www.heliosperdita.com\/index.php?rest_route=\/wp\/v2\/pages"}],"about":[{"href":"https:\/\/www.heliosperdita.com\/index.php?rest_route=\/wp\/v2\/types\/page"}],"author":[{"embeddable":true,"href":"https:\/\/www.heliosperdita.com\/index.php?rest_route=\/wp\/v2\/users\/1"}],"replies":[{"embeddable":true,"href":"https:\/\/www.heliosperdita.com\/index.php?rest_route=%2Fwp%2Fv2%2Fcomments&post=80"}],"version-history":[{"count":15,"href":"https:\/\/www.heliosperdita.com\/index.php?rest_route=\/wp\/v2\/pages\/80\/revisions"}],"predecessor-version":[{"id":350,"href":"https:\/\/www.heliosperdita.com\/index.php?rest_route=\/wp\/v2\/pages\/80\/revisions\/350"}],"up":[{"embeddable":true,"href":"https:\/\/www.heliosperdita.com\/index.php?rest_route=\/wp\/v2\/pages\/1007"}],"wp:attachment":[{"href":"https:\/\/www.heliosperdita.com\/index.php?rest_route=%2Fwp%2Fv2%2Fmedia&parent=80"}],"curies":[{"name":"wp","href":"https:\/\/api.w.org\/{rel}","templated":true}]}}