{"id":66,"date":"2011-02-08T14:41:15","date_gmt":"2011-02-08T14:41:15","guid":{"rendered":"http:\/\/www.tousdifferents.org\/?page_id=66"},"modified":"2015-04-07T14:06:44","modified_gmt":"2015-04-07T13:06:44","slug":"la-cantatrice-chauve","status":"publish","type":"page","link":"https:\/\/www.heliosperdita.com\/?page_id=66","title":{"rendered":"La cantatrice chauve"},"content":{"rendered":"<p style=\"text-align: justify;\">d&#8217;<em>Eug\u00e8ne Ionesco<\/em><br \/>\nDans une partition grande consommatrice d&#8217;\u00e9nergie, l&#8217;imagination en bataille, le plaisir de jouer autour du vide, le bousculer de trop plein, ce trop vide, le remplir de nos fantaisies d\u00e9biles, comme des enfants ;1h 30 \u00e0 cracher \u00e0 tour de r\u00f4le au fond de cet ab\u00eeme de banalit\u00e9, en feu et chauve, la Cantatrice, entre tragique et comique, grotesque, que l&#8217;on appelait en 1950, absurde.<\/p>\n<p style=\"text-align: justify;\"><span style=\"color: #00ffff;\">Mise en sc\u00e8ne, sc\u00e9nographie, costumes<\/span>Th\u00e9o Kailer\u00a0<span style=\"color: #00ffff;\">Lumi\u00e8re <\/span>P.Y. Toulot\u00a0<span style=\"color: #00ffff;\">Cr\u00e9ation Maquillages et Masques <\/span>Colette Kramer\u00a0<span style=\"color: #00ffff;\">Musique et interpr\u00e9tation musicale <\/span>Arnaud Laurens\u00a0<span style=\"color: #00ffff;\">Avec <\/span>Antonia Buresi, Val\u00e9rie Furiosi, Th\u00e9o Kailer, Arnaud Laurens, Manuel Mazaudier. <span style=\"color: #00ffff;\">Images &amp; r\u00e9alisation vid\u00e9o<\/span> Franck Noell, Fabien Lang.<\/p>\n<p style=\"text-align: justify;\"><span style=\"color: #00ffff;\"><a title=\"La Cantatrice Chauve\" href=\"https:\/\/youtu.be\/8dkoPbUpqlc\"><span style=\"color: #00ffff;\">Teaser 20&#8242;<\/span><\/a><\/span><\/p>\n<div id='gallery-1' class='gallery galleryid-66 gallery-columns-2 gallery-size-thumbnail'><figure class='gallery-item'>\n\t\t\t<div class='gallery-icon landscape'>\n\t\t\t\t<a href='https:\/\/www.heliosperdita.com\/wp-content\/uploads\/0012.jpg'><img width=\"100\" height=\"100\" src=\"https:\/\/www.heliosperdita.com\/wp-content\/uploads\/0012-150x150.jpg\" class=\"attachment-thumbnail size-thumbnail\" alt=\"\" decoding=\"async\" loading=\"lazy\" \/><\/a>\n\t\t\t<\/div><\/figure><figure class='gallery-item'>\n\t\t\t<div class='gallery-icon landscape'>\n\t\t\t\t<a href='https:\/\/www.heliosperdita.com\/wp-content\/uploads\/0022.jpg'><img width=\"100\" height=\"100\" src=\"https:\/\/www.heliosperdita.com\/wp-content\/uploads\/0022-150x150.jpg\" class=\"attachment-thumbnail size-thumbnail\" alt=\"\" decoding=\"async\" loading=\"lazy\" \/><\/a>\n\t\t\t<\/div><\/figure><figure class='gallery-item'>\n\t\t\t<div class='gallery-icon landscape'>\n\t\t\t\t<a href='https:\/\/www.heliosperdita.com\/wp-content\/uploads\/0032.jpg'><img width=\"100\" height=\"100\" src=\"https:\/\/www.heliosperdita.com\/wp-content\/uploads\/0032-150x150.jpg\" class=\"attachment-thumbnail size-thumbnail\" alt=\"\" decoding=\"async\" loading=\"lazy\" \/><\/a>\n\t\t\t<\/div><\/figure><figure class='gallery-item'>\n\t\t\t<div class='gallery-icon landscape'>\n\t\t\t\t<a href='https:\/\/www.heliosperdita.com\/wp-content\/uploads\/0042.jpg'><img width=\"100\" height=\"100\" src=\"https:\/\/www.heliosperdita.com\/wp-content\/uploads\/0042-150x150.jpg\" class=\"attachment-thumbnail size-thumbnail\" alt=\"\" decoding=\"async\" loading=\"lazy\" \/><\/a>\n\t\t\t<\/div><\/figure><figure class='gallery-item'>\n\t\t\t<div class='gallery-icon landscape'>\n\t\t\t\t<a href='https:\/\/www.heliosperdita.com\/wp-content\/uploads\/0052.jpg'><img width=\"100\" height=\"100\" src=\"https:\/\/www.heliosperdita.com\/wp-content\/uploads\/0052-150x150.jpg\" class=\"attachment-thumbnail size-thumbnail\" alt=\"\" decoding=\"async\" loading=\"lazy\" \/><\/a>\n\t\t\t<\/div><\/figure><figure class='gallery-item'>\n\t\t\t<div class='gallery-icon landscape'>\n\t\t\t\t<a href='https:\/\/www.heliosperdita.com\/wp-content\/uploads\/0062.jpg'><img width=\"100\" height=\"100\" src=\"https:\/\/www.heliosperdita.com\/wp-content\/uploads\/0062-150x150.jpg\" class=\"attachment-thumbnail size-thumbnail\" alt=\"\" decoding=\"async\" loading=\"lazy\" \/><\/a>\n\t\t\t<\/div><\/figure><figure class='gallery-item'>\n\t\t\t<div class='gallery-icon portrait'>\n\t\t\t\t<a href='https:\/\/www.heliosperdita.com\/wp-content\/uploads\/0072.jpg'><img width=\"100\" height=\"100\" src=\"https:\/\/www.heliosperdita.com\/wp-content\/uploads\/0072-150x150.jpg\" class=\"attachment-thumbnail size-thumbnail\" alt=\"\" decoding=\"async\" loading=\"lazy\" \/><\/a>\n\t\t\t<\/div><\/figure><figure class='gallery-item'>\n\t\t\t<div class='gallery-icon landscape'>\n\t\t\t\t<a href='https:\/\/www.heliosperdita.com\/wp-content\/uploads\/fond1.jpg'><img width=\"100\" height=\"100\" src=\"https:\/\/www.heliosperdita.com\/wp-content\/uploads\/fond1-150x150.jpg\" class=\"attachment-thumbnail size-thumbnail\" alt=\"\" decoding=\"async\" loading=\"lazy\" \/><\/a>\n\t\t\t<\/div><\/figure>\n\t\t<\/div>\n\n","protected":false},"excerpt":{"rendered":"<p>d&#8217;Eug\u00e8ne Ionesco Dans une partition grande consommatrice d&#8217;\u00e9nergie, l&#8217;imagination en bataille, le plaisir de jouer autour du vide, le bousculer de trop plein, ce trop vide, le remplir de nos fantaisies d\u00e9biles, comme des enfants ;1h 30 \u00e0 cracher \u00e0 tour de r\u00f4le au fond de cet ab\u00eeme de banalit\u00e9, en feu et chauve, la [&hellip;]<\/p>\n","protected":false},"author":2,"featured_media":0,"parent":1010,"menu_order":89,"comment_status":"closed","ping_status":"closed","template":"","meta":{"_exactmetrics_skip_tracking":false,"_exactmetrics_sitenote_active":false,"_exactmetrics_sitenote_note":"","_exactmetrics_sitenote_category":0},"_links":{"self":[{"href":"https:\/\/www.heliosperdita.com\/index.php?rest_route=\/wp\/v2\/pages\/66"}],"collection":[{"href":"https:\/\/www.heliosperdita.com\/index.php?rest_route=\/wp\/v2\/pages"}],"about":[{"href":"https:\/\/www.heliosperdita.com\/index.php?rest_route=\/wp\/v2\/types\/page"}],"author":[{"embeddable":true,"href":"https:\/\/www.heliosperdita.com\/index.php?rest_route=\/wp\/v2\/users\/2"}],"replies":[{"embeddable":true,"href":"https:\/\/www.heliosperdita.com\/index.php?rest_route=%2Fwp%2Fv2%2Fcomments&post=66"}],"version-history":[{"count":25,"href":"https:\/\/www.heliosperdita.com\/index.php?rest_route=\/wp\/v2\/pages\/66\/revisions"}],"predecessor-version":[{"id":1649,"href":"https:\/\/www.heliosperdita.com\/index.php?rest_route=\/wp\/v2\/pages\/66\/revisions\/1649"}],"up":[{"embeddable":true,"href":"https:\/\/www.heliosperdita.com\/index.php?rest_route=\/wp\/v2\/pages\/1010"}],"wp:attachment":[{"href":"https:\/\/www.heliosperdita.com\/index.php?rest_route=%2Fwp%2Fv2%2Fmedia&parent=66"}],"curies":[{"name":"wp","href":"https:\/\/api.w.org\/{rel}","templated":true}]}}