{"id":6,"date":"2011-02-08T13:42:42","date_gmt":"2011-02-08T13:42:42","guid":{"rendered":"http:\/\/www.tousdifferents.org\/?page_id=6"},"modified":"2023-09-20T14:37:56","modified_gmt":"2023-09-20T13:37:56","slug":"compagnie","status":"publish","type":"page","link":"https:\/\/www.heliosperdita.com\/?page_id=6","title":{"rendered":"Compagnie"},"content":{"rendered":"<h2 style=\"text-align: center;\"><strong>&#8220;Le mot cl\u00e9 du th\u00e9\u00e2tre est le jeu&#8221; <\/strong><em>Meyerhold<\/em><\/h2>\n<p>La compagnie de th\u00e9\u00e2tre <strong>heliosperdita<\/strong> est n\u00e9e du d\u00e9sir, d&#8217;inventer des mondes possibles, aliment\u00e9s par des textes et des acteurs, en faisant de tout et partout du th\u00e9\u00e2tre&#8230;<\/p>\n<p><a href=\"http:\/\/www.heliosperdita.com\/wp-content\/uploads\/slider9.jpg\"><img decoding=\"async\" loading=\"lazy\" class=\"size-full wp-image-322 aligncenter\" title=\"slider9\" src=\"http:\/\/www.heliosperdita.com\/wp-content\/uploads\/slider9.jpg\" alt=\"\" width=\"700\" height=\"330\" srcset=\"https:\/\/www.heliosperdita.com\/wp-content\/uploads\/slider9.jpg 700w, https:\/\/www.heliosperdita.com\/wp-content\/uploads\/slider9-300x141.jpg 300w\" sizes=\"(max-width: 700px) 100vw, 700px\" \/><\/a><\/p>\n","protected":false},"excerpt":{"rendered":"<p>&#8220;Le mot cl\u00e9 du th\u00e9\u00e2tre est le jeu&#8221; Meyerhold La compagnie de th\u00e9\u00e2tre heliosperdita est n\u00e9e du d\u00e9sir, d&#8217;inventer des mondes possibles, aliment\u00e9s par des textes et des acteurs, en faisant de tout et partout du th\u00e9\u00e2tre&#8230;<\/p>\n","protected":false},"author":2,"featured_media":0,"parent":0,"menu_order":0,"comment_status":"closed","ping_status":"closed","template":"","meta":{"_exactmetrics_skip_tracking":false,"_exactmetrics_sitenote_active":false,"_exactmetrics_sitenote_note":"","_exactmetrics_sitenote_category":0},"_links":{"self":[{"href":"https:\/\/www.heliosperdita.com\/index.php?rest_route=\/wp\/v2\/pages\/6"}],"collection":[{"href":"https:\/\/www.heliosperdita.com\/index.php?rest_route=\/wp\/v2\/pages"}],"about":[{"href":"https:\/\/www.heliosperdita.com\/index.php?rest_route=\/wp\/v2\/types\/page"}],"author":[{"embeddable":true,"href":"https:\/\/www.heliosperdita.com\/index.php?rest_route=\/wp\/v2\/users\/2"}],"replies":[{"embeddable":true,"href":"https:\/\/www.heliosperdita.com\/index.php?rest_route=%2Fwp%2Fv2%2Fcomments&post=6"}],"version-history":[{"count":17,"href":"https:\/\/www.heliosperdita.com\/index.php?rest_route=\/wp\/v2\/pages\/6\/revisions"}],"predecessor-version":[{"id":1864,"href":"https:\/\/www.heliosperdita.com\/index.php?rest_route=\/wp\/v2\/pages\/6\/revisions\/1864"}],"wp:attachment":[{"href":"https:\/\/www.heliosperdita.com\/index.php?rest_route=%2Fwp%2Fv2%2Fmedia&parent=6"}],"curies":[{"name":"wp","href":"https:\/\/api.w.org\/{rel}","templated":true}]}}