{"id":52,"date":"2011-02-08T14:36:36","date_gmt":"2011-02-08T12:36:36","guid":{"rendered":"http:\/\/www.tousdifferents.org\/?page_id=52"},"modified":"2013-12-06T12:54:43","modified_gmt":"2013-12-06T10:54:43","slug":"homere-iliade","status":"publish","type":"page","link":"https:\/\/www.heliosperdita.com\/?page_id=52","title":{"rendered":"Homere Iliade"},"content":{"rendered":"<p><em>d&#8217;Alessandro Baricco<\/em><\/p>\n<p style=\"text-align: justify;\"><span style=\"color: #00ffff;\">Conception, direction artistique <\/span>Th\u00e9o Kailer\u00a0<span style=\"color: #00ffff;\">Programmation vid\u00e9o et aide \u00e0 la conception, lumi\u00e8re :<\/span>Pierre-Yves Toulot\u00a0<span style=\"color: #00ffff;\">R\u00e9alisateur tournage Corse :<\/span>Eric Cucchi\u00a0<span style=\"color: #00ffff;\">R\u00e9alisateur films acteurs :<\/span>Franck No\u00ebll\u00a0<span style=\"color: #00ffff;\">Ing\u00e9nieur du son :<\/span>Maxime Girard\u00a0<span style=\"color: #00ffff;\">Montage sonore :<\/span>Fabrice Bonelli\u00a0<span style=\"color: #00ffff;\">Administration de production :<\/span>Val\u00e9rie Moy<br \/>\n<span style=\"color: #00ffff;\">Avec :<\/span>Antonia Buresi, Val\u00e9rie Furiosi, Th\u00e9o Kailer, Werner Kolk, Elsa Lepoivre soci\u00e9taire de la Com\u00e9die Fran\u00e7aise, Camille Schnebelen, Gilles Velay.<br \/>\n<span style=\"color: #00ffff;\">Et la participation de :<\/span>Fiona, Aimeric, Fa\u00efza, Florette, les deux Manon, C\u00e9cile, Th\u00e9r\u00e9sa, Marianne, Lisa, Damien, Angelina, Bastien, Camille et Mathieu du coll\u00e8ge de Porto Vecchio. Sauveur et ses amis de Marignana. Mr Cerrati et ses voisins de Rezza.\u00a0<span style=\"color: #00ffff;\">L\u2019amicale complicit\u00e9 de :<\/span>Colette Kramer, Guillaume Captier, Beno\u00eet Durand, Pierrot Cerrati, les affaires culturelles de la ville d\u2019Ajaccio, la CMN, le th\u00e9\u00e2tre de l\u2019Aquarium.<\/p>\n<p style=\"text-align: justify;\"><span style=\"color: #760017;\"><span style=\"color: #00ffff;\">Produit par <\/span>:<\/span>la compagnie helioSPerdita, avec le soutien de la Collectivit\u00e9 Territoriale de Corse en partenariat avec le CNC.<\/p>\n<div id='gallery-1' class='gallery galleryid-52 gallery-columns-2 gallery-size-thumbnail'><figure class='gallery-item'>\n\t\t\t<div class='gallery-icon landscape'>\n\t\t\t\t<a href='https:\/\/www.heliosperdita.com\/wp-content\/uploads\/0011.jpg'><img width=\"100\" height=\"100\" src=\"https:\/\/www.heliosperdita.com\/wp-content\/uploads\/0011-150x150.jpg\" class=\"attachment-thumbnail size-thumbnail\" alt=\"\" decoding=\"async\" loading=\"lazy\" \/><\/a>\n\t\t\t<\/div><\/figure><figure class='gallery-item'>\n\t\t\t<div class='gallery-icon landscape'>\n\t\t\t\t<a href='https:\/\/www.heliosperdita.com\/wp-content\/uploads\/0021.jpg'><img width=\"100\" height=\"100\" src=\"https:\/\/www.heliosperdita.com\/wp-content\/uploads\/0021-150x150.jpg\" class=\"attachment-thumbnail size-thumbnail\" alt=\"\" decoding=\"async\" loading=\"lazy\" \/><\/a>\n\t\t\t<\/div><\/figure><figure class='gallery-item'>\n\t\t\t<div class='gallery-icon landscape'>\n\t\t\t\t<a href='https:\/\/www.heliosperdita.com\/wp-content\/uploads\/0031.jpg'><img width=\"100\" height=\"100\" src=\"https:\/\/www.heliosperdita.com\/wp-content\/uploads\/0031-150x150.jpg\" class=\"attachment-thumbnail size-thumbnail\" alt=\"\" decoding=\"async\" loading=\"lazy\" \/><\/a>\n\t\t\t<\/div><\/figure><figure class='gallery-item'>\n\t\t\t<div class='gallery-icon landscape'>\n\t\t\t\t<a href='https:\/\/www.heliosperdita.com\/wp-content\/uploads\/0041.jpg'><img width=\"100\" height=\"100\" src=\"https:\/\/www.heliosperdita.com\/wp-content\/uploads\/0041-150x150.jpg\" class=\"attachment-thumbnail size-thumbnail\" alt=\"\" decoding=\"async\" loading=\"lazy\" \/><\/a>\n\t\t\t<\/div><\/figure><figure class='gallery-item'>\n\t\t\t<div class='gallery-icon landscape'>\n\t\t\t\t<a href='https:\/\/www.heliosperdita.com\/wp-content\/uploads\/0051.jpg'><img width=\"100\" height=\"100\" src=\"https:\/\/www.heliosperdita.com\/wp-content\/uploads\/0051-150x150.jpg\" class=\"attachment-thumbnail size-thumbnail\" alt=\"\" decoding=\"async\" loading=\"lazy\" \/><\/a>\n\t\t\t<\/div><\/figure><figure class='gallery-item'>\n\t\t\t<div class='gallery-icon landscape'>\n\t\t\t\t<a href='https:\/\/www.heliosperdita.com\/wp-content\/uploads\/0061.jpg'><img width=\"100\" height=\"100\" src=\"https:\/\/www.heliosperdita.com\/wp-content\/uploads\/0061-150x150.jpg\" class=\"attachment-thumbnail size-thumbnail\" alt=\"\" decoding=\"async\" loading=\"lazy\" \/><\/a>\n\t\t\t<\/div><\/figure><figure class='gallery-item'>\n\t\t\t<div class='gallery-icon landscape'>\n\t\t\t\t<a href='https:\/\/www.heliosperdita.com\/wp-content\/uploads\/0071.jpg'><img width=\"100\" height=\"100\" src=\"https:\/\/www.heliosperdita.com\/wp-content\/uploads\/0071-150x150.jpg\" class=\"attachment-thumbnail size-thumbnail\" alt=\"\" decoding=\"async\" loading=\"lazy\" \/><\/a>\n\t\t\t<\/div><\/figure><figure class='gallery-item'>\n\t\t\t<div class='gallery-icon landscape'>\n\t\t\t\t<a href='https:\/\/www.heliosperdita.com\/wp-content\/uploads\/008.jpg'><img width=\"100\" height=\"100\" src=\"https:\/\/www.heliosperdita.com\/wp-content\/uploads\/008-150x150.jpg\" class=\"attachment-thumbnail size-thumbnail\" alt=\"\" decoding=\"async\" loading=\"lazy\" \/><\/a>\n\t\t\t<\/div><\/figure><figure class='gallery-item'>\n\t\t\t<div class='gallery-icon landscape'>\n\t\t\t\t<a href='https:\/\/www.heliosperdita.com\/wp-content\/uploads\/009.jpg'><img width=\"100\" height=\"100\" src=\"https:\/\/www.heliosperdita.com\/wp-content\/uploads\/009-150x150.jpg\" class=\"attachment-thumbnail size-thumbnail\" alt=\"\" decoding=\"async\" loading=\"lazy\" \/><\/a>\n\t\t\t<\/div><\/figure><figure class='gallery-item'>\n\t\t\t<div class='gallery-icon landscape'>\n\t\t\t\t<a href='https:\/\/www.heliosperdita.com\/wp-content\/uploads\/fond.jpg'><img width=\"100\" height=\"100\" src=\"https:\/\/www.heliosperdita.com\/wp-content\/uploads\/fond-150x150.jpg\" class=\"attachment-thumbnail size-thumbnail\" alt=\"\" decoding=\"async\" loading=\"lazy\" \/><\/a>\n\t\t\t<\/div><\/figure>\n\t\t<\/div>\n\n","protected":false},"excerpt":{"rendered":"<p>d&#8217;Alessandro Baricco Conception, direction artistique Th\u00e9o Kailer\u00a0Programmation vid\u00e9o et aide \u00e0 la conception, lumi\u00e8re :Pierre-Yves Toulot\u00a0R\u00e9alisateur tournage Corse :Eric Cucchi\u00a0R\u00e9alisateur films acteurs :Franck No\u00ebll\u00a0Ing\u00e9nieur du son :Maxime Girard\u00a0Montage sonore :Fabrice Bonelli\u00a0Administration de production :Val\u00e9rie Moy Avec :Antonia Buresi, Val\u00e9rie Furiosi, Th\u00e9o Kailer, Werner Kolk, Elsa Lepoivre soci\u00e9taire de la Com\u00e9die Fran\u00e7aise, Camille Schnebelen, Gilles Velay. [&hellip;]<\/p>\n","protected":false},"author":1,"featured_media":0,"parent":1010,"menu_order":88,"comment_status":"closed","ping_status":"closed","template":"","meta":{"_exactmetrics_skip_tracking":false,"_exactmetrics_sitenote_active":false,"_exactmetrics_sitenote_note":"","_exactmetrics_sitenote_category":0},"_links":{"self":[{"href":"https:\/\/www.heliosperdita.com\/index.php?rest_route=\/wp\/v2\/pages\/52"}],"collection":[{"href":"https:\/\/www.heliosperdita.com\/index.php?rest_route=\/wp\/v2\/pages"}],"about":[{"href":"https:\/\/www.heliosperdita.com\/index.php?rest_route=\/wp\/v2\/types\/page"}],"author":[{"embeddable":true,"href":"https:\/\/www.heliosperdita.com\/index.php?rest_route=\/wp\/v2\/users\/1"}],"replies":[{"embeddable":true,"href":"https:\/\/www.heliosperdita.com\/index.php?rest_route=%2Fwp%2Fv2%2Fcomments&post=52"}],"version-history":[{"count":15,"href":"https:\/\/www.heliosperdita.com\/index.php?rest_route=\/wp\/v2\/pages\/52\/revisions"}],"predecessor-version":[{"id":341,"href":"https:\/\/www.heliosperdita.com\/index.php?rest_route=\/wp\/v2\/pages\/52\/revisions\/341"}],"up":[{"embeddable":true,"href":"https:\/\/www.heliosperdita.com\/index.php?rest_route=\/wp\/v2\/pages\/1010"}],"wp:attachment":[{"href":"https:\/\/www.heliosperdita.com\/index.php?rest_route=%2Fwp%2Fv2%2Fmedia&parent=52"}],"curies":[{"name":"wp","href":"https:\/\/api.w.org\/{rel}","templated":true}]}}