{"id":39,"date":"2011-02-08T14:27:04","date_gmt":"2011-02-08T12:27:04","guid":{"rendered":"http:\/\/www.tousdifferents.org\/?page_id=39"},"modified":"2014-01-13T16:38:58","modified_gmt":"2014-01-13T15:38:58","slug":"illusion","status":"publish","type":"page","link":"https:\/\/www.heliosperdita.com\/?page_id=39","title":{"rendered":"Au beau milieu d&#8217;une Illusion"},"content":{"rendered":"<p>Au pays de l\u2019illusion, il ne s\u2019agit pas de donner des le\u00e7ons, l\u2019erreur et la v\u00e9rit\u00e9 sont deux registres de l\u2019illusion, mais comme Alceste grand inquisiteur de la v\u00e9rit\u00e9, on se surprend \u00e0 s\u2019adresser \u00e0 un paysage peupl\u00e9 de C\u00e9lim\u00e8ne et leur susurrer :<\/p>\n<p><cite>\u00ab Efforcez vous de para\u00eetre fid\u00e8le et je m\u2019efforcerai moi de vous croire telle \u00bb<\/cite><br \/>\n<em>Moli\u00e8re<\/em><\/p>\n<p>Plut\u00f4t le mensonge d\u2019une v\u00e9rit\u00e9 qui arrange que la v\u00e9rit\u00e9 du mensonge qui d\u00e9pla\u00eet !!<\/p>\n<p><cite>\u00ab Nothing is more sad than the death of an illusion \u00bb<\/cite><br \/>\n<em>A. Koestler<\/em><\/p>\n<p>Autour d\u2019un repas de travail o\u00f9 le public est convi\u00e9, une r\u00e9flexion s\u2019\u00e9chafaude, un spectacle se fabrique, mettant en sc\u00e8ne deux hommes aux prises avec une id\u00e9e ;<br \/>\nSpectacle, \u00e0 propos de l\u2019illusion, la vision conf\u00e9r\u00e9e \u00e0 l\u2019homme moderne \u00e0 travers le prisme du kitsch.<\/p>\n<p style=\"text-align: center;\"><span style=\"color: #00ffff;\"><a href=\"http:\/\/www.heliosperdita.com\/wp-content\/uploads\/Au-beau-milieu-dune-illusion-WEB-21.mp4\"><div id=\"kgvid_kgvid_0_wrapper\" class=\"kgvid_wrapper kgvid_wrapper_auto_left kgvid_wrapper_auto_right\">\n\t\t\t<div id=\"video_kgvid_0_div\" class=\"fitvidsignore kgvid_videodiv\" data-id=\"kgvid_0\" data-kgvid_video_vars=\"{&quot;id&quot;:&quot;kgvid_0&quot;,&quot;attachment_id&quot;:963,&quot;player_type&quot;:&quot;Video.js v8&quot;,&quot;width&quot;:&quot;640&quot;,&quot;height&quot;:&quot;360&quot;,&quot;fullwidth&quot;:&quot;false&quot;,&quot;fixed_aspect&quot;:&quot;false&quot;,&quot;countable&quot;:true,&quot;count_views&quot;:&quot;quarters&quot;,&quot;start&quot;:&quot;&quot;,&quot;autoplay&quot;:&quot;false&quot;,&quot;pauseothervideos&quot;:&quot;false&quot;,&quot;set_volume&quot;:1,&quot;muted&quot;:&quot;false&quot;,&quot;meta&quot;:false,&quot;endofvideooverlay&quot;:&quot;https:\\\/\\\/www.heliosperdita.com\\\/wp-content\\\/uploads\\\/Au-beau-milieu-dune-illusion-WEB-21_thumb19.jpg&quot;,&quot;resize&quot;:&quot;true&quot;,&quot;auto_res&quot;:&quot;automatic&quot;,&quot;pixel_ratio&quot;:&quot;true&quot;,&quot;right_click&quot;:&quot;on&quot;,&quot;playback_rate&quot;:&quot;false&quot;,&quot;title&quot;:&quot;reportage&quot;,&quot;skip_buttons&quot;:[],&quot;nativecontrolsfortouch&quot;:&quot;true&quot;,&quot;locale&quot;:&quot;fr&quot;,&quot;enable_resolutions_plugin&quot;:false}\" itemprop=\"video\" itemscope itemtype=\"https:\/\/schema.org\/VideoObject\"><meta itemprop=\"thumbnailUrl\" content=\"https:\/\/www.heliosperdita.com\/wp-content\/uploads\/Au-beau-milieu-dune-illusion-WEB-21_thumb19.jpg\"><meta itemprop=\"embedUrl\" content=\"https:\/\/www.heliosperdita.com\/?attachment_id=963&#038;videopack%5Benable%5D=true\"><meta itemprop=\"contentUrl\" content=\"https:\/\/www.heliosperdita.com\/wp-content\/uploads\/Au-beau-milieu-dune-illusion-WEB-21.mp4\"><meta itemprop=\"name\" content=\"reportage\"><meta itemprop=\"description\" content=\"Vid\u00e9o\"><meta itemprop=\"uploadDate\" content=\"2011-08-14T11:16:28+01:00\">\n\t\t\t\t<video id=\"video_kgvid_0\" playsinline controls preload=\"metadata\" poster=\"https:\/\/www.heliosperdita.com\/wp-content\/uploads\/Au-beau-milieu-dune-illusion-WEB-21_thumb19.jpg\" width=\"640\" height=\"360\" class=\"fitvidsignore video-js kg-video-js-skin\">\n\t\t\t\t\t<source src=\"https:\/\/www.heliosperdita.com\/wp-content\/uploads\/Au-beau-milieu-dune-illusion-WEB-21.mp4?id=0\" type=\"video\/mp4\" data-res=\"360p\">\n\t\t\t\t<\/video>\n\t\t\t<\/div>\n\t\t<\/div><br \/>\n<\/a><\/span><\/p>\n<p style=\"text-align: left;\"><span style=\"color: #00ffff;\">Con\u00e7u par : <\/span>Th\u00e9o Kailer et Werner Kolk\u00a0<span style=\"color: #00ffff;\">Mise en sc\u00e8ne : <\/span>Th\u00e9o Kailer\u00a0<span style=\"color: #00ffff;\">Avec : <\/span>Th\u00e9o Kailer, Werner Kolk\u00a0<span style=\"color: #00ffff;\">Produit par : <\/span>la Compagnie helioSPerdita<span style=\"color: #00ffff;\"> avec<\/span><span style=\"color: #00ffff;\"> le soutien de<\/span> Sang et Or <span style=\"color: #00ffff;\">et de <\/span> La\u00a0Collectivit\u00e9 Territoriale de Corse.<br \/>\n<strong><span style=\"color: #00ffff;\"><br \/>\n<\/span><\/strong><strong><br \/>\n<\/strong><\/p>\n<div id='gallery-1' class='gallery galleryid-39 gallery-columns-2 gallery-size-thumbnail'><figure class='gallery-item'>\n\t\t\t<div class='gallery-icon landscape'>\n\t\t\t\t<a href='https:\/\/www.heliosperdita.com\/wp-content\/uploads\/001.jpg'><img width=\"100\" height=\"100\" src=\"https:\/\/www.heliosperdita.com\/wp-content\/uploads\/001-100x100.jpg\" class=\"attachment-thumbnail size-thumbnail\" alt=\"\" decoding=\"async\" loading=\"lazy\" \/><\/a>\n\t\t\t<\/div><\/figure><figure class='gallery-item'>\n\t\t\t<div class='gallery-icon landscape'>\n\t\t\t\t<a href='https:\/\/www.heliosperdita.com\/wp-content\/uploads\/002.jpg'><img width=\"100\" height=\"100\" src=\"https:\/\/www.heliosperdita.com\/wp-content\/uploads\/002-100x100.jpg\" class=\"attachment-thumbnail size-thumbnail\" alt=\"\" decoding=\"async\" loading=\"lazy\" \/><\/a>\n\t\t\t<\/div><\/figure><figure class='gallery-item'>\n\t\t\t<div class='gallery-icon landscape'>\n\t\t\t\t<a href='https:\/\/www.heliosperdita.com\/wp-content\/uploads\/003.jpg'><img width=\"100\" height=\"100\" src=\"https:\/\/www.heliosperdita.com\/wp-content\/uploads\/003-100x100.jpg\" class=\"attachment-thumbnail size-thumbnail\" alt=\"\" decoding=\"async\" loading=\"lazy\" \/><\/a>\n\t\t\t<\/div><\/figure><figure class='gallery-item'>\n\t\t\t<div class='gallery-icon landscape'>\n\t\t\t\t<a href='https:\/\/www.heliosperdita.com\/wp-content\/uploads\/004.jpg'><img width=\"100\" height=\"100\" src=\"https:\/\/www.heliosperdita.com\/wp-content\/uploads\/004-100x100.jpg\" class=\"attachment-thumbnail size-thumbnail\" alt=\"\" decoding=\"async\" loading=\"lazy\" \/><\/a>\n\t\t\t<\/div><\/figure><figure class='gallery-item'>\n\t\t\t<div class='gallery-icon landscape'>\n\t\t\t\t<a href='https:\/\/www.heliosperdita.com\/wp-content\/uploads\/005.jpg'><img width=\"100\" height=\"100\" src=\"https:\/\/www.heliosperdita.com\/wp-content\/uploads\/005-100x100.jpg\" class=\"attachment-thumbnail size-thumbnail\" alt=\"\" decoding=\"async\" loading=\"lazy\" \/><\/a>\n\t\t\t<\/div><\/figure><figure class='gallery-item'>\n\t\t\t<div class='gallery-icon landscape'>\n\t\t\t\t<a href='https:\/\/www.heliosperdita.com\/wp-content\/uploads\/006.jpg'><img width=\"100\" height=\"100\" src=\"https:\/\/www.heliosperdita.com\/wp-content\/uploads\/006-100x100.jpg\" class=\"attachment-thumbnail size-thumbnail\" alt=\"\" decoding=\"async\" loading=\"lazy\" \/><\/a>\n\t\t\t<\/div><\/figure><figure class='gallery-item'>\n\t\t\t<div class='gallery-icon landscape'>\n\t\t\t\t<a href='https:\/\/www.heliosperdita.com\/wp-content\/uploads\/007.jpg'><img width=\"100\" height=\"100\" src=\"https:\/\/www.heliosperdita.com\/wp-content\/uploads\/007-100x100.jpg\" class=\"attachment-thumbnail size-thumbnail\" alt=\"\" decoding=\"async\" loading=\"lazy\" \/><\/a>\n\t\t\t<\/div><\/figure>\n\t\t<\/div>\n\n","protected":false},"excerpt":{"rendered":"<p>Au pays de l\u2019illusion, il ne s\u2019agit pas de donner des le\u00e7ons, l\u2019erreur et la v\u00e9rit\u00e9 sont deux registres de l\u2019illusion, mais comme Alceste grand inquisiteur de la v\u00e9rit\u00e9, on se surprend \u00e0 s\u2019adresser \u00e0 un paysage peupl\u00e9 de C\u00e9lim\u00e8ne et leur susurrer : \u00ab Efforcez vous de para\u00eetre fid\u00e8le et je m\u2019efforcerai moi de [&hellip;]<\/p>\n","protected":false},"author":1,"featured_media":0,"parent":1010,"menu_order":87,"comment_status":"closed","ping_status":"closed","template":"","meta":{"_exactmetrics_skip_tracking":false,"_exactmetrics_sitenote_active":false,"_exactmetrics_sitenote_note":"","_exactmetrics_sitenote_category":0},"_links":{"self":[{"href":"https:\/\/www.heliosperdita.com\/index.php?rest_route=\/wp\/v2\/pages\/39"}],"collection":[{"href":"https:\/\/www.heliosperdita.com\/index.php?rest_route=\/wp\/v2\/pages"}],"about":[{"href":"https:\/\/www.heliosperdita.com\/index.php?rest_route=\/wp\/v2\/types\/page"}],"author":[{"embeddable":true,"href":"https:\/\/www.heliosperdita.com\/index.php?rest_route=\/wp\/v2\/users\/1"}],"replies":[{"embeddable":true,"href":"https:\/\/www.heliosperdita.com\/index.php?rest_route=%2Fwp%2Fv2%2Fcomments&post=39"}],"version-history":[{"count":40,"href":"https:\/\/www.heliosperdita.com\/index.php?rest_route=\/wp\/v2\/pages\/39\/revisions"}],"predecessor-version":[{"id":1522,"href":"https:\/\/www.heliosperdita.com\/index.php?rest_route=\/wp\/v2\/pages\/39\/revisions\/1522"}],"up":[{"embeddable":true,"href":"https:\/\/www.heliosperdita.com\/index.php?rest_route=\/wp\/v2\/pages\/1010"}],"wp:attachment":[{"href":"https:\/\/www.heliosperdita.com\/index.php?rest_route=%2Fwp%2Fv2%2Fmedia&parent=39"}],"curies":[{"name":"wp","href":"https:\/\/api.w.org\/{rel}","templated":true}]}}