{"id":25,"date":"2011-02-08T14:06:10","date_gmt":"2011-02-08T14:06:10","guid":{"rendered":"http:\/\/www.tousdifferents.org\/?page_id=25"},"modified":"2021-08-13T17:38:04","modified_gmt":"2021-08-13T16:38:04","slug":"partenaires","status":"publish","type":"page","link":"https:\/\/www.heliosperdita.com\/?page_id=25","title":{"rendered":"Partenaires"},"content":{"rendered":"<dl>Licence (2-1015732)<\/dl>\n<dl><\/dl>\n<p>&nbsp;<\/p>\n<p><em>\u00a0<\/em><\/p>\n<dl>Selon les projets, les cr\u00e9ations de la compagnie\u00a0heliosperdita ont \u00e9t\u00e9 soutenus par:<\/dl>\n<p>la Direction R\u00e9gionale des Affaires Culturelles d&#8217;Ile de France, la Direction R\u00e9gionale des Affaires Culturelles de la Corse, la Collectivit\u00e9 Territoriale de Corse, le Conseil G\u00e9n\u00e9ral de la Corse du sud, la ville d&#8217;Ajaccio, la fondation SNCF, l&#8217;ADAMI, ARCADI, la DMDTS, le JTN, la CMCAS CCAS, par Sang et or, la soci\u00e9t\u00e9 Gerflor, et les parquets Briatte<\/p>\n<dl>Site co-financ\u00e9 par<\/dl>\n<p><a href=\"http:\/\/www.heliosperdita.com\/wp-content\/uploads\/docup.png\"><img decoding=\"async\" loading=\"lazy\" class=\"alignleft size-full wp-image-26\" title=\"docup\" alt=\"Logos DOCUP\" src=\"http:\/\/www.heliosperdita.com\/wp-content\/uploads\/docup.png\" width=\"252\" height=\"195\" \/><\/a><\/p>\n<p>&nbsp;<\/p>\n<p>le site a \u00e9t\u00e9 financ\u00e9 dans le cadre de la mesure 1.5 du DOCUP 2000-2006 intitul\u00e9e \u00ab accro\u00eetre les \u00e9changes par les technologies de l\u2019information et de la communication \u00bb<\/p>\n<p>&nbsp;<\/p>\n<p>&nbsp;<\/p>\n<p>&nbsp;<\/p>\n<p>Il nous est impossible, au risque d&#8217;en oublier de remercier tous les gens qui ont rendu cette aventure possible.<br \/>\nUne pens\u00e9e affectueuse \u00e0 vous tous, qui, par votre amour, votre \u00e9nergie, votre confiance et votre talent, nous avez accompagn\u00e9s sur ce bout de chemin<br \/>\n<strong>MERCI<\/strong><\/p>\n<div>\n<p>La route continue\u2026<\/p>\n<\/div>\n","protected":false},"excerpt":{"rendered":"<p>Licence (2-1015732) &nbsp; \u00a0 Selon les projets, les cr\u00e9ations de la compagnie\u00a0heliosperdita ont \u00e9t\u00e9 soutenus par: la Direction R\u00e9gionale des Affaires Culturelles d&#8217;Ile de France, la Direction R\u00e9gionale des Affaires Culturelles de la Corse, la Collectivit\u00e9 Territoriale de Corse, le Conseil G\u00e9n\u00e9ral de la Corse du sud, la ville d&#8217;Ajaccio, la fondation SNCF, l&#8217;ADAMI, ARCADI, [&hellip;]<\/p>\n","protected":false},"author":1,"featured_media":0,"parent":0,"menu_order":0,"comment_status":"closed","ping_status":"closed","template":"","meta":{"_exactmetrics_skip_tracking":false,"_exactmetrics_sitenote_active":false,"_exactmetrics_sitenote_note":"","_exactmetrics_sitenote_category":0},"_links":{"self":[{"href":"https:\/\/www.heliosperdita.com\/index.php?rest_route=\/wp\/v2\/pages\/25"}],"collection":[{"href":"https:\/\/www.heliosperdita.com\/index.php?rest_route=\/wp\/v2\/pages"}],"about":[{"href":"https:\/\/www.heliosperdita.com\/index.php?rest_route=\/wp\/v2\/types\/page"}],"author":[{"embeddable":true,"href":"https:\/\/www.heliosperdita.com\/index.php?rest_route=\/wp\/v2\/users\/1"}],"replies":[{"embeddable":true,"href":"https:\/\/www.heliosperdita.com\/index.php?rest_route=%2Fwp%2Fv2%2Fcomments&post=25"}],"version-history":[{"count":17,"href":"https:\/\/www.heliosperdita.com\/index.php?rest_route=\/wp\/v2\/pages\/25\/revisions"}],"predecessor-version":[{"id":1773,"href":"https:\/\/www.heliosperdita.com\/index.php?rest_route=\/wp\/v2\/pages\/25\/revisions\/1773"}],"wp:attachment":[{"href":"https:\/\/www.heliosperdita.com\/index.php?rest_route=%2Fwp%2Fv2%2Fmedia&parent=25"}],"curies":[{"name":"wp","href":"https:\/\/api.w.org\/{rel}","templated":true}]}}