{"id":205,"date":"2011-02-08T18:51:01","date_gmt":"2011-02-08T17:51:01","guid":{"rendered":"http:\/\/www.tousdifferents.org\/?page_id=205"},"modified":"2011-09-23T15:00:08","modified_gmt":"2011-09-23T13:00:08","slug":"le-misanthrope","status":"publish","type":"page","link":"https:\/\/www.heliosperdita.com\/?page_id=205","title":{"rendered":"Le Misanthrope"},"content":{"rendered":"<p><em>de Moli\u00e8re<\/em><\/p>\n<p><span style=\"color: #00ffff;\">Mise en sc\u00e8ne, Sc\u00e9nographie <\/span>Th\u00e9o Kailer\u00a0<span style=\"color: #00ffff;\">Lumi\u00e8re <\/span>J.F. Touchard\u00a0<span style=\"color: #00ffff;\">Avec selon les reprises <\/span>L\u00e9onore Bonneval, Val\u00e9rie Furiosi, Th\u00e9o Kailer, Arnaud Le Glanic, Charles Ginvert, Yann de Graval, Denis L\u00e9ger Milhau, Anna Macina, Pierre Mermaz, St\u00e9phane Roux, Emmanuel Perrier, Gilles Velay, Catherine Vigne, B\u00e9n\u00e9dicte Wenders.<\/p>\n<div id='gallery-1' class='gallery galleryid-205 gallery-columns-2 gallery-size-thumbnail'><figure class='gallery-item'>\n\t\t\t<div class='gallery-icon portrait'>\n\t\t\t\t<a href='https:\/\/www.heliosperdita.com\/wp-content\/uploads\/00110.jpg'><img width=\"100\" height=\"100\" src=\"https:\/\/www.heliosperdita.com\/wp-content\/uploads\/00110-150x150.jpg\" class=\"attachment-thumbnail size-thumbnail\" alt=\"\" decoding=\"async\" loading=\"lazy\" \/><\/a>\n\t\t\t<\/div><\/figure><figure class='gallery-item'>\n\t\t\t<div class='gallery-icon portrait'>\n\t\t\t\t<a href='https:\/\/www.heliosperdita.com\/wp-content\/uploads\/00210.jpg'><img width=\"100\" height=\"100\" src=\"https:\/\/www.heliosperdita.com\/wp-content\/uploads\/00210-150x150.jpg\" class=\"attachment-thumbnail size-thumbnail\" alt=\"\" decoding=\"async\" loading=\"lazy\" \/><\/a>\n\t\t\t<\/div><\/figure><figure class='gallery-item'>\n\t\t\t<div class='gallery-icon landscape'>\n\t\t\t\t<a href='https:\/\/www.heliosperdita.com\/wp-content\/uploads\/fond9.jpg'><img width=\"100\" height=\"100\" src=\"https:\/\/www.heliosperdita.com\/wp-content\/uploads\/fond9-150x150.jpg\" class=\"attachment-thumbnail size-thumbnail\" alt=\"\" decoding=\"async\" loading=\"lazy\" \/><\/a>\n\t\t\t<\/div><\/figure>\n\t\t<\/div>\n\n","protected":false},"excerpt":{"rendered":"<p>de Moli\u00e8re Mise en sc\u00e8ne, Sc\u00e9nographie Th\u00e9o Kailer\u00a0Lumi\u00e8re J.F. Touchard\u00a0Avec selon les reprises L\u00e9onore Bonneval, Val\u00e9rie Furiosi, Th\u00e9o Kailer, Arnaud Le Glanic, Charles Ginvert, Yann de Graval, Denis L\u00e9ger Milhau, Anna Macina, Pierre Mermaz, St\u00e9phane Roux, Emmanuel Perrier, Gilles Velay, Catherine Vigne, B\u00e9n\u00e9dicte Wenders.<\/p>\n","protected":false},"author":1,"featured_media":0,"parent":1007,"menu_order":97,"comment_status":"closed","ping_status":"closed","template":"","meta":{"_exactmetrics_skip_tracking":false,"_exactmetrics_sitenote_active":false,"_exactmetrics_sitenote_note":"","_exactmetrics_sitenote_category":0},"_links":{"self":[{"href":"https:\/\/www.heliosperdita.com\/index.php?rest_route=\/wp\/v2\/pages\/205"}],"collection":[{"href":"https:\/\/www.heliosperdita.com\/index.php?rest_route=\/wp\/v2\/pages"}],"about":[{"href":"https:\/\/www.heliosperdita.com\/index.php?rest_route=\/wp\/v2\/types\/page"}],"author":[{"embeddable":true,"href":"https:\/\/www.heliosperdita.com\/index.php?rest_route=\/wp\/v2\/users\/1"}],"replies":[{"embeddable":true,"href":"https:\/\/www.heliosperdita.com\/index.php?rest_route=%2Fwp%2Fv2%2Fcomments&post=205"}],"version-history":[{"count":11,"href":"https:\/\/www.heliosperdita.com\/index.php?rest_route=\/wp\/v2\/pages\/205\/revisions"}],"predecessor-version":[{"id":1029,"href":"https:\/\/www.heliosperdita.com\/index.php?rest_route=\/wp\/v2\/pages\/205\/revisions\/1029"}],"up":[{"embeddable":true,"href":"https:\/\/www.heliosperdita.com\/index.php?rest_route=\/wp\/v2\/pages\/1007"}],"wp:attachment":[{"href":"https:\/\/www.heliosperdita.com\/index.php?rest_route=%2Fwp%2Fv2%2Fmedia&parent=205"}],"curies":[{"name":"wp","href":"https:\/\/api.w.org\/{rel}","templated":true}]}}