{"id":194,"date":"2011-02-08T15:54:48","date_gmt":"2011-02-08T15:54:48","guid":{"rendered":"http:\/\/www.tousdifferents.org\/?page_id=194"},"modified":"2011-09-23T14:59:32","modified_gmt":"2011-09-23T12:59:32","slug":"rodogune","status":"publish","type":"page","link":"https:\/\/www.heliosperdita.com\/?page_id=194","title":{"rendered":"Rodogune"},"content":{"rendered":"<p><em>de Corneille<\/em><\/p>\n<p><span style=\"color: #760017;\"><span style=\"color: #00ffff;\">Mise en sc\u00e8ne <\/span><\/span>Th\u00e9o Kailer\u00a0<span style=\"color: #00ffff;\">Sc\u00e9nographie <\/span>Antoine Dervaux\u00a0<span style=\"color: #00ffff;\">Musique <\/span>Zorca et Olivier Defrance\u00a0<span style=\"color: #00ffff;\">Costumes <\/span>Elisabeth Cerqueira\u00a0<span style=\"color: #00ffff;\">Maquillage et coiffures <\/span>Fran\u00e7oise Chaumayrac\u00a0<span style=\"color: #00ffff;\">avec <\/span>Val\u00e9rie Furiosi, Charles Ginvert, Th\u00e9o Kailer, B\u00e9n\u00e9dicte Wenders,<span style=\"color: #00ffff;\"> Et les voix d&#8217;<\/span>Arnaud Le Glanic et Pascale Degli Esposti.<\/p>\n<div id='gallery-1' class='gallery galleryid-194 gallery-columns-2 gallery-size-thumbnail'><figure class='gallery-item'>\n\t\t\t<div class='gallery-icon portrait'>\n\t\t\t\t<a href='https:\/\/www.heliosperdita.com\/wp-content\/uploads\/0018.jpg'><img width=\"100\" height=\"100\" src=\"https:\/\/www.heliosperdita.com\/wp-content\/uploads\/0018-150x150.jpg\" class=\"attachment-thumbnail size-thumbnail\" alt=\"\" decoding=\"async\" loading=\"lazy\" \/><\/a>\n\t\t\t<\/div><\/figure><figure class='gallery-item'>\n\t\t\t<div class='gallery-icon landscape'>\n\t\t\t\t<a href='https:\/\/www.heliosperdita.com\/wp-content\/uploads\/0028.jpg'><img width=\"100\" height=\"100\" src=\"https:\/\/www.heliosperdita.com\/wp-content\/uploads\/0028-150x150.jpg\" class=\"attachment-thumbnail size-thumbnail\" alt=\"\" decoding=\"async\" loading=\"lazy\" \/><\/a>\n\t\t\t<\/div><\/figure><figure class='gallery-item'>\n\t\t\t<div class='gallery-icon portrait'>\n\t\t\t\t<a href='https:\/\/www.heliosperdita.com\/wp-content\/uploads\/0039.jpg'><img width=\"100\" height=\"100\" src=\"https:\/\/www.heliosperdita.com\/wp-content\/uploads\/0039-150x150.jpg\" class=\"attachment-thumbnail size-thumbnail\" alt=\"\" decoding=\"async\" loading=\"lazy\" \/><\/a>\n\t\t\t<\/div><\/figure><figure class='gallery-item'>\n\t\t\t<div class='gallery-icon landscape'>\n\t\t\t\t<a href='https:\/\/www.heliosperdita.com\/wp-content\/uploads\/0048.jpg'><img width=\"100\" height=\"100\" src=\"https:\/\/www.heliosperdita.com\/wp-content\/uploads\/0048-150x150.jpg\" class=\"attachment-thumbnail size-thumbnail\" alt=\"\" decoding=\"async\" loading=\"lazy\" \/><\/a>\n\t\t\t<\/div><\/figure><figure class='gallery-item'>\n\t\t\t<div class='gallery-icon portrait'>\n\t\t\t\t<a href='https:\/\/www.heliosperdita.com\/wp-content\/uploads\/0059.jpg'><img width=\"100\" height=\"100\" src=\"https:\/\/www.heliosperdita.com\/wp-content\/uploads\/0059-150x150.jpg\" class=\"attachment-thumbnail size-thumbnail\" alt=\"\" decoding=\"async\" loading=\"lazy\" \/><\/a>\n\t\t\t<\/div><\/figure><figure class='gallery-item'>\n\t\t\t<div class='gallery-icon landscape'>\n\t\t\t\t<a href='https:\/\/www.heliosperdita.com\/wp-content\/uploads\/fond7.jpg'><img width=\"100\" height=\"100\" src=\"https:\/\/www.heliosperdita.com\/wp-content\/uploads\/fond7-150x150.jpg\" class=\"attachment-thumbnail size-thumbnail\" alt=\"\" decoding=\"async\" loading=\"lazy\" \/><\/a>\n\t\t\t<\/div><\/figure>\n\t\t<\/div>\n\n","protected":false},"excerpt":{"rendered":"<p>de Corneille Mise en sc\u00e8ne Th\u00e9o Kailer\u00a0Sc\u00e9nographie Antoine Dervaux\u00a0Musique Zorca et Olivier Defrance\u00a0Costumes Elisabeth Cerqueira\u00a0Maquillage et coiffures Fran\u00e7oise Chaumayrac\u00a0avec Val\u00e9rie Furiosi, Charles Ginvert, Th\u00e9o Kailer, B\u00e9n\u00e9dicte Wenders, Et les voix d&#8217;Arnaud Le Glanic et Pascale Degli Esposti.<\/p>\n","protected":false},"author":1,"featured_media":0,"parent":1007,"menu_order":96,"comment_status":"closed","ping_status":"closed","template":"","meta":{"_exactmetrics_skip_tracking":false,"_exactmetrics_sitenote_active":false,"_exactmetrics_sitenote_note":"","_exactmetrics_sitenote_category":0},"_links":{"self":[{"href":"https:\/\/www.heliosperdita.com\/index.php?rest_route=\/wp\/v2\/pages\/194"}],"collection":[{"href":"https:\/\/www.heliosperdita.com\/index.php?rest_route=\/wp\/v2\/pages"}],"about":[{"href":"https:\/\/www.heliosperdita.com\/index.php?rest_route=\/wp\/v2\/types\/page"}],"author":[{"embeddable":true,"href":"https:\/\/www.heliosperdita.com\/index.php?rest_route=\/wp\/v2\/users\/1"}],"replies":[{"embeddable":true,"href":"https:\/\/www.heliosperdita.com\/index.php?rest_route=%2Fwp%2Fv2%2Fcomments&post=194"}],"version-history":[{"count":11,"href":"https:\/\/www.heliosperdita.com\/index.php?rest_route=\/wp\/v2\/pages\/194\/revisions"}],"predecessor-version":[{"id":1028,"href":"https:\/\/www.heliosperdita.com\/index.php?rest_route=\/wp\/v2\/pages\/194\/revisions\/1028"}],"up":[{"embeddable":true,"href":"https:\/\/www.heliosperdita.com\/index.php?rest_route=\/wp\/v2\/pages\/1007"}],"wp:attachment":[{"href":"https:\/\/www.heliosperdita.com\/index.php?rest_route=%2Fwp%2Fv2%2Fmedia&parent=194"}],"curies":[{"name":"wp","href":"https:\/\/api.w.org\/{rel}","templated":true}]}}