{"id":1818,"date":"2023-08-02T11:58:54","date_gmt":"2023-08-02T10:58:54","guid":{"rendered":"http:\/\/www.heliosperdita.com\/?page_id=1818"},"modified":"2024-02-08T11:03:36","modified_gmt":"2024-02-08T10:03:36","slug":"limpromptu-dajaccio","status":"publish","type":"page","link":"https:\/\/www.heliosperdita.com\/?page_id=1818","title":{"rendered":"L&#8217;Impromptu d&#8217;Ajaccio"},"content":{"rendered":"\n<p>Un spectacle sur l&#8217;amour, les hommes, les femmes \u00e0 partir de quatre oeuvres de Moli\u00e8re.<\/p>\n\n\n\n<p>Mise en sc\u00e8ne de Th\u00e9o Kailer, \u00e9crit par Th\u00e9o Kailer et Werner Kolk. Avec Ang\u00e8le Arnaud, Val\u00e9rie Furiosi et Th\u00e9o Kailer. Assistant \u00e0 la mise en sc\u00e8ne, J\u00e9r\u00e9mie Lebreton. Lumi\u00e8re et r\u00e9gie, Fran\u00e7ois Burelli. Administration, Val\u00e9rie Moy. Photographie, \u00c9ric Cucchi.<\/p>\n\n\n\n<p><span style=\"font-size: 0.8125em; font-family: var(--wp--preset--font-family--montserrat);\"><\/span><\/p>\n\n\n\n<figure class=\"wp-block-gallery has-nested-images columns-4 has-white-background-color has-background wp-block-gallery-1 is-layout-flex\">\n<figure class=\"wp-block-image size-full has-custom-border\"><img decoding=\"async\" loading=\"lazy\" width=\"600\" height=\"902\" data-id=\"1941\"  src=\"http:\/\/www.heliosperdita.com\/wp-content\/uploads\/DSC6132.jpg\" alt=\"\" class=\"wp-image-1941\" style=\"border-style:none;border-width:0px;border-radius:0px\" srcset=\"https:\/\/www.heliosperdita.com\/wp-content\/uploads\/DSC6132.jpg 600w, https:\/\/www.heliosperdita.com\/wp-content\/uploads\/DSC6132-200x300.jpg 200w\" sizes=\"(max-width: 600px) 100vw, 600px\" \/><\/figure>\n\n\n\n<figure class=\"wp-block-image size-large has-custom-border\"><img decoding=\"async\" loading=\"lazy\" width=\"898\" height=\"600\" data-id=\"1888\"  src=\"https:\/\/www.heliosperdita.com\/wp-content\/uploads\/0061848.jpg\" alt=\"\" class=\"wp-image-1888\" style=\"border-style:none;border-width:0px\" srcset=\"https:\/\/www.heliosperdita.com\/wp-content\/uploads\/0061848.jpg 898w, https:\/\/www.heliosperdita.com\/wp-content\/uploads\/0061848-300x200.jpg 300w, https:\/\/www.heliosperdita.com\/wp-content\/uploads\/0061848-768x513.jpg 768w\" sizes=\"(max-width: 898px) 100vw, 898px\" \/><\/figure>\n\n\n\n<figure class=\"wp-block-image size-full has-custom-border\"><img decoding=\"async\" loading=\"lazy\" width=\"898\" height=\"600\" data-id=\"1900\"  src=\"http:\/\/www.heliosperdita.com\/wp-content\/uploads\/0063290.jpg\" alt=\"\" class=\"wp-image-1900\" style=\"border-style:none;border-width:0px\" srcset=\"https:\/\/www.heliosperdita.com\/wp-content\/uploads\/0063290.jpg 898w, https:\/\/www.heliosperdita.com\/wp-content\/uploads\/0063290-300x200.jpg 300w, https:\/\/www.heliosperdita.com\/wp-content\/uploads\/0063290-768x513.jpg 768w\" sizes=\"(max-width: 898px) 100vw, 898px\" \/><\/figure>\n\n\n\n<figure class=\"wp-block-image size-large has-custom-border is-style-default\"><img decoding=\"async\" loading=\"lazy\" width=\"550\" height=\"823\" data-id=\"1885\"  src=\"https:\/\/www.heliosperdita.com\/wp-content\/uploads\/0061817.jpg\" alt=\"\" class=\"wp-image-1885\" style=\"border-style:none;border-width:0px;border-radius:0px\" srcset=\"https:\/\/www.heliosperdita.com\/wp-content\/uploads\/0061817.jpg 550w, https:\/\/www.heliosperdita.com\/wp-content\/uploads\/0061817-200x300.jpg 200w\" sizes=\"(max-width: 550px) 100vw, 550px\" \/><\/figure>\n\n\n\n<figure class=\"wp-block-image size-full has-custom-border\"><img decoding=\"async\" loading=\"lazy\" width=\"898\" height=\"600\" data-id=\"1887\"  src=\"http:\/\/www.heliosperdita.com\/wp-content\/uploads\/0061831.jpg\" alt=\"\" class=\"wp-image-1887\" style=\"border-style:none;border-width:0px;border-radius:0px\" srcset=\"https:\/\/www.heliosperdita.com\/wp-content\/uploads\/0061831.jpg 898w, https:\/\/www.heliosperdita.com\/wp-content\/uploads\/0061831-300x200.jpg 300w, https:\/\/www.heliosperdita.com\/wp-content\/uploads\/0061831-768x513.jpg 768w\" sizes=\"(max-width: 898px) 100vw, 898px\" \/><\/figure>\n\n\n\n<figure class=\"wp-block-image size-large\"><img decoding=\"async\" loading=\"lazy\" width=\"600\" height=\"902\" data-id=\"1925\"  src=\"https:\/\/www.heliosperdita.com\/wp-content\/uploads\/DSC6672.jpg\" alt=\"\" class=\"wp-image-1925\" srcset=\"https:\/\/www.heliosperdita.com\/wp-content\/uploads\/DSC6672.jpg 600w, https:\/\/www.heliosperdita.com\/wp-content\/uploads\/DSC6672-200x300.jpg 200w\" sizes=\"(max-width: 600px) 100vw, 600px\" \/><\/figure>\n\n\n\n<figure class=\"wp-block-image size-large is-style-default\"><img decoding=\"async\" loading=\"lazy\" width=\"898\" height=\"600\" data-id=\"1886\"  src=\"https:\/\/www.heliosperdita.com\/wp-content\/uploads\/0061825.jpg\" alt=\"\" class=\"wp-image-1886\" srcset=\"https:\/\/www.heliosperdita.com\/wp-content\/uploads\/0061825.jpg 898w, https:\/\/www.heliosperdita.com\/wp-content\/uploads\/0061825-300x200.jpg 300w, https:\/\/www.heliosperdita.com\/wp-content\/uploads\/0061825-768x513.jpg 768w\" sizes=\"(max-width: 898px) 100vw, 898px\" \/><\/figure>\n\n\n\n<figure class=\"wp-block-image size-large\"><img decoding=\"async\" loading=\"lazy\" width=\"500\" height=\"751\" data-id=\"1924\"  src=\"https:\/\/www.heliosperdita.com\/wp-content\/uploads\/DSC6667.jpg\" alt=\"\" class=\"wp-image-1924\" srcset=\"https:\/\/www.heliosperdita.com\/wp-content\/uploads\/DSC6667.jpg 500w, https:\/\/www.heliosperdita.com\/wp-content\/uploads\/DSC6667-200x300.jpg 200w\" sizes=\"(max-width: 500px) 100vw, 500px\" \/><\/figure>\n\n\n\n<figure class=\"wp-block-image size-large\"><img decoding=\"async\" loading=\"lazy\" width=\"902\" height=\"600\" data-id=\"1920\"  src=\"https:\/\/www.heliosperdita.com\/wp-content\/uploads\/DSC6544.jpg\" alt=\"\" class=\"wp-image-1920\" srcset=\"https:\/\/www.heliosperdita.com\/wp-content\/uploads\/DSC6544.jpg 902w, https:\/\/www.heliosperdita.com\/wp-content\/uploads\/DSC6544-300x200.jpg 300w, https:\/\/www.heliosperdita.com\/wp-content\/uploads\/DSC6544-768x511.jpg 768w\" sizes=\"(max-width: 902px) 100vw, 902px\" \/><\/figure>\n\n\n\n<figure class=\"wp-block-image size-large\"><img decoding=\"async\" loading=\"lazy\" width=\"600\" height=\"902\" data-id=\"1919\"  src=\"https:\/\/www.heliosperdita.com\/wp-content\/uploads\/DSC6505.jpg\" alt=\"\" class=\"wp-image-1919\" srcset=\"https:\/\/www.heliosperdita.com\/wp-content\/uploads\/DSC6505.jpg 600w, https:\/\/www.heliosperdita.com\/wp-content\/uploads\/DSC6505-200x300.jpg 200w\" sizes=\"(max-width: 600px) 100vw, 600px\" \/><\/figure>\n\n\n\n<figure class=\"wp-block-image size-large\"><img decoding=\"async\" loading=\"lazy\" width=\"650\" height=\"977\" data-id=\"1918\"  src=\"https:\/\/www.heliosperdita.com\/wp-content\/uploads\/DSC6461.jpg\" alt=\"\" class=\"wp-image-1918\" srcset=\"https:\/\/www.heliosperdita.com\/wp-content\/uploads\/DSC6461.jpg 650w, https:\/\/www.heliosperdita.com\/wp-content\/uploads\/DSC6461-200x300.jpg 200w\" sizes=\"(max-width: 650px) 100vw, 650px\" \/><\/figure>\n\n\n\n<figure class=\"wp-block-image size-large\"><img decoding=\"async\" loading=\"lazy\" width=\"600\" height=\"902\" data-id=\"1916\"  src=\"https:\/\/www.heliosperdita.com\/wp-content\/uploads\/DSC6435.jpg\" alt=\"\" class=\"wp-image-1916\" srcset=\"https:\/\/www.heliosperdita.com\/wp-content\/uploads\/DSC6435.jpg 600w, https:\/\/www.heliosperdita.com\/wp-content\/uploads\/DSC6435-200x300.jpg 200w\" sizes=\"(max-width: 600px) 100vw, 600px\" \/><\/figure>\n\n\n\n<figure class=\"wp-block-image size-large\"><img decoding=\"async\" loading=\"lazy\" width=\"600\" height=\"902\" data-id=\"1917\"  src=\"https:\/\/www.heliosperdita.com\/wp-content\/uploads\/DSC6446.jpg\" alt=\"\" class=\"wp-image-1917\" srcset=\"https:\/\/www.heliosperdita.com\/wp-content\/uploads\/DSC6446.jpg 600w, https:\/\/www.heliosperdita.com\/wp-content\/uploads\/DSC6446-200x300.jpg 200w\" sizes=\"(max-width: 600px) 100vw, 600px\" \/><\/figure>\n\n\n\n<figure class=\"wp-block-image size-large\"><img decoding=\"async\" loading=\"lazy\" width=\"600\" height=\"902\" data-id=\"1915\"  src=\"https:\/\/www.heliosperdita.com\/wp-content\/uploads\/DSC6393.jpg\" alt=\"\" class=\"wp-image-1915\" srcset=\"https:\/\/www.heliosperdita.com\/wp-content\/uploads\/DSC6393.jpg 600w, https:\/\/www.heliosperdita.com\/wp-content\/uploads\/DSC6393-200x300.jpg 200w\" sizes=\"(max-width: 600px) 100vw, 600px\" \/><\/figure>\n\n\n\n<figure class=\"wp-block-image size-large\"><img decoding=\"async\" loading=\"lazy\" width=\"902\" height=\"600\" data-id=\"1912\"  src=\"https:\/\/www.heliosperdita.com\/wp-content\/uploads\/DSC6269.jpg\" alt=\"\" class=\"wp-image-1912\" srcset=\"https:\/\/www.heliosperdita.com\/wp-content\/uploads\/DSC6269.jpg 902w, https:\/\/www.heliosperdita.com\/wp-content\/uploads\/DSC6269-300x200.jpg 300w, https:\/\/www.heliosperdita.com\/wp-content\/uploads\/DSC6269-768x511.jpg 768w\" sizes=\"(max-width: 902px) 100vw, 902px\" \/><\/figure>\n\n\n\n<figure class=\"wp-block-image size-large\"><img decoding=\"async\" loading=\"lazy\" width=\"600\" height=\"902\" data-id=\"1914\"  src=\"https:\/\/www.heliosperdita.com\/wp-content\/uploads\/DSC6354.jpg\" alt=\"\" class=\"wp-image-1914\" srcset=\"https:\/\/www.heliosperdita.com\/wp-content\/uploads\/DSC6354.jpg 600w, https:\/\/www.heliosperdita.com\/wp-content\/uploads\/DSC6354-200x300.jpg 200w\" sizes=\"(max-width: 600px) 100vw, 600px\" \/><\/figure>\n\n\n\n<figure class=\"wp-block-image size-large\"><img decoding=\"async\" loading=\"lazy\" width=\"600\" height=\"902\" data-id=\"1913\"  src=\"https:\/\/www.heliosperdita.com\/wp-content\/uploads\/DSC6313.jpg\" alt=\"\" class=\"wp-image-1913\" srcset=\"https:\/\/www.heliosperdita.com\/wp-content\/uploads\/DSC6313.jpg 600w, https:\/\/www.heliosperdita.com\/wp-content\/uploads\/DSC6313-200x300.jpg 200w\" sizes=\"(max-width: 600px) 100vw, 600px\" \/><\/figure>\n\n\n\n<figure class=\"wp-block-image size-large\"><img decoding=\"async\" loading=\"lazy\" width=\"902\" height=\"600\" data-id=\"1911\"  src=\"https:\/\/www.heliosperdita.com\/wp-content\/uploads\/DSC6247.jpg\" alt=\"\" class=\"wp-image-1911\" srcset=\"https:\/\/www.heliosperdita.com\/wp-content\/uploads\/DSC6247.jpg 902w, https:\/\/www.heliosperdita.com\/wp-content\/uploads\/DSC6247-300x200.jpg 300w, https:\/\/www.heliosperdita.com\/wp-content\/uploads\/DSC6247-768x511.jpg 768w\" sizes=\"(max-width: 902px) 100vw, 902px\" \/><\/figure>\n\n\n\n<figure class=\"wp-block-image size-large\"><img decoding=\"async\" loading=\"lazy\" width=\"902\" height=\"600\" data-id=\"1910\"  src=\"https:\/\/www.heliosperdita.com\/wp-content\/uploads\/DSC6212.jpg\" alt=\"\" class=\"wp-image-1910\" srcset=\"https:\/\/www.heliosperdita.com\/wp-content\/uploads\/DSC6212.jpg 902w, https:\/\/www.heliosperdita.com\/wp-content\/uploads\/DSC6212-300x200.jpg 300w, https:\/\/www.heliosperdita.com\/wp-content\/uploads\/DSC6212-768x511.jpg 768w\" sizes=\"(max-width: 902px) 100vw, 902px\" \/><\/figure>\n\n\n\n<figure class=\"wp-block-image size-large\"><img decoding=\"async\" loading=\"lazy\" width=\"600\" height=\"902\" data-id=\"1909\"  src=\"https:\/\/www.heliosperdita.com\/wp-content\/uploads\/DSC6194.jpg\" alt=\"\" class=\"wp-image-1909\" srcset=\"https:\/\/www.heliosperdita.com\/wp-content\/uploads\/DSC6194.jpg 600w, https:\/\/www.heliosperdita.com\/wp-content\/uploads\/DSC6194-200x300.jpg 200w\" sizes=\"(max-width: 600px) 100vw, 600px\" \/><\/figure>\n\n\n\n<figure class=\"wp-block-image size-large\"><img decoding=\"async\" loading=\"lazy\" width=\"550\" height=\"827\" data-id=\"1921\"  src=\"https:\/\/www.heliosperdita.com\/wp-content\/uploads\/DSC6596.jpg\" alt=\"\" class=\"wp-image-1921\" srcset=\"https:\/\/www.heliosperdita.com\/wp-content\/uploads\/DSC6596.jpg 550w, https:\/\/www.heliosperdita.com\/wp-content\/uploads\/DSC6596-200x300.jpg 200w\" sizes=\"(max-width: 550px) 100vw, 550px\" \/><\/figure>\n\n\n\n<figure class=\"wp-block-image size-large\"><img decoding=\"async\" loading=\"lazy\" width=\"550\" height=\"827\" data-id=\"1922\"  src=\"https:\/\/www.heliosperdita.com\/wp-content\/uploads\/DSC6598.jpg\" alt=\"\" class=\"wp-image-1922\" srcset=\"https:\/\/www.heliosperdita.com\/wp-content\/uploads\/DSC6598.jpg 550w, https:\/\/www.heliosperdita.com\/wp-content\/uploads\/DSC6598-200x300.jpg 200w\" sizes=\"(max-width: 550px) 100vw, 550px\" \/><\/figure>\n\n\n\n<figure class=\"wp-block-image size-large\"><img decoding=\"async\" loading=\"lazy\" width=\"625\" height=\"939\" data-id=\"1923\"  src=\"https:\/\/www.heliosperdita.com\/wp-content\/uploads\/DSC6653.jpg\" alt=\"\" class=\"wp-image-1923\" srcset=\"https:\/\/www.heliosperdita.com\/wp-content\/uploads\/DSC6653.jpg 625w, https:\/\/www.heliosperdita.com\/wp-content\/uploads\/DSC6653-200x300.jpg 200w\" sizes=\"(max-width: 625px) 100vw, 625px\" \/><\/figure>\n\n\n\n<figure class=\"wp-block-image size-large\"><img decoding=\"async\" loading=\"lazy\" width=\"500\" height=\"749\" data-id=\"1907\"  src=\"https:\/\/www.heliosperdita.com\/wp-content\/uploads\/0063784.jpg\" alt=\"\" class=\"wp-image-1907\" srcset=\"https:\/\/www.heliosperdita.com\/wp-content\/uploads\/0063784.jpg 500w, https:\/\/www.heliosperdita.com\/wp-content\/uploads\/0063784-200x300.jpg 200w\" sizes=\"(max-width: 500px) 100vw, 500px\" \/><\/figure>\n\n\n\n<figure class=\"wp-block-image size-large\"><img decoding=\"async\" loading=\"lazy\" width=\"600\" height=\"902\" data-id=\"1908\"  src=\"https:\/\/www.heliosperdita.com\/wp-content\/uploads\/DSC6066.jpg\" alt=\"\" class=\"wp-image-1908\" srcset=\"https:\/\/www.heliosperdita.com\/wp-content\/uploads\/DSC6066.jpg 600w, https:\/\/www.heliosperdita.com\/wp-content\/uploads\/DSC6066-200x300.jpg 200w\" sizes=\"(max-width: 600px) 100vw, 600px\" \/><\/figure>\n\n\n\n<figure class=\"wp-block-image size-large\"><img decoding=\"async\" loading=\"lazy\" width=\"600\" height=\"898\" data-id=\"1906\"  src=\"https:\/\/www.heliosperdita.com\/wp-content\/uploads\/0063710.jpg\" alt=\"\" class=\"wp-image-1906\" srcset=\"https:\/\/www.heliosperdita.com\/wp-content\/uploads\/0063710.jpg 600w, https:\/\/www.heliosperdita.com\/wp-content\/uploads\/0063710-200x300.jpg 200w\" sizes=\"(max-width: 600px) 100vw, 600px\" \/><\/figure>\n\n\n\n<figure class=\"wp-block-image size-large\"><img decoding=\"async\" loading=\"lazy\" width=\"898\" height=\"600\" data-id=\"1905\"  src=\"https:\/\/www.heliosperdita.com\/wp-content\/uploads\/0063603.jpg\" alt=\"\" class=\"wp-image-1905\" srcset=\"https:\/\/www.heliosperdita.com\/wp-content\/uploads\/0063603.jpg 898w, https:\/\/www.heliosperdita.com\/wp-content\/uploads\/0063603-300x200.jpg 300w, https:\/\/www.heliosperdita.com\/wp-content\/uploads\/0063603-768x513.jpg 768w\" sizes=\"(max-width: 898px) 100vw, 898px\" \/><\/figure>\n\n\n\n<figure class=\"wp-block-image size-large\"><img decoding=\"async\" loading=\"lazy\" width=\"898\" height=\"600\" data-id=\"1904\"  src=\"https:\/\/www.heliosperdita.com\/wp-content\/uploads\/0063531.jpg\" alt=\"\" class=\"wp-image-1904\" srcset=\"https:\/\/www.heliosperdita.com\/wp-content\/uploads\/0063531.jpg 898w, https:\/\/www.heliosperdita.com\/wp-content\/uploads\/0063531-300x200.jpg 300w, https:\/\/www.heliosperdita.com\/wp-content\/uploads\/0063531-768x513.jpg 768w\" sizes=\"(max-width: 898px) 100vw, 898px\" \/><\/figure>\n\n\n\n<figure class=\"wp-block-image size-large\"><img decoding=\"async\" loading=\"lazy\" width=\"500\" height=\"748\" data-id=\"1894\"  src=\"https:\/\/www.heliosperdita.com\/wp-content\/uploads\/0062228.jpg\" alt=\"\" class=\"wp-image-1894\" srcset=\"https:\/\/www.heliosperdita.com\/wp-content\/uploads\/0062228.jpg 500w, https:\/\/www.heliosperdita.com\/wp-content\/uploads\/0062228-201x300.jpg 201w\" sizes=\"(max-width: 500px) 100vw, 500px\" \/><\/figure>\n\n\n\n<figure class=\"wp-block-image size-full\"><img decoding=\"async\" loading=\"lazy\" width=\"500\" height=\"333\" data-id=\"1975\"  src=\"http:\/\/www.heliosperdita.com\/wp-content\/uploads\/P1240624.jpg\" alt=\"\" class=\"wp-image-1975\" srcset=\"https:\/\/www.heliosperdita.com\/wp-content\/uploads\/P1240624.jpg 500w, https:\/\/www.heliosperdita.com\/wp-content\/uploads\/P1240624-300x200.jpg 300w\" sizes=\"(max-width: 500px) 100vw, 500px\" \/><\/figure>\n\n\n\n<figure class=\"wp-block-image size-large\"><img decoding=\"async\" loading=\"lazy\" width=\"898\" height=\"600\" data-id=\"1902\"  src=\"https:\/\/www.heliosperdita.com\/wp-content\/uploads\/0063409.jpg\" alt=\"\" class=\"wp-image-1902\" srcset=\"https:\/\/www.heliosperdita.com\/wp-content\/uploads\/0063409.jpg 898w, https:\/\/www.heliosperdita.com\/wp-content\/uploads\/0063409-300x200.jpg 300w, https:\/\/www.heliosperdita.com\/wp-content\/uploads\/0063409-768x513.jpg 768w\" sizes=\"(max-width: 898px) 100vw, 898px\" \/><\/figure>\n\n\n\n<figure class=\"wp-block-image size-large\"><img decoding=\"async\" loading=\"lazy\" width=\"749\" height=\"500\" data-id=\"1898\"  src=\"https:\/\/www.heliosperdita.com\/wp-content\/uploads\/0062441.jpg\" alt=\"\" class=\"wp-image-1898\" srcset=\"https:\/\/www.heliosperdita.com\/wp-content\/uploads\/0062441.jpg 749w, https:\/\/www.heliosperdita.com\/wp-content\/uploads\/0062441-300x200.jpg 300w\" sizes=\"(max-width: 749px) 100vw, 749px\" \/><\/figure>\n\n\n\n<figure class=\"wp-block-image size-large\"><img decoding=\"async\" loading=\"lazy\" width=\"898\" height=\"600\" data-id=\"1897\"  src=\"https:\/\/www.heliosperdita.com\/wp-content\/uploads\/0062413.jpg\" alt=\"\" class=\"wp-image-1897\" srcset=\"https:\/\/www.heliosperdita.com\/wp-content\/uploads\/0062413.jpg 898w, https:\/\/www.heliosperdita.com\/wp-content\/uploads\/0062413-300x200.jpg 300w, https:\/\/www.heliosperdita.com\/wp-content\/uploads\/0062413-768x513.jpg 768w\" sizes=\"(max-width: 898px) 100vw, 898px\" \/><\/figure>\n\n\n\n<figure class=\"wp-block-image size-large\"><img decoding=\"async\" loading=\"lazy\" width=\"749\" height=\"500\" data-id=\"1896\"  src=\"https:\/\/www.heliosperdita.com\/wp-content\/uploads\/0062253.jpg\" alt=\"\" class=\"wp-image-1896\" srcset=\"https:\/\/www.heliosperdita.com\/wp-content\/uploads\/0062253.jpg 749w, https:\/\/www.heliosperdita.com\/wp-content\/uploads\/0062253-300x200.jpg 300w\" sizes=\"(max-width: 749px) 100vw, 749px\" \/><\/figure>\n\n\n\n<figure class=\"wp-block-image size-full is-style-default\"><img decoding=\"async\" loading=\"lazy\" width=\"902\" height=\"600\" data-id=\"1955\"  src=\"http:\/\/www.heliosperdita.com\/wp-content\/uploads\/DSC6684-1.jpg\" alt=\"\" class=\"wp-image-1955\" srcset=\"https:\/\/www.heliosperdita.com\/wp-content\/uploads\/DSC6684-1.jpg 902w, https:\/\/www.heliosperdita.com\/wp-content\/uploads\/DSC6684-1-300x200.jpg 300w, https:\/\/www.heliosperdita.com\/wp-content\/uploads\/DSC6684-1-768x511.jpg 768w\" sizes=\"(max-width: 902px) 100vw, 902px\" \/><\/figure>\n\n\n\n<figure class=\"wp-block-image size-large\"><img decoding=\"async\" loading=\"lazy\" width=\"500\" height=\"749\" data-id=\"1893\"  src=\"https:\/\/www.heliosperdita.com\/wp-content\/uploads\/0062210.jpg\" alt=\"\" class=\"wp-image-1893\" srcset=\"https:\/\/www.heliosperdita.com\/wp-content\/uploads\/0062210.jpg 500w, https:\/\/www.heliosperdita.com\/wp-content\/uploads\/0062210-200x300.jpg 200w\" sizes=\"(max-width: 500px) 100vw, 500px\" \/><\/figure>\n\n\n\n<figure class=\"wp-block-image size-large\"><img decoding=\"async\" loading=\"lazy\" width=\"898\" height=\"600\" data-id=\"1899\"  src=\"https:\/\/www.heliosperdita.com\/wp-content\/uploads\/0063237.jpg\" alt=\"\" class=\"wp-image-1899\" srcset=\"https:\/\/www.heliosperdita.com\/wp-content\/uploads\/0063237.jpg 898w, https:\/\/www.heliosperdita.com\/wp-content\/uploads\/0063237-300x200.jpg 300w, https:\/\/www.heliosperdita.com\/wp-content\/uploads\/0063237-768x513.jpg 768w\" sizes=\"(max-width: 898px) 100vw, 898px\" \/><\/figure>\n\n\n\n<figure class=\"wp-block-image size-large\"><img decoding=\"async\" loading=\"lazy\" width=\"564\" height=\"844\" data-id=\"1890\"  src=\"https:\/\/www.heliosperdita.com\/wp-content\/uploads\/0061922.jpg\" alt=\"\" class=\"wp-image-1890\" srcset=\"https:\/\/www.heliosperdita.com\/wp-content\/uploads\/0061922.jpg 564w, https:\/\/www.heliosperdita.com\/wp-content\/uploads\/0061922-200x300.jpg 200w\" sizes=\"(max-width: 564px) 100vw, 564px\" \/><\/figure>\n\n\n\n<figure class=\"wp-block-image size-large\"><img decoding=\"async\" loading=\"lazy\" width=\"898\" height=\"600\" data-id=\"1892\"  src=\"https:\/\/www.heliosperdita.com\/wp-content\/uploads\/0061972.jpg\" alt=\"\" class=\"wp-image-1892\" srcset=\"https:\/\/www.heliosperdita.com\/wp-content\/uploads\/0061972.jpg 898w, https:\/\/www.heliosperdita.com\/wp-content\/uploads\/0061972-300x200.jpg 300w, https:\/\/www.heliosperdita.com\/wp-content\/uploads\/0061972-768x513.jpg 768w\" sizes=\"(max-width: 898px) 100vw, 898px\" \/><\/figure>\n\n\n\n<figure class=\"wp-block-image size-large\"><img decoding=\"async\" loading=\"lazy\" width=\"600\" height=\"898\" data-id=\"1889\"  src=\"https:\/\/www.heliosperdita.com\/wp-content\/uploads\/0061856.jpg\" alt=\"\" class=\"wp-image-1889\" srcset=\"https:\/\/www.heliosperdita.com\/wp-content\/uploads\/0061856.jpg 600w, https:\/\/www.heliosperdita.com\/wp-content\/uploads\/0061856-200x300.jpg 200w\" sizes=\"(max-width: 600px) 100vw, 600px\" \/><\/figure>\n\n\n\n<figure class=\"wp-block-image size-full\"><img decoding=\"async\" loading=\"lazy\" width=\"902\" height=\"600\" data-id=\"1940\"  src=\"http:\/\/www.heliosperdita.com\/wp-content\/uploads\/DSC6147.jpg\" alt=\"\" class=\"wp-image-1940\" srcset=\"https:\/\/www.heliosperdita.com\/wp-content\/uploads\/DSC6147.jpg 902w, https:\/\/www.heliosperdita.com\/wp-content\/uploads\/DSC6147-300x200.jpg 300w, https:\/\/www.heliosperdita.com\/wp-content\/uploads\/DSC6147-768x511.jpg 768w\" sizes=\"(max-width: 902px) 100vw, 902px\" \/><\/figure>\n\n\n\n<figure class=\"wp-block-image size-full\"><img decoding=\"async\" loading=\"lazy\" width=\"1703\" height=\"2560\" data-id=\"1967\"  src=\"http:\/\/www.heliosperdita.com\/wp-content\/uploads\/7s88w-scaled.jpeg\" alt=\"\" class=\"wp-image-1967\" srcset=\"https:\/\/www.heliosperdita.com\/wp-content\/uploads\/7s88w-scaled.jpeg 1703w, https:\/\/www.heliosperdita.com\/wp-content\/uploads\/7s88w-200x300.jpeg 200w, https:\/\/www.heliosperdita.com\/wp-content\/uploads\/7s88w-681x1024.jpeg 681w, https:\/\/www.heliosperdita.com\/wp-content\/uploads\/7s88w-768x1154.jpeg 768w, https:\/\/www.heliosperdita.com\/wp-content\/uploads\/7s88w-1022x1536.jpeg 1022w, https:\/\/www.heliosperdita.com\/wp-content\/uploads\/7s88w-1363x2048.jpeg 1363w, https:\/\/www.heliosperdita.com\/wp-content\/uploads\/7s88w-1568x2356.jpeg 1568w\" sizes=\"(max-width: 1703px) 100vw, 1703px\" \/><\/figure>\n\n\n\n<figure class=\"wp-block-image size-large\"><img decoding=\"async\" loading=\"lazy\" width=\"681\" height=\"1024\" data-id=\"1966\"  src=\"http:\/\/www.heliosperdita.com\/wp-content\/uploads\/d0rm5-681x1024.jpeg\" alt=\"\" class=\"wp-image-1966\" srcset=\"https:\/\/www.heliosperdita.com\/wp-content\/uploads\/d0rm5-681x1024.jpeg 681w, https:\/\/www.heliosperdita.com\/wp-content\/uploads\/d0rm5-200x300.jpeg 200w, https:\/\/www.heliosperdita.com\/wp-content\/uploads\/d0rm5-768x1154.jpeg 768w, https:\/\/www.heliosperdita.com\/wp-content\/uploads\/d0rm5-1022x1536.jpeg 1022w, https:\/\/www.heliosperdita.com\/wp-content\/uploads\/d0rm5-1363x2048.jpeg 1363w, https:\/\/www.heliosperdita.com\/wp-content\/uploads\/d0rm5-1568x2356.jpeg 1568w, https:\/\/www.heliosperdita.com\/wp-content\/uploads\/d0rm5-scaled.jpeg 1703w\" sizes=\"(max-width: 681px) 100vw, 681px\" \/><\/figure>\n<\/figure>\n","protected":false},"excerpt":{"rendered":"<p>Un spectacle sur l&#8217;amour, les hommes, les femmes \u00e0 partir de quatre oeuvres de Moli\u00e8re. Mise en sc\u00e8ne de Th\u00e9o Kailer, \u00e9crit par Th\u00e9o Kailer et Werner Kolk. Avec Ang\u00e8le Arnaud, Val\u00e9rie Furiosi et Th\u00e9o Kailer. Assistant \u00e0 la mise en sc\u00e8ne, J\u00e9r\u00e9mie Lebreton. Lumi\u00e8re et r\u00e9gie, Fran\u00e7ois Burelli. Administration, Val\u00e9rie Moy. Photographie, \u00c9ric Cucchi.<\/p>\n","protected":false},"author":2,"featured_media":1885,"parent":1010,"menu_order":78,"comment_status":"closed","ping_status":"closed","template":"","meta":{"_exactmetrics_skip_tracking":false,"_exactmetrics_sitenote_active":false,"_exactmetrics_sitenote_note":"","_exactmetrics_sitenote_category":0},"_links":{"self":[{"href":"https:\/\/www.heliosperdita.com\/index.php?rest_route=\/wp\/v2\/pages\/1818"}],"collection":[{"href":"https:\/\/www.heliosperdita.com\/index.php?rest_route=\/wp\/v2\/pages"}],"about":[{"href":"https:\/\/www.heliosperdita.com\/index.php?rest_route=\/wp\/v2\/types\/page"}],"author":[{"embeddable":true,"href":"https:\/\/www.heliosperdita.com\/index.php?rest_route=\/wp\/v2\/users\/2"}],"replies":[{"embeddable":true,"href":"https:\/\/www.heliosperdita.com\/index.php?rest_route=%2Fwp%2Fv2%2Fcomments&post=1818"}],"version-history":[{"count":26,"href":"https:\/\/www.heliosperdita.com\/index.php?rest_route=\/wp\/v2\/pages\/1818\/revisions"}],"predecessor-version":[{"id":1987,"href":"https:\/\/www.heliosperdita.com\/index.php?rest_route=\/wp\/v2\/pages\/1818\/revisions\/1987"}],"up":[{"embeddable":true,"href":"https:\/\/www.heliosperdita.com\/index.php?rest_route=\/wp\/v2\/pages\/1010"}],"wp:featuredmedia":[{"embeddable":true,"href":"https:\/\/www.heliosperdita.com\/index.php?rest_route=\/wp\/v2\/media\/1885"}],"wp:attachment":[{"href":"https:\/\/www.heliosperdita.com\/index.php?rest_route=%2Fwp%2Fv2%2Fmedia&parent=1818"}],"curies":[{"name":"wp","href":"https:\/\/api.w.org\/{rel}","templated":true}]}}