{"id":1785,"date":"2021-08-13T18:07:05","date_gmt":"2021-08-13T17:07:05","guid":{"rendered":"http:\/\/www.heliosperdita.com\/?page_id=1785"},"modified":"2021-08-13T20:25:24","modified_gmt":"2021-08-13T19:25:24","slug":"le-lucky-lukes-dream","status":"publish","type":"page","link":"https:\/\/www.heliosperdita.com\/?page_id=1785","title":{"rendered":"Le lucky Luke&#8217;s dream"},"content":{"rendered":"<p>Un spectacle de Th\u00e9o Kailer, avec Th\u00e9o Kailer et Luc Lebreton, \u00e0 la guitare Jean Marie Giannelli.<\/p>\n<div id=\"kgvid_kgvid_0_wrapper\" class=\"kgvid_wrapper kgvid_wrapper_auto_left kgvid_wrapper_auto_right\">\n\t\t\t<div id=\"video_kgvid_0_div\" class=\"fitvidsignore kgvid_videodiv\" data-id=\"kgvid_0\" data-kgvid_video_vars=\"{&quot;id&quot;:&quot;kgvid_0&quot;,&quot;attachment_id&quot;:1792,&quot;player_type&quot;:&quot;Video.js v8&quot;,&quot;width&quot;:&quot;556&quot;,&quot;height&quot;:&quot;360&quot;,&quot;fullwidth&quot;:&quot;false&quot;,&quot;fixed_aspect&quot;:&quot;false&quot;,&quot;countable&quot;:true,&quot;count_views&quot;:&quot;quarters&quot;,&quot;start&quot;:&quot;&quot;,&quot;autoplay&quot;:&quot;false&quot;,&quot;pauseothervideos&quot;:&quot;false&quot;,&quot;set_volume&quot;:1,&quot;muted&quot;:&quot;false&quot;,&quot;meta&quot;:false,&quot;endofvideooverlay&quot;:&quot;https:\\\/\\\/www.heliosperdita.com\\\/wp-content\\\/uploads\\\/meet-me-in-the-morning_site-Haut-d\\u00e9bit-faible_thumb86.jpg&quot;,&quot;resize&quot;:&quot;true&quot;,&quot;auto_res&quot;:&quot;automatic&quot;,&quot;pixel_ratio&quot;:&quot;true&quot;,&quot;right_click&quot;:&quot;on&quot;,&quot;playback_rate&quot;:&quot;false&quot;,&quot;title&quot;:&quot;meet me in the morning&quot;,&quot;skip_buttons&quot;:[],&quot;nativecontrolsfortouch&quot;:&quot;true&quot;,&quot;locale&quot;:&quot;fr&quot;,&quot;enable_resolutions_plugin&quot;:false}\" itemprop=\"video\" itemscope itemtype=\"https:\/\/schema.org\/VideoObject\"><meta itemprop=\"thumbnailUrl\" content=\"https:\/\/www.heliosperdita.com\/wp-content\/uploads\/meet-me-in-the-morning_site-Haut-d\u00e9bit-faible_thumb86.jpg\"><meta itemprop=\"embedUrl\" content=\"https:\/\/www.heliosperdita.com\/?attachment_id=1792&#038;videopack%5Benable%5D=true\"><meta itemprop=\"contentUrl\" content=\"https:\/\/www.heliosperdita.com\/wp-content\/uploads\/meet-me-in-the-morning_site-Haut-d\u00e9bit-faible.mp4\"><meta itemprop=\"name\" content=\"meet me in the morning\"><meta itemprop=\"description\" content=\"The lucky Luke&#039;s dream\"><meta itemprop=\"uploadDate\" content=\"2021-08-13T20:17:31+01:00\">\n\t\t\t\t<video id=\"video_kgvid_0\" playsinline controls preload=\"metadata\" poster=\"https:\/\/www.heliosperdita.com\/wp-content\/uploads\/meet-me-in-the-morning_site-Haut-d\u00e9bit-faible_thumb86.jpg\" width=\"556\" height=\"360\" class=\"fitvidsignore video-js kg-video-js-skin\">\n\t\t\t\t\t<source src=\"https:\/\/www.heliosperdita.com\/wp-content\/uploads\/meet-me-in-the-morning_site-Haut-d\u00e9bit-faible.mp4?id=0\" type=\"video\/mp4\" data-res=\"360p\">\n\t\t\t\t<\/video>\n\t\t\t<\/div>\n\t\t\t<div class=\"kgvid_below_video\" id=\"video_kgvid_0_below\"><div class=\"kgvid-caption\" id=\"video_kgvid_0_caption\">The lucky Luke's dream<\/div><\/div>\t\t<\/div>\n","protected":false},"excerpt":{"rendered":"<p>Un spectacle de Th\u00e9o Kailer, avec Th\u00e9o Kailer et Luc Lebreton, \u00e0 la guitare Jean Marie Giannelli.<\/p>\n","protected":false},"author":2,"featured_media":0,"parent":1010,"menu_order":79,"comment_status":"closed","ping_status":"closed","template":"","meta":{"_exactmetrics_skip_tracking":false,"_exactmetrics_sitenote_active":false,"_exactmetrics_sitenote_note":"","_exactmetrics_sitenote_category":0},"_links":{"self":[{"href":"https:\/\/www.heliosperdita.com\/index.php?rest_route=\/wp\/v2\/pages\/1785"}],"collection":[{"href":"https:\/\/www.heliosperdita.com\/index.php?rest_route=\/wp\/v2\/pages"}],"about":[{"href":"https:\/\/www.heliosperdita.com\/index.php?rest_route=\/wp\/v2\/types\/page"}],"author":[{"embeddable":true,"href":"https:\/\/www.heliosperdita.com\/index.php?rest_route=\/wp\/v2\/users\/2"}],"replies":[{"embeddable":true,"href":"https:\/\/www.heliosperdita.com\/index.php?rest_route=%2Fwp%2Fv2%2Fcomments&post=1785"}],"version-history":[{"count":6,"href":"https:\/\/www.heliosperdita.com\/index.php?rest_route=\/wp\/v2\/pages\/1785\/revisions"}],"predecessor-version":[{"id":1787,"href":"https:\/\/www.heliosperdita.com\/index.php?rest_route=\/wp\/v2\/pages\/1785\/revisions\/1787"}],"up":[{"embeddable":true,"href":"https:\/\/www.heliosperdita.com\/index.php?rest_route=\/wp\/v2\/pages\/1010"}],"wp:attachment":[{"href":"https:\/\/www.heliosperdita.com\/index.php?rest_route=%2Fwp%2Fv2%2Fmedia&parent=1785"}],"curies":[{"name":"wp","href":"https:\/\/api.w.org\/{rel}","templated":true}]}}