{"id":177,"date":"2011-02-08T15:51:31","date_gmt":"2011-02-08T14:51:31","guid":{"rendered":"http:\/\/www.tousdifferents.org\/?page_id=177"},"modified":"2023-08-08T09:16:31","modified_gmt":"2023-08-08T08:16:31","slug":"le-malade-imaginaire","status":"publish","type":"page","link":"https:\/\/www.heliosperdita.com\/?page_id=177","title":{"rendered":"Le malade imaginaire"},"content":{"rendered":"<p><em>de Moli\u00e8re<\/em><\/p>\n<p><span style=\"color: #00ffff;\">Mise en sc\u00e8ne <\/span>Th\u00e9o Kailer \u00a0<span style=\"color: #00ffff;\">Sc\u00e9nographie <\/span>Antoine Dervaux\u00a0<span style=\"color: #00ffff;\">Lumi\u00e8re <\/span>P.Y. Toulot \u00a0<span style=\"color: #00ffff;\">Costumes <\/span>Arantxa Etcheverria\u00a0<span style=\"color: #760017;\"><span style=\"color: #00ffff;\">Chor\u00e9graphie et travail vocal<\/span> <\/span>Pascale Degli-Esposti\u00a0<span style=\"color: #760017;\"><span style=\"color: #00ffff;\">Effets sp\u00e9ciaux<\/span> <\/span>Romain Duverne\u00a0<span style=\"color: #760017;\"><span style=\"color: #00ffff;\">Son<\/span> <\/span>Thomas Costerg\u00a0<span style=\"color: #760017;\"><span style=\"color: #00ffff;\">Maquillage<\/span> <\/span>Julie Monot\u00a0<span style=\"color: #760017;\"><span style=\"color: #00ffff;\">Avec<\/span> <\/span>Pascale Degli-Esposti, Amandine Dewasmes, Charles Ginvert, Arnaud Le Glanic, Gilles Levet, Dean Martinez, Manuel Mazaudier, Marie El\u00e9onore Pourtois.<\/p>\n<div id='gallery-1' class='gallery galleryid-177 gallery-columns-2 gallery-size-thumbnail'><figure class='gallery-item'>\n\t\t\t<div class='gallery-icon portrait'>\n\t\t\t\t<a href='https:\/\/www.heliosperdita.com\/wp-content\/uploads\/0019.jpg'><img width=\"100\" height=\"100\" src=\"https:\/\/www.heliosperdita.com\/wp-content\/uploads\/0019-150x150.jpg\" class=\"attachment-thumbnail size-thumbnail\" alt=\"\" decoding=\"async\" loading=\"lazy\" \/><\/a>\n\t\t\t<\/div><\/figure><figure class='gallery-item'>\n\t\t\t<div class='gallery-icon portrait'>\n\t\t\t\t<a href='https:\/\/www.heliosperdita.com\/wp-content\/uploads\/0029.jpg'><img width=\"100\" height=\"100\" src=\"https:\/\/www.heliosperdita.com\/wp-content\/uploads\/0029-150x150.jpg\" class=\"attachment-thumbnail size-thumbnail\" alt=\"\" decoding=\"async\" loading=\"lazy\" \/><\/a>\n\t\t\t<\/div><\/figure><figure class='gallery-item'>\n\t\t\t<div class='gallery-icon landscape'>\n\t\t\t\t<a href='https:\/\/www.heliosperdita.com\/wp-content\/uploads\/0038.jpg'><img width=\"100\" height=\"100\" src=\"https:\/\/www.heliosperdita.com\/wp-content\/uploads\/0038-150x150.jpg\" class=\"attachment-thumbnail size-thumbnail\" alt=\"\" decoding=\"async\" loading=\"lazy\" \/><\/a>\n\t\t\t<\/div><\/figure><figure class='gallery-item'>\n\t\t\t<div class='gallery-icon portrait'>\n\t\t\t\t<a href='https:\/\/www.heliosperdita.com\/wp-content\/uploads\/0047.jpg'><img width=\"100\" height=\"100\" src=\"https:\/\/www.heliosperdita.com\/wp-content\/uploads\/0047-150x150.jpg\" class=\"attachment-thumbnail size-thumbnail\" alt=\"\" decoding=\"async\" loading=\"lazy\" \/><\/a>\n\t\t\t<\/div><\/figure><figure class='gallery-item'>\n\t\t\t<div class='gallery-icon portrait'>\n\t\t\t\t<a href='https:\/\/www.heliosperdita.com\/wp-content\/uploads\/0058.jpg'><img width=\"100\" height=\"100\" src=\"https:\/\/www.heliosperdita.com\/wp-content\/uploads\/0058-150x150.jpg\" class=\"attachment-thumbnail size-thumbnail\" alt=\"\" decoding=\"async\" loading=\"lazy\" \/><\/a>\n\t\t\t<\/div><\/figure><figure class='gallery-item'>\n\t\t\t<div class='gallery-icon portrait'>\n\t\t\t\t<a href='https:\/\/www.heliosperdita.com\/wp-content\/uploads\/0067.jpg'><img width=\"100\" height=\"100\" src=\"https:\/\/www.heliosperdita.com\/wp-content\/uploads\/0067-150x150.jpg\" class=\"attachment-thumbnail size-thumbnail\" alt=\"\" decoding=\"async\" loading=\"lazy\" \/><\/a>\n\t\t\t<\/div><\/figure><figure class='gallery-item'>\n\t\t\t<div class='gallery-icon landscape'>\n\t\t\t\t<a href='https:\/\/www.heliosperdita.com\/wp-content\/uploads\/0077.jpg'><img width=\"100\" height=\"100\" src=\"https:\/\/www.heliosperdita.com\/wp-content\/uploads\/0077-150x150.jpg\" class=\"attachment-thumbnail size-thumbnail\" alt=\"\" decoding=\"async\" loading=\"lazy\" \/><\/a>\n\t\t\t<\/div><\/figure><figure class='gallery-item'>\n\t\t\t<div class='gallery-icon landscape'>\n\t\t\t\t<a href='https:\/\/www.heliosperdita.com\/wp-content\/uploads\/0083.jpg'><img width=\"100\" height=\"100\" src=\"https:\/\/www.heliosperdita.com\/wp-content\/uploads\/0083-150x150.jpg\" class=\"attachment-thumbnail size-thumbnail\" alt=\"\" decoding=\"async\" loading=\"lazy\" \/><\/a>\n\t\t\t<\/div><\/figure><figure class='gallery-item'>\n\t\t\t<div class='gallery-icon landscape'>\n\t\t\t\t<a href='https:\/\/www.heliosperdita.com\/wp-content\/uploads\/fond8.jpg'><img width=\"100\" height=\"100\" src=\"https:\/\/www.heliosperdita.com\/wp-content\/uploads\/fond8-150x150.jpg\" class=\"attachment-thumbnail size-thumbnail\" alt=\"\" decoding=\"async\" loading=\"lazy\" \/><\/a>\n\t\t\t<\/div><\/figure>\n\t\t<\/div>\n\n","protected":false},"excerpt":{"rendered":"<p>de Moli\u00e8re Mise en sc\u00e8ne Th\u00e9o Kailer \u00a0Sc\u00e9nographie Antoine Dervaux\u00a0Lumi\u00e8re P.Y. Toulot \u00a0Costumes Arantxa Etcheverria\u00a0Chor\u00e9graphie et travail vocal Pascale Degli-Esposti\u00a0Effets sp\u00e9ciaux Romain Duverne\u00a0Son Thomas Costerg\u00a0Maquillage Julie Monot\u00a0Avec Pascale Degli-Esposti, Amandine Dewasmes, Charles Ginvert, Arnaud Le Glanic, Gilles Levet, Dean Martinez, Manuel Mazaudier, Marie El\u00e9onore Pourtois.<\/p>\n","protected":false},"author":1,"featured_media":0,"parent":1007,"menu_order":95,"comment_status":"closed","ping_status":"closed","template":"","meta":{"_exactmetrics_skip_tracking":false,"_exactmetrics_sitenote_active":false,"_exactmetrics_sitenote_note":"","_exactmetrics_sitenote_category":0},"_links":{"self":[{"href":"https:\/\/www.heliosperdita.com\/index.php?rest_route=\/wp\/v2\/pages\/177"}],"collection":[{"href":"https:\/\/www.heliosperdita.com\/index.php?rest_route=\/wp\/v2\/pages"}],"about":[{"href":"https:\/\/www.heliosperdita.com\/index.php?rest_route=\/wp\/v2\/types\/page"}],"author":[{"embeddable":true,"href":"https:\/\/www.heliosperdita.com\/index.php?rest_route=\/wp\/v2\/users\/1"}],"replies":[{"embeddable":true,"href":"https:\/\/www.heliosperdita.com\/index.php?rest_route=%2Fwp%2Fv2%2Fcomments&post=177"}],"version-history":[{"count":11,"href":"https:\/\/www.heliosperdita.com\/index.php?rest_route=\/wp\/v2\/pages\/177\/revisions"}],"predecessor-version":[{"id":1030,"href":"https:\/\/www.heliosperdita.com\/index.php?rest_route=\/wp\/v2\/pages\/177\/revisions\/1030"}],"up":[{"embeddable":true,"href":"https:\/\/www.heliosperdita.com\/index.php?rest_route=\/wp\/v2\/pages\/1007"}],"wp:attachment":[{"href":"https:\/\/www.heliosperdita.com\/index.php?rest_route=%2Fwp%2Fv2%2Fmedia&parent=177"}],"curies":[{"name":"wp","href":"https:\/\/api.w.org\/{rel}","templated":true}]}}