{"id":1712,"date":"2016-11-13T23:15:01","date_gmt":"2016-11-13T22:15:01","guid":{"rendered":"http:\/\/www.heliosperdita.com\/?page_id=1712"},"modified":"2017-04-19T15:33:53","modified_gmt":"2017-04-19T14:33:53","slug":"laffaire-kohlhaas","status":"publish","type":"page","link":"https:\/\/www.heliosperdita.com\/?page_id=1712","title":{"rendered":"L&#8217; Affaire Kohlhaas"},"content":{"rendered":"<p>&nbsp;<\/p>\n<h2>Texte de Werner Kolk et Th\u00e9o Kailer d&#8217;apr\u00e8s la nouvelle de Heinrich von Kleist Michael Kohlhaas.<\/h2>\n<h2>avec Antonia Buresi, Val\u00e9rie Furiosi, Th\u00e9o Kailer et la participation musicale de Jean Marie Giannelli.<\/h2>\n<div id=\"kgvid_kgvid_0_wrapper\" class=\"kgvid_wrapper kgvid_wrapper_auto_left kgvid_wrapper_auto_right\">\n\t\t\t<div id=\"video_kgvid_0_div\" class=\"fitvidsignore kgvid_videodiv\" data-id=\"kgvid_0\" data-kgvid_video_vars=\"{&quot;id&quot;:&quot;kgvid_0&quot;,&quot;attachment_id&quot;:1729,&quot;player_type&quot;:&quot;Video.js v8&quot;,&quot;width&quot;:&quot;640&quot;,&quot;height&quot;:&quot;360&quot;,&quot;fullwidth&quot;:&quot;false&quot;,&quot;fixed_aspect&quot;:&quot;false&quot;,&quot;countable&quot;:true,&quot;count_views&quot;:&quot;quarters&quot;,&quot;start&quot;:&quot;&quot;,&quot;autoplay&quot;:&quot;false&quot;,&quot;pauseothervideos&quot;:&quot;false&quot;,&quot;set_volume&quot;:1,&quot;muted&quot;:&quot;false&quot;,&quot;meta&quot;:false,&quot;endofvideooverlay&quot;:&quot;https:\\\/\\\/www.heliosperdita.com\\\/wp-content\\\/uploads\\\/Teaser_Corte_5-Wi-Fi-faible_thumb3.jpg&quot;,&quot;resize&quot;:&quot;true&quot;,&quot;auto_res&quot;:&quot;automatic&quot;,&quot;pixel_ratio&quot;:&quot;true&quot;,&quot;right_click&quot;:&quot;on&quot;,&quot;playback_rate&quot;:&quot;false&quot;,&quot;title&quot;:&quot;teaser_corte_5-wi-fi-faible&quot;,&quot;skip_buttons&quot;:[],&quot;nativecontrolsfortouch&quot;:&quot;true&quot;,&quot;locale&quot;:&quot;fr&quot;,&quot;enable_resolutions_plugin&quot;:false}\" itemprop=\"video\" itemscope itemtype=\"https:\/\/schema.org\/VideoObject\"><meta itemprop=\"thumbnailUrl\" content=\"https:\/\/www.heliosperdita.com\/wp-content\/uploads\/Teaser_Corte_5-Wi-Fi-faible_thumb3.jpg\"><meta itemprop=\"embedUrl\" content=\"https:\/\/www.heliosperdita.com\/?attachment_id=1729&#038;videopack%5Benable%5D=true\"><meta itemprop=\"contentUrl\" content=\"https:\/\/www.heliosperdita.com\/wp-content\/uploads\/Teaser_Corte_5-Wi-Fi-faible.mp4\"><meta itemprop=\"name\" content=\"teaser_corte_5-wi-fi-faible\"><meta itemprop=\"description\" content=\"&lt;a href=&quot;http:\/\/www.heliosperdita.com\/?page_id=1712&quot; title=&quot;L\u2019 Affaire Kohlhaas&quot;&gt;&lt;\/a&gt;\"><meta itemprop=\"uploadDate\" content=\"2016-12-10T22:52:24+01:00\">\n\t\t\t\t<video id=\"video_kgvid_0\" playsinline controls preload=\"metadata\" poster=\"https:\/\/www.heliosperdita.com\/wp-content\/uploads\/Teaser_Corte_5-Wi-Fi-faible_thumb3.jpg\" width=\"640\" height=\"360\" class=\"fitvidsignore video-js kg-video-js-skin\">\n\t\t\t\t\t<source src=\"https:\/\/www.heliosperdita.com\/wp-content\/uploads\/Teaser_Corte_5-Wi-Fi-faible.mp4?id=0\" type=\"video\/mp4\" data-res=\"360p\">\n\t\t\t\t<\/video>\n\t\t\t<\/div>\n\t\t<\/div>\n<p>&nbsp;<\/p>\n<p>&nbsp;<\/p>\n<p>&nbsp;<\/p>\n","protected":false},"excerpt":{"rendered":"<p>&nbsp; Texte de Werner Kolk et Th\u00e9o Kailer d&#8217;apr\u00e8s la nouvelle de Heinrich von Kleist Michael Kohlhaas. avec Antonia Buresi, Val\u00e9rie Furiosi, Th\u00e9o Kailer et la participation musicale de Jean Marie Giannelli. &nbsp; &nbsp; &nbsp;<\/p>\n","protected":false},"author":2,"featured_media":0,"parent":1010,"menu_order":81,"comment_status":"closed","ping_status":"closed","template":"","meta":{"_exactmetrics_skip_tracking":false,"_exactmetrics_sitenote_active":false,"_exactmetrics_sitenote_note":"","_exactmetrics_sitenote_category":0},"_links":{"self":[{"href":"https:\/\/www.heliosperdita.com\/index.php?rest_route=\/wp\/v2\/pages\/1712"}],"collection":[{"href":"https:\/\/www.heliosperdita.com\/index.php?rest_route=\/wp\/v2\/pages"}],"about":[{"href":"https:\/\/www.heliosperdita.com\/index.php?rest_route=\/wp\/v2\/types\/page"}],"author":[{"embeddable":true,"href":"https:\/\/www.heliosperdita.com\/index.php?rest_route=\/wp\/v2\/users\/2"}],"replies":[{"embeddable":true,"href":"https:\/\/www.heliosperdita.com\/index.php?rest_route=%2Fwp%2Fv2%2Fcomments&post=1712"}],"version-history":[{"count":15,"href":"https:\/\/www.heliosperdita.com\/index.php?rest_route=\/wp\/v2\/pages\/1712\/revisions"}],"predecessor-version":[{"id":1736,"href":"https:\/\/www.heliosperdita.com\/index.php?rest_route=\/wp\/v2\/pages\/1712\/revisions\/1736"}],"up":[{"embeddable":true,"href":"https:\/\/www.heliosperdita.com\/index.php?rest_route=\/wp\/v2\/pages\/1010"}],"wp:attachment":[{"href":"https:\/\/www.heliosperdita.com\/index.php?rest_route=%2Fwp%2Fv2%2Fmedia&parent=1712"}],"curies":[{"name":"wp","href":"https:\/\/api.w.org\/{rel}","templated":true}]}}