{"id":154,"date":"2011-02-08T15:31:05","date_gmt":"2011-02-08T14:31:05","guid":{"rendered":"http:\/\/www.tousdifferents.org\/?page_id=154"},"modified":"2023-08-08T09:16:04","modified_gmt":"2023-08-08T08:16:04","slug":"le-songe-dune-nuit-dete","status":"publish","type":"page","link":"https:\/\/www.heliosperdita.com\/?page_id=154","title":{"rendered":"Le songe d&#8217;une nuit d&#8217;\u00e9t\u00e9"},"content":{"rendered":"<p><em>de W. Shakespeare<\/em><\/p>\n<p><span style=\"color: #760017;\"><span style=\"color: #00ffff;\">Mise en sc\u00e8ne et sc\u00e9nographie<\/span> <\/span>Th\u00e9o Kailer\u00a0<span style=\"color: #760017;\"><span style=\"color: #00ffff;\">Lumi\u00e8re et <\/span><span style=\"color: #00ffff;\">vid\u00e9o <\/span><\/span>Pierre Yves Toulot\u00a0<span style=\"color: #760017;\"><span style=\"color: #00ffff;\">Son<\/span> <\/span>Arnaud Laurens\u00a0<span style=\"color: #760017;\"><span style=\"color: #00ffff;\">Costumes<\/span> <\/span>Brigitte Lauber\u00a0<span style=\"color: #760017;\"><span style=\"color: #00ffff;\">R\u00e9gie g\u00e9n\u00e9rale<\/span> <\/span>Bruno Girard\u00a0<span style=\"color: #760017;\"><span style=\"color: #00ffff;\">Administration de production<\/span> <\/span>Val\u00e9rie Moy<\/p>\n<p><span style=\"color: #00ffff;\">avec <\/span>Oberon, \u00a0Yann de Graval\/ Puck, \u00a0Sandrine Barciet \/ Titania, \u00a0Val\u00e9rie Furiosi \/ La\u00a0F\u00e9e, \u00a0Pascale Degli Espoti \/ Th\u00e9s\u00e9e, \u00a0Th\u00e9o Kailer \/ Hermia, \u00a0Marianne Amy \/ Helena, \u00a0Karine Yvart\/ Demetrius, \u00a0Laurent Pr\u00e9vot \/ Lysandre, Manuel Broche \/ Quince, Gilles Velay \/ Bottom, Denis L\u00e9ger Milhaud<br \/>\n<span style=\"color: #00ffff;\">Merci \u00e0 : <\/span>Antoine Dervaux\u00a0<span style=\"color: #00ffff;\">avec la participation de : <\/span>S. Barb\u00e9, A. Lemeunier, J.J. Savel, A. Zonza<\/p>\n<p><object width=\"400\" height=\"400\" classid=\"clsid:d27cdb6e-ae6d-11cf-96b8-444553540000\" codebase=\"http:\/\/download.macromedia.com\/pub\/shockwave\/cabs\/flash\/swflash.cab#version=6,0,40,0\"><param name=\"src\" value=\".\/le songe.swf\" \/><embed width=\"400\" height=\"400\" type=\"application\/x-shockwave-flash\" src=\".\/le songe.swf\" \/><\/object><\/p>\n","protected":false},"excerpt":{"rendered":"<p>de W. Shakespeare Mise en sc\u00e8ne et sc\u00e9nographie Th\u00e9o Kailer\u00a0Lumi\u00e8re et vid\u00e9o Pierre Yves Toulot\u00a0Son Arnaud Laurens\u00a0Costumes Brigitte Lauber\u00a0R\u00e9gie g\u00e9n\u00e9rale Bruno Girard\u00a0Administration de production Val\u00e9rie Moy avec Oberon, \u00a0Yann de Graval\/ Puck, \u00a0Sandrine Barciet \/ Titania, \u00a0Val\u00e9rie Furiosi \/ La\u00a0F\u00e9e, \u00a0Pascale Degli Espoti \/ Th\u00e9s\u00e9e, \u00a0Th\u00e9o Kailer \/ Hermia, \u00a0Marianne Amy \/ Helena, \u00a0Karine Yvart\/ [&hellip;]<\/p>\n","protected":false},"author":1,"featured_media":0,"parent":1007,"menu_order":93,"comment_status":"closed","ping_status":"closed","template":"","meta":{"_exactmetrics_skip_tracking":false,"_exactmetrics_sitenote_active":false,"_exactmetrics_sitenote_note":"","_exactmetrics_sitenote_category":0},"_links":{"self":[{"href":"https:\/\/www.heliosperdita.com\/index.php?rest_route=\/wp\/v2\/pages\/154"}],"collection":[{"href":"https:\/\/www.heliosperdita.com\/index.php?rest_route=\/wp\/v2\/pages"}],"about":[{"href":"https:\/\/www.heliosperdita.com\/index.php?rest_route=\/wp\/v2\/types\/page"}],"author":[{"embeddable":true,"href":"https:\/\/www.heliosperdita.com\/index.php?rest_route=\/wp\/v2\/users\/1"}],"replies":[{"embeddable":true,"href":"https:\/\/www.heliosperdita.com\/index.php?rest_route=%2Fwp%2Fv2%2Fcomments&post=154"}],"version-history":[{"count":22,"href":"https:\/\/www.heliosperdita.com\/index.php?rest_route=\/wp\/v2\/pages\/154\/revisions"}],"predecessor-version":[{"id":1855,"href":"https:\/\/www.heliosperdita.com\/index.php?rest_route=\/wp\/v2\/pages\/154\/revisions\/1855"}],"up":[{"embeddable":true,"href":"https:\/\/www.heliosperdita.com\/index.php?rest_route=\/wp\/v2\/pages\/1007"}],"wp:attachment":[{"href":"https:\/\/www.heliosperdita.com\/index.php?rest_route=%2Fwp%2Fv2%2Fmedia&parent=154"}],"curies":[{"name":"wp","href":"https:\/\/api.w.org\/{rel}","templated":true}]}}