{"id":1529,"date":"2014-06-25T09:47:31","date_gmt":"2014-06-25T08:47:31","guid":{"rendered":"http:\/\/www.heliosperdita.com\/?page_id=1529"},"modified":"2016-04-25T13:55:06","modified_gmt":"2016-04-25T12:55:06","slug":"breve-histoire-abracadabrantesque-du-theatre","status":"publish","type":"page","link":"https:\/\/www.heliosperdita.com\/?page_id=1529","title":{"rendered":"Br\u00e8ve histoire abracadabrantesque du Th\u00e9\u00e2tre."},"content":{"rendered":"<h2><span style=\"color: #00ffff;\"><div id=\"kgvid_kgvid_0_wrapper\" class=\"kgvid_wrapper kgvid_wrapper_auto_left kgvid_wrapper_auto_right\">\n\t\t\t<div id=\"video_kgvid_0_div\" class=\"fitvidsignore kgvid_videodiv\" data-id=\"kgvid_0\" data-kgvid_video_vars=\"{&quot;id&quot;:&quot;kgvid_0&quot;,&quot;attachment_id&quot;:1596,&quot;player_type&quot;:&quot;Video.js v8&quot;,&quot;width&quot;:&quot;640&quot;,&quot;height&quot;:&quot;360&quot;,&quot;fullwidth&quot;:&quot;false&quot;,&quot;fixed_aspect&quot;:&quot;false&quot;,&quot;countable&quot;:true,&quot;count_views&quot;:&quot;quarters&quot;,&quot;start&quot;:&quot;&quot;,&quot;autoplay&quot;:&quot;false&quot;,&quot;pauseothervideos&quot;:&quot;false&quot;,&quot;set_volume&quot;:1,&quot;muted&quot;:&quot;false&quot;,&quot;meta&quot;:false,&quot;endofvideooverlay&quot;:&quot;https:\\\/\\\/www.heliosperdita.com\\\/wp-content\\\/uploads\\\/Breve_4-Wi-Fi-faible_thumb3.jpg&quot;,&quot;resize&quot;:&quot;true&quot;,&quot;auto_res&quot;:&quot;automatic&quot;,&quot;pixel_ratio&quot;:&quot;true&quot;,&quot;right_click&quot;:&quot;on&quot;,&quot;playback_rate&quot;:&quot;false&quot;,&quot;title&quot;:&quot;Breve_4&#039;-Wi-Fi - faible&quot;,&quot;skip_buttons&quot;:[],&quot;nativecontrolsfortouch&quot;:&quot;true&quot;,&quot;locale&quot;:&quot;fr&quot;,&quot;enable_resolutions_plugin&quot;:false}\" itemprop=\"video\" itemscope itemtype=\"https:\/\/schema.org\/VideoObject\"><meta itemprop=\"thumbnailUrl\" content=\"https:\/\/www.heliosperdita.com\/wp-content\/uploads\/Breve_4-Wi-Fi-faible_thumb3.jpg\"><meta itemprop=\"embedUrl\" content=\"https:\/\/www.heliosperdita.com\/?attachment_id=1596&#038;videopack%5Benable%5D=true\"><meta itemprop=\"contentUrl\" content=\"https:\/\/www.heliosperdita.com\/wp-content\/uploads\/Breve_4-Wi-Fi-faible.mp4\"><meta itemprop=\"name\" content=\"Breve_4&#039;-Wi-Fi - faible\"><meta itemprop=\"description\" content=\"Vid\u00e9o\"><meta itemprop=\"uploadDate\" content=\"2014-12-15T16:46:18+01:00\">\n\t\t\t\t<video id=\"video_kgvid_0\" playsinline controls preload=\"metadata\" poster=\"https:\/\/www.heliosperdita.com\/wp-content\/uploads\/Breve_4-Wi-Fi-faible_thumb3.jpg\" width=\"640\" height=\"360\" class=\"fitvidsignore video-js kg-video-js-skin\">\n\t\t\t\t\t<source src=\"https:\/\/www.heliosperdita.com\/wp-content\/uploads\/Breve_4-Wi-Fi-faible.mp4?id=0\" type=\"video\/mp4\" data-res=\"360p\">\n\t\t\t\t<\/video>\n\t\t\t<\/div>\n\t\t<\/div><br \/>\nCon\u00e7u et mis en sc\u00e8ne par<\/span> Th\u00e9o Kailer <span style=\"color: #00ffff;\">avec selon la version,<\/span>\u00a0Antonia Buresi ou Charles Antoine Sanchez,\u00a0<span style=\"font-size: 1em; line-height: 1.5em;\">J\u00e9r\u00e9mie ou Luc Lebreton,\u00a0<\/span><span style=\"font-size: 1em; line-height: 1.5em;\">Th\u00e9o Kailer<\/span><span style=\"font-size: 1em; line-height: 1.5em;\">. Les voix de Val\u00e9rie Furiosi et Werner Kolk. <span style=\"color: #00ffff;\">R\u00e9gie son<\/span> Fred Lucchini, <span style=\"color: #00ffff;\">R\u00e9gie Lumi\u00e8re<\/span> Hubert Jappelle.<\/span><span style=\"font-size: 1em; line-height: 1.5em;\">\u00a0<\/span><span style=\"font-size: 1em; line-height: 1.5em;\"><span style=\"color: #00ffff;\">Administration de production<\/span> Val\u00e9rie Moy.<\/span><\/h2>\n<h1 style=\"text-align: center;\"><\/h1>\n<p>&nbsp;<\/p>\n<h1 style=\"text-align: center;\"><span style=\"color: #c0c0c0;\"><a title=\"Teaser 20'Br\u00e9ve...\" href=\" http:\/\/youtu.be\/dNuwUzIwgC8\"><span style=\"color: #c0c0c0;\">Teaser 20&#8242;<\/span><\/a><\/span><\/h1>\n<h1 style=\"text-align: center;\"><span style=\"color: #c0c0c0;\"><a title=\"Presse\" href=\"http:\/\/www.heliosperdita.com\/?page_id=11\" target=\"_blank\"><span style=\"color: #c0c0c0;\"><i>Presse<\/i><\/span><\/a><\/span><\/h1>\n<h1 style=\"text-align: center;\"><\/h1>\n<p><i>\u00a0<\/i><\/p>\n<h1 style=\"text-align: center;\"><\/h1>\n<p style=\"text-align: center;\"><a title=\"Pr\u00e9sentation 20'Br\u00e9ve...\" href=\"http:\/\/youtu.be\/5S1cpkY_1Uc\"><div id='gallery-1' class='gallery galleryid-1529 gallery-columns-3 gallery-size-thumbnail'><figure class='gallery-item'>\n\t\t\t<div class='gallery-icon landscape'>\n\t\t\t\t<a href='https:\/\/www.heliosperdita.com\/?attachment_id=1687'><img width=\"100\" height=\"100\" src=\"https:\/\/www.heliosperdita.com\/wp-content\/uploads\/Esclave-100x100-1461579957.jpg\" class=\"attachment-thumbnail size-thumbnail\" alt=\"\" decoding=\"async\" loading=\"lazy\" \/><\/a>\n\t\t\t<\/div><\/figure><figure class='gallery-item'>\n\t\t\t<div class='gallery-icon landscape'>\n\t\t\t\t<a href='https:\/\/www.heliosperdita.com\/?attachment_id=1692'><img width=\"100\" height=\"100\" src=\"https:\/\/www.heliosperdita.com\/wp-content\/uploads\/Se-Tchouan-100x100-1461579822.jpg\" class=\"attachment-thumbnail size-thumbnail\" alt=\"\" decoding=\"async\" loading=\"lazy\" \/><\/a>\n\t\t\t<\/div><\/figure><figure class='gallery-item'>\n\t\t\t<div class='gallery-icon landscape'>\n\t\t\t\t<a href='https:\/\/www.heliosperdita.com\/?attachment_id=1691'><img width=\"100\" height=\"100\" src=\"https:\/\/www.heliosperdita.com\/wp-content\/uploads\/Porc-trait-100x100-1461579782.jpg\" class=\"attachment-thumbnail size-thumbnail\" alt=\"\" decoding=\"async\" loading=\"lazy\" \/><\/a>\n\t\t\t<\/div><\/figure><figure class='gallery-item'>\n\t\t\t<div class='gallery-icon landscape'>\n\t\t\t\t<a href='https:\/\/www.heliosperdita.com\/?attachment_id=1694'><img width=\"100\" height=\"100\" src=\"https:\/\/www.heliosperdita.com\/wp-content\/uploads\/Tais-toi-100x100-1461579704.jpg\" class=\"attachment-thumbnail size-thumbnail\" alt=\"\" decoding=\"async\" loading=\"lazy\" \/><\/a>\n\t\t\t<\/div><\/figure><figure class='gallery-item'>\n\t\t\t<div class='gallery-icon landscape'>\n\t\t\t\t<a href='https:\/\/www.heliosperdita.com\/?attachment_id=1686'><img width=\"100\" height=\"100\" src=\"https:\/\/www.heliosperdita.com\/wp-content\/uploads\/Ah-100x100-1461579985.jpg\" class=\"attachment-thumbnail size-thumbnail\" alt=\"\" decoding=\"async\" loading=\"lazy\" \/><\/a>\n\t\t\t<\/div><\/figure><figure class='gallery-item'>\n\t\t\t<div class='gallery-icon landscape'>\n\t\t\t\t<a href='https:\/\/www.heliosperdita.com\/?attachment_id=1690'><img width=\"100\" height=\"100\" src=\"https:\/\/www.heliosperdita.com\/wp-content\/uploads\/Menade-100x100-1461579927.jpg\" class=\"attachment-thumbnail size-thumbnail\" alt=\"\" decoding=\"async\" loading=\"lazy\" \/><\/a>\n\t\t\t<\/div><\/figure><figure class='gallery-item'>\n\t\t\t<div class='gallery-icon landscape'>\n\t\t\t\t<a href='https:\/\/www.heliosperdita.com\/?attachment_id=1689'><img width=\"100\" height=\"100\" src=\"https:\/\/www.heliosperdita.com\/wp-content\/uploads\/Menade_2-100x100-1461579903.jpg\" class=\"attachment-thumbnail size-thumbnail\" alt=\"\" decoding=\"async\" loading=\"lazy\" \/><\/a>\n\t\t\t<\/div><\/figure><figure class='gallery-item'>\n\t\t\t<div class='gallery-icon landscape'>\n\t\t\t\t<a href='https:\/\/www.heliosperdita.com\/?attachment_id=1693'><img width=\"100\" height=\"100\" src=\"https:\/\/www.heliosperdita.com\/wp-content\/uploads\/Somebody-100x100-1461579742.jpg\" class=\"attachment-thumbnail size-thumbnail\" alt=\"\" decoding=\"async\" loading=\"lazy\" \/><\/a>\n\t\t\t<\/div><\/figure><figure class='gallery-item'>\n\t\t\t<div class='gallery-icon landscape'>\n\t\t\t\t<a href='https:\/\/www.heliosperdita.com\/?attachment_id=1688'><img width=\"100\" height=\"100\" src=\"https:\/\/www.heliosperdita.com\/wp-content\/uploads\/le-pape-100x100-1461579865.jpg\" class=\"attachment-thumbnail size-thumbnail\" alt=\"\" decoding=\"async\" loading=\"lazy\" \/><\/a>\n\t\t\t<\/div><\/figure>\n\t\t<\/div>\n<\/p>\n<p><\/a><\/p>\n<p>&nbsp;<\/p>\n<p><a href=\"http:\/\/www.heliosperdita.com\/wp-content\/uploads\/P1140634.jpg\"><img decoding=\"async\" loading=\"lazy\" class=\"size-thumbnail wp-image-1555 alignleft\" alt=\"Br\u00e8ve histoire abracadabrantesque du Th\u00e9\u00e2tre\" src=\"http:\/\/www.heliosperdita.com\/wp-content\/uploads\/P1140634-100x100-1406064128.jpg\" width=\"100\" height=\"100\" \/><\/a><\/p>\n<p><a href=\"http:\/\/www.heliosperdita.com\/wp-content\/uploads\/P1140486.jpg\"><img decoding=\"async\" loading=\"lazy\" class=\"size-thumbnail wp-image-1544 alignleft\" alt=\"Br\u00e8ve histoire abracadabrantesque du Th\u00e9\u00e2tre\" src=\"http:\/\/www.heliosperdita.com\/wp-content\/uploads\/P1140486-100x100-1406061172.jpg\" width=\"100\" height=\"100\" \/><\/a><a href=\"http:\/\/www.heliosperdita.com\/wp-content\/uploads\/P1140546.jpg\"><img decoding=\"async\" loading=\"lazy\" class=\"size-thumbnail wp-image-1549 alignleft\" alt=\"Br\u00e8ve histoire abracadabrantesque du Th\u00e9\u00e2tre\" src=\"http:\/\/www.heliosperdita.com\/wp-content\/uploads\/P1140546-100x100-1406064184.jpg\" width=\"100\" height=\"100\" \/><\/a> <a href=\"http:\/\/www.heliosperdita.com\/wp-content\/uploads\/P1140490.jpg\"><img decoding=\"async\" loading=\"lazy\" class=\"size-thumbnail wp-image-1545 alignleft\" alt=\"Br\u00e8ve histoire abracadabrantesque du Th\u00e9\u00e2tre\" src=\"http:\/\/www.heliosperdita.com\/wp-content\/uploads\/P1140490-100x100-1406060974.jpg\" width=\"100\" height=\"100\" \/><\/a> <a href=\"http:\/\/www.heliosperdita.com\/wp-content\/uploads\/P1140514.jpg\"><img decoding=\"async\" loading=\"lazy\" class=\"size-thumbnail wp-image-1546 alignleft\" alt=\"Br\u00e8ve histoire abracadabrantesque du Th\u00e9\u00e2tre\" src=\"http:\/\/www.heliosperdita.com\/wp-content\/uploads\/P1140514-100x100-1406061071.jpg\" width=\"100\" height=\"100\" \/><\/a> <a href=\"http:\/\/www.heliosperdita.com\/wp-content\/uploads\/P1140534.jpg\"><img decoding=\"async\" loading=\"lazy\" class=\"size-thumbnail wp-image-1547 alignleft\" alt=\"Br\u00e8ve histoire abracadabrantesque du Th\u00e9\u00e2tre\" src=\"http:\/\/www.heliosperdita.com\/wp-content\/uploads\/P1140534-100x100-1406055880.jpg\" width=\"100\" height=\"100\" \/><\/a><\/p>\n<p><a style=\"line-height: 1.5em;\" href=\"http:\/\/www.heliosperdita.com\/wp-content\/uploads\/P1140601.jpg\"><img decoding=\"async\" loading=\"lazy\" class=\"size-thumbnail wp-image-1553 alignleft\" alt=\"Br\u00e8ve histoire abracadabrantesque du Th\u00e9\u00e2tre\" src=\"http:\/\/www.heliosperdita.com\/wp-content\/uploads\/P1140601-100x100-1406062360.jpg\" width=\"100\" height=\"100\" \/><\/a><\/p>\n<p><a href=\"http:\/\/www.heliosperdita.com\/wp-content\/uploads\/P1140630.jpg\"><img decoding=\"async\" loading=\"lazy\" class=\"size-thumbnail wp-image-1554 alignleft\" alt=\"Br\u00e8ve histoire abracadabrantesque du Th\u00e9\u00e2tre\" src=\"http:\/\/www.heliosperdita.com\/wp-content\/uploads\/P1140630-100x100-1406055562.jpg\" width=\"100\" height=\"100\" \/><\/a> <a href=\"http:\/\/www.heliosperdita.com\/wp-content\/uploads\/P1140544.jpg\"><img decoding=\"async\" loading=\"lazy\" class=\"size-thumbnail wp-image-1548 alignleft\" alt=\"Br\u00e8ve histoire abracadabrantesque du Th\u00e9\u00e2tre\" src=\"http:\/\/www.heliosperdita.com\/wp-content\/uploads\/P1140544-100x100-1406055816.jpg\" width=\"100\" height=\"100\" \/><\/a> <a href=\"http:\/\/www.heliosperdita.com\/wp-content\/uploads\/P1140586.jpg\"><img decoding=\"async\" loading=\"lazy\" class=\"size-thumbnail wp-image-1551 alignleft\" alt=\"Br\u00e8ve histoire abracadabrantesque du Th\u00e9\u00e2tre\" src=\"http:\/\/www.heliosperdita.com\/wp-content\/uploads\/P1140586-100x100-1406055669.jpg\" width=\"100\" height=\"100\" \/><\/a> <a href=\"http:\/\/www.heliosperdita.com\/wp-content\/uploads\/P1140552.jpg\"><img decoding=\"async\" loading=\"lazy\" class=\"size-thumbnail wp-image-1550 alignleft\" alt=\"Br\u00e8ve histoire abracadabrantesque du Th\u00e9\u00e2tre\" src=\"http:\/\/www.heliosperdita.com\/wp-content\/uploads\/P1140552-100x100-1406061125.jpg\" width=\"100\" height=\"100\" \/><\/a><a href=\"http:\/\/www.heliosperdita.com\/wp-content\/uploads\/P1140594.jpg\"><img decoding=\"async\" loading=\"lazy\" class=\"size-thumbnail wp-image-1552 alignleft\" alt=\"Br\u00e8ve histoire abracadabrantesque du Th\u00e9\u00e2tre\" src=\"http:\/\/www.heliosperdita.com\/wp-content\/uploads\/P1140594-100x100-1406055629.jpg\" width=\"100\" height=\"100\" \/><\/a><\/p>\n","protected":false},"excerpt":{"rendered":"<p>Con\u00e7u et mis en sc\u00e8ne par Th\u00e9o Kailer avec selon la version,\u00a0Antonia Buresi ou Charles Antoine Sanchez,\u00a0J\u00e9r\u00e9mie ou Luc Lebreton,\u00a0Th\u00e9o Kailer. Les voix de Val\u00e9rie Furiosi et Werner Kolk. R\u00e9gie son Fred Lucchini, R\u00e9gie Lumi\u00e8re Hubert Jappelle.\u00a0Administration de production Val\u00e9rie Moy. &nbsp; Teaser 20&#8242; Presse \u00a0 &nbsp;<\/p>\n","protected":false},"author":2,"featured_media":0,"parent":1010,"menu_order":82,"comment_status":"closed","ping_status":"closed","template":"","meta":{"_exactmetrics_skip_tracking":false,"_exactmetrics_sitenote_active":false,"_exactmetrics_sitenote_note":"","_exactmetrics_sitenote_category":0},"_links":{"self":[{"href":"https:\/\/www.heliosperdita.com\/index.php?rest_route=\/wp\/v2\/pages\/1529"}],"collection":[{"href":"https:\/\/www.heliosperdita.com\/index.php?rest_route=\/wp\/v2\/pages"}],"about":[{"href":"https:\/\/www.heliosperdita.com\/index.php?rest_route=\/wp\/v2\/types\/page"}],"author":[{"embeddable":true,"href":"https:\/\/www.heliosperdita.com\/index.php?rest_route=\/wp\/v2\/users\/2"}],"replies":[{"embeddable":true,"href":"https:\/\/www.heliosperdita.com\/index.php?rest_route=%2Fwp%2Fv2%2Fcomments&post=1529"}],"version-history":[{"count":47,"href":"https:\/\/www.heliosperdita.com\/index.php?rest_route=\/wp\/v2\/pages\/1529\/revisions"}],"predecessor-version":[{"id":1681,"href":"https:\/\/www.heliosperdita.com\/index.php?rest_route=\/wp\/v2\/pages\/1529\/revisions\/1681"}],"up":[{"embeddable":true,"href":"https:\/\/www.heliosperdita.com\/index.php?rest_route=\/wp\/v2\/pages\/1010"}],"wp:attachment":[{"href":"https:\/\/www.heliosperdita.com\/index.php?rest_route=%2Fwp%2Fv2%2Fmedia&parent=1529"}],"curies":[{"name":"wp","href":"https:\/\/api.w.org\/{rel}","templated":true}]}}