{"id":1473,"date":"2013-12-06T17:45:45","date_gmt":"2013-12-06T15:45:45","guid":{"rendered":"http:\/\/www.heliosperdita.com\/?page_id=1473"},"modified":"2015-01-06T10:59:37","modified_gmt":"2015-01-06T09:59:37","slug":"agnes-3652","status":"publish","type":"page","link":"https:\/\/www.heliosperdita.com\/?page_id=1473","title":{"rendered":"Agn\u00e8s -3652."},"content":{"rendered":"<h2><span style=\"color: #808080;\">D&#8217;apr\u00e8s &#8220;L&#8217;\u00e9cole des femmes de Moli\u00e8re&#8221; &amp; &#8220;Brefs entretiens avec des hommes hideux&#8221; de David Foster Wallace.\u00a0<\/span><\/h2>\n<h4><span style=\"color: #00ffff;\">Mise en sc\u00e8ne, sc\u00e9nographie<\/span> Th\u00e9o Kailer.\u00a0<span style=\"color: #00ffff;\">Dramaturg<\/span>\u00a0Werner Kolk. \u00a0<span style=\"color: #00ffff;\">Lumi\u00e8re, programmation vid\u00e9o et aide \u00e0 la conception<\/span> \u00a0Pierre Yves Toulot.\u00a0<span style=\"color: #00ffff;\">R\u00e9alisation sonore<\/span> Th\u00e9o Kailer, Fabrice Bonelli. <span style=\"color: #00ffff;\">Avec<\/span>\u00a0Val\u00e9rie Furiosi, Th\u00e9o Kailer et la participation de trois \u00e9l\u00e8ves du coll\u00e8ge Laetitia d&#8217;Ajaccio, C\u00e9lia Baude, Coralie Bellotti, Alexia Caamano.\u00a0<span style=\"color: #00ffff;\">Administration de production\u00a0<\/span>Val\u00e9rie Moy. <span style=\"color: #00ffff;\">Assistante<\/span> Christine Fischer. Merci \u00e0 Guillaume Captier.<\/h4>\n<h2><span style=\"font-size: 13px; font-weight: normal;\">Captation vid\u00e9o r\u00e9alis\u00e9e par L\u00e9onor Husson.<\/span><\/h2>\n<p>Produit par la Cie heliosperdita avec le soutien des affaires culturelles de la Ville d&#8217;Ajaccio, de la Collectivit\u00e9 territoriale de Corse. Merci \u00e0 la mairie de Sarrola Carcopino.<\/p>\n<h1 style=\"text-align: center;\"><a href=\"http:\/\/www.heliosperdita.com\/?page_id=11\"><span style=\"color: #c0c0c0;\">Presse<\/span><\/a><\/h1>\n<p style=\"text-align: center;\"><div id=\"kgvid_kgvid_0_wrapper\" class=\"kgvid_wrapper kgvid_wrapper_auto_left kgvid_wrapper_auto_right\">\n\t\t\t<div id=\"video_kgvid_0_div\" class=\"fitvidsignore kgvid_videodiv\" data-id=\"kgvid_0\" data-kgvid_video_vars=\"{&quot;id&quot;:&quot;kgvid_0&quot;,&quot;attachment_id&quot;:1512,&quot;player_type&quot;:&quot;Video.js v8&quot;,&quot;width&quot;:&quot;640&quot;,&quot;height&quot;:&quot;360&quot;,&quot;fullwidth&quot;:&quot;false&quot;,&quot;fixed_aspect&quot;:&quot;false&quot;,&quot;countable&quot;:true,&quot;count_views&quot;:&quot;quarters&quot;,&quot;start&quot;:&quot;&quot;,&quot;autoplay&quot;:&quot;false&quot;,&quot;pauseothervideos&quot;:&quot;false&quot;,&quot;set_volume&quot;:1,&quot;muted&quot;:&quot;false&quot;,&quot;meta&quot;:false,&quot;endofvideooverlay&quot;:&quot;https:\\\/\\\/www.heliosperdita.com\\\/wp-content\\\/uploads\\\/Agn\\u00e9s-3652_10_thumb0.jpg&quot;,&quot;resize&quot;:&quot;true&quot;,&quot;auto_res&quot;:&quot;automatic&quot;,&quot;pixel_ratio&quot;:&quot;true&quot;,&quot;right_click&quot;:&quot;on&quot;,&quot;playback_rate&quot;:&quot;false&quot;,&quot;title&quot;:&quot;Agn\\u00e9s-3652_10&quot;,&quot;skip_buttons&quot;:[],&quot;nativecontrolsfortouch&quot;:&quot;true&quot;,&quot;locale&quot;:&quot;fr&quot;,&quot;enable_resolutions_plugin&quot;:false}\" itemprop=\"video\" itemscope itemtype=\"https:\/\/schema.org\/VideoObject\"><meta itemprop=\"thumbnailUrl\" content=\"https:\/\/www.heliosperdita.com\/wp-content\/uploads\/Agn\u00e9s-3652_10_thumb0.jpg\"><meta itemprop=\"embedUrl\" content=\"https:\/\/www.heliosperdita.com\/?attachment_id=1512&#038;videopack%5Benable%5D=true\"><meta itemprop=\"contentUrl\" content=\"https:\/\/www.heliosperdita.com\/wp-content\/uploads\/Agn\u00e9s-3652_10.mp4\"><meta itemprop=\"name\" content=\"Agn\u00e9s-3652_10\"><meta itemprop=\"description\" content=\"Vid\u00e9o\"><meta itemprop=\"uploadDate\" content=\"2014-01-10T16:09:24+01:00\">\n\t\t\t\t<video id=\"video_kgvid_0\" playsinline controls preload=\"metadata\" poster=\"https:\/\/www.heliosperdita.com\/wp-content\/uploads\/Agn\u00e9s-3652_10_thumb0.jpg\" width=\"640\" height=\"360\" class=\"fitvidsignore video-js kg-video-js-skin\">\n\t\t\t\t\t<source src=\"https:\/\/www.heliosperdita.com\/wp-content\/uploads\/Agn\u00e9s-3652_10.mp4?id=0\" type=\"video\/mp4\" data-res=\"360p\">\n\t\t\t\t<\/video>\n\t\t\t<\/div>\n\t\t<\/div><\/p>\n<h1 style=\"text-align: center;\"><\/h1>\n","protected":false},"excerpt":{"rendered":"<p>D&#8217;apr\u00e8s &#8220;L&#8217;\u00e9cole des femmes de Moli\u00e8re&#8221; &amp; &#8220;Brefs entretiens avec des hommes hideux&#8221; de David Foster Wallace.\u00a0 Mise en sc\u00e8ne, sc\u00e9nographie Th\u00e9o Kailer.\u00a0Dramaturg\u00a0Werner Kolk. \u00a0Lumi\u00e8re, programmation vid\u00e9o et aide \u00e0 la conception \u00a0Pierre Yves Toulot.\u00a0R\u00e9alisation sonore Th\u00e9o Kailer, Fabrice Bonelli. Avec\u00a0Val\u00e9rie Furiosi, Th\u00e9o Kailer et la participation de trois \u00e9l\u00e8ves du coll\u00e8ge Laetitia d&#8217;Ajaccio, C\u00e9lia [&hellip;]<\/p>\n","protected":false},"author":2,"featured_media":0,"parent":1010,"menu_order":83,"comment_status":"closed","ping_status":"closed","template":"","meta":{"_exactmetrics_skip_tracking":false,"_exactmetrics_sitenote_active":false,"_exactmetrics_sitenote_note":"","_exactmetrics_sitenote_category":0},"_links":{"self":[{"href":"https:\/\/www.heliosperdita.com\/index.php?rest_route=\/wp\/v2\/pages\/1473"}],"collection":[{"href":"https:\/\/www.heliosperdita.com\/index.php?rest_route=\/wp\/v2\/pages"}],"about":[{"href":"https:\/\/www.heliosperdita.com\/index.php?rest_route=\/wp\/v2\/types\/page"}],"author":[{"embeddable":true,"href":"https:\/\/www.heliosperdita.com\/index.php?rest_route=\/wp\/v2\/users\/2"}],"replies":[{"embeddable":true,"href":"https:\/\/www.heliosperdita.com\/index.php?rest_route=%2Fwp%2Fv2%2Fcomments&post=1473"}],"version-history":[{"count":30,"href":"https:\/\/www.heliosperdita.com\/index.php?rest_route=\/wp\/v2\/pages\/1473\/revisions"}],"predecessor-version":[{"id":1633,"href":"https:\/\/www.heliosperdita.com\/index.php?rest_route=\/wp\/v2\/pages\/1473\/revisions\/1633"}],"up":[{"embeddable":true,"href":"https:\/\/www.heliosperdita.com\/index.php?rest_route=\/wp\/v2\/pages\/1010"}],"wp:attachment":[{"href":"https:\/\/www.heliosperdita.com\/index.php?rest_route=%2Fwp%2Fv2%2Fmedia&parent=1473"}],"curies":[{"name":"wp","href":"https:\/\/api.w.org\/{rel}","templated":true}]}}