{"id":1147,"date":"2012-08-17T13:46:08","date_gmt":"2012-08-17T11:46:08","guid":{"rendered":"http:\/\/www.heliosperdita.com\/?page_id=1147"},"modified":"2015-04-09T23:10:43","modified_gmt":"2015-04-09T22:10:43","slug":"casa-buonaparte","status":"publish","type":"page","link":"https:\/\/www.heliosperdita.com\/?page_id=1147","title":{"rendered":"Le complexe Napol\u00e9on"},"content":{"rendered":"<h2 style=\"text-align: left;\"><span style=\"color: #00ffff;\">Mise en sc\u00e8ne, texte, \u00a0conception vid\u00e9o &amp; musicale, costumes<\/span>\u00a0<span style=\"color: #c0c0c0;\">Th\u00e9o Kailer. <span style=\"color: #00ffff;\">Dramaturg<\/span> Werner Kolk. \u00a0<span style=\"color: #00ffff;\">Programmation v<\/span><\/span><span style=\"color: #00ffff;\">id\u00e9o et aide \u00e0 la conception<\/span><span style=\"color: #c0c0c0;\">\u00a0Pierre Yves Toulot<\/span><span style=\"color: #c0c0c0;\">. <span style=\"color: #00ffff;\">R\u00e9gie<\/span><\/span>\u00a0<span style=\"color: #00ffff;\">son<\/span>\u00a0<span style=\"color: #c0c0c0;\">Fabrice Bonelli<\/span>\u00a0<span style=\"color: #00ffff;\">Avec<\/span> <span style=\"color: #c0c0c0;\">Juliette Antonas,\u00a0<\/span><span style=\"color: #c0c0c0;\">Th\u00e9o Kailer,\u00a0<\/span><span style=\"color: #c0c0c0;\">Fran\u00e7ois Papin, et l&#8217;amicale complicit\u00e9 de Jo\u00ebl Herv\u00e9. <span style=\"color: #00ffff;\">Administration de production<\/span> Val\u00e9rie Moy.<\/span><\/h2>\n<h2><\/h2>\n<h2><a href=\"http:\/\/www.heliosperdita.com\/wp-content\/uploads\/napo.jpeg\"><span style=\"color: #00ffff;\">Presse<\/span><\/a><\/h2>\n<div><\/div>\n<div>Produit par <em><strong>heliosperdita<\/strong><\/em>\u00a0avec le soutien de la CTC, CMCCAS\/CCAS.\u00a0Merci au th\u00e9\u00e2tre de la Colline, Arcal, la mairie de Sarrola Carcopino, Guillaume Captier.<\/div>\n<div>Spectacle pris en r\u00e9sidence \u00e0 la CCAS. photos Dominique Appietto.<\/div>\n<div><\/div>\n<div><a href=\"http:\/\/www.heliosperdita.com\/wp-content\/uploads\/IMGP9119-Modifier.jpg\"><img decoding=\"async\" loading=\"lazy\" class=\"size-thumbnail wp-image-1403 aligncenter\" title=\"Le complexe Napol\u00e9on\" alt=\"\" src=\"http:\/\/www.heliosperdita.com\/wp-content\/uploads\/IMGP9119-Modifier-100x100.jpg\" width=\"100\" height=\"100\" \/><\/a><a href=\"http:\/\/www.heliosperdita.com\/wp-content\/uploads\/IMGP9023-Modifier.jpg\"><img decoding=\"async\" loading=\"lazy\" class=\"aligncenter size-thumbnail wp-image-1400\" title=\"Le complexe Napol\u00e9on\" alt=\"\" src=\"http:\/\/www.heliosperdita.com\/wp-content\/uploads\/IMGP9023-Modifier-100x100.jpg\" width=\"100\" height=\"100\" \/><\/a><a href=\"http:\/\/www.heliosperdita.com\/wp-content\/uploads\/IMGP9069-Modifier.jpg\"><img decoding=\"async\" loading=\"lazy\" class=\"aligncenter size-thumbnail wp-image-1401\" title=\"Le complexe Napol\u00e9on\" alt=\"\" src=\"http:\/\/www.heliosperdita.com\/wp-content\/uploads\/IMGP9069-Modifier-100x100.jpg\" width=\"100\" height=\"100\" \/><\/a><a href=\"http:\/\/www.heliosperdita.com\/wp-content\/uploads\/IMGP9241-Modifier.jpg\"><img decoding=\"async\" loading=\"lazy\" class=\"aligncenter size-thumbnail wp-image-1399\" title=\"Le complexe Napol\u00e9on\" alt=\"\" src=\"http:\/\/www.heliosperdita.com\/wp-content\/uploads\/IMGP9241-Modifier-100x100.jpg\" width=\"100\" height=\"100\" \/><\/a><a href=\"http:\/\/www.heliosperdita.com\/wp-content\/uploads\/IMGP9102-Modifier-Modifier.jpg\"><img decoding=\"async\" loading=\"lazy\" class=\"aligncenter size-thumbnail wp-image-1402\" title=\"Le complexe Napol\u00e9on\" alt=\"\" src=\"http:\/\/www.heliosperdita.com\/wp-content\/uploads\/IMGP9102-Modifier-Modifier-100x100.jpg\" width=\"100\" height=\"100\" \/><\/a><a href=\"http:\/\/www.heliosperdita.com\/wp-content\/uploads\/IMGP9224-Modifier.jpg\"><img decoding=\"async\" loading=\"lazy\" class=\"aligncenter size-thumbnail wp-image-1398\" title=\"Le complexe Napol\u00e9on\" alt=\"\" src=\"http:\/\/www.heliosperdita.com\/wp-content\/uploads\/IMGP9224-Modifier-100x100.jpg\" width=\"100\" height=\"100\" \/><\/a><\/div>\n<div><\/div>\n<div><a href=\"http:\/\/www.heliosperdita.com\/wp-content\/uploads\/IMGP9153-Modifier.jpg\"><img decoding=\"async\" loading=\"lazy\" class=\"alignleft size-thumbnail wp-image-1396\" title=\"Le complexe Napol\u00e9on\" alt=\"\" src=\"http:\/\/www.heliosperdita.com\/wp-content\/uploads\/IMGP9153-Modifier-100x100.jpg\" width=\"100\" height=\"100\" \/><\/a><a href=\"http:\/\/www.heliosperdita.com\/wp-content\/uploads\/IMGP9100-Modifier-Modifier.jpg\"><img decoding=\"async\" loading=\"lazy\" class=\"size-thumbnail wp-image-1395 alignnone\" title=\"Le complexe Napol\u00e9on\" alt=\"\" src=\"http:\/\/www.heliosperdita.com\/wp-content\/uploads\/IMGP9100-Modifier-Modifier-100x100.jpg\" width=\"100\" height=\"100\" \/><\/a><a href=\"http:\/\/www.heliosperdita.com\/wp-content\/uploads\/IMGP9089-Modifier.jpg\"><img decoding=\"async\" loading=\"lazy\" class=\"size-thumbnail wp-image-1393 alignnone\" title=\"Le complexe Napol\u00e9on\" alt=\"\" src=\"http:\/\/www.heliosperdita.com\/wp-content\/uploads\/IMGP9089-Modifier-100x100.jpg\" width=\"100\" height=\"100\" \/><\/a><\/div>\n<p>&nbsp;<\/p>\n<p>&nbsp;<\/p>\n<div><\/div>\n<div><\/div>\n<div><\/div>\n<div><\/div>\n<div><\/div>\n<div><a href=\"http:\/\/www.heliosperdita.com\/wp-content\/uploads\/Le-complexe-Napoleon_Web.png\"><img decoding=\"async\" loading=\"lazy\" class=\"aligncenter size-full wp-image-1327\" title=\"Le-complexe-Napoleon_Web\" alt=\"\" src=\"http:\/\/www.heliosperdita.com\/wp-content\/uploads\/Le-complexe-Napoleon_Web.png\" width=\"677\" height=\"429\" srcset=\"https:\/\/www.heliosperdita.com\/wp-content\/uploads\/Le-complexe-Napoleon_Web.png 677w, https:\/\/www.heliosperdita.com\/wp-content\/uploads\/Le-complexe-Napoleon_Web-300x190.png 300w\" sizes=\"(max-width: 677px) 100vw, 677px\" \/><\/a><\/div>\n<div><\/div>\n","protected":false},"excerpt":{"rendered":"<p>Mise en sc\u00e8ne, texte, \u00a0conception vid\u00e9o &amp; musicale, costumes\u00a0Th\u00e9o Kailer. Dramaturg Werner Kolk. \u00a0Programmation vid\u00e9o et aide \u00e0 la conception\u00a0Pierre Yves Toulot. R\u00e9gie\u00a0son\u00a0Fabrice Bonelli\u00a0Avec Juliette Antonas,\u00a0Th\u00e9o Kailer,\u00a0Fran\u00e7ois Papin, et l&#8217;amicale complicit\u00e9 de Jo\u00ebl Herv\u00e9. Administration de production Val\u00e9rie Moy. Presse Produit par heliosperdita\u00a0avec le soutien de la CTC, CMCCAS\/CCAS.\u00a0Merci au th\u00e9\u00e2tre de la Colline, Arcal, [&hellip;]<\/p>\n","protected":false},"author":2,"featured_media":0,"parent":1010,"menu_order":84,"comment_status":"closed","ping_status":"closed","template":"","meta":{"_exactmetrics_skip_tracking":false,"_exactmetrics_sitenote_active":false,"_exactmetrics_sitenote_note":"","_exactmetrics_sitenote_category":0},"_links":{"self":[{"href":"https:\/\/www.heliosperdita.com\/index.php?rest_route=\/wp\/v2\/pages\/1147"}],"collection":[{"href":"https:\/\/www.heliosperdita.com\/index.php?rest_route=\/wp\/v2\/pages"}],"about":[{"href":"https:\/\/www.heliosperdita.com\/index.php?rest_route=\/wp\/v2\/types\/page"}],"author":[{"embeddable":true,"href":"https:\/\/www.heliosperdita.com\/index.php?rest_route=\/wp\/v2\/users\/2"}],"replies":[{"embeddable":true,"href":"https:\/\/www.heliosperdita.com\/index.php?rest_route=%2Fwp%2Fv2%2Fcomments&post=1147"}],"version-history":[{"count":59,"href":"https:\/\/www.heliosperdita.com\/index.php?rest_route=\/wp\/v2\/pages\/1147\/revisions"}],"predecessor-version":[{"id":1669,"href":"https:\/\/www.heliosperdita.com\/index.php?rest_route=\/wp\/v2\/pages\/1147\/revisions\/1669"}],"up":[{"embeddable":true,"href":"https:\/\/www.heliosperdita.com\/index.php?rest_route=\/wp\/v2\/pages\/1010"}],"wp:attachment":[{"href":"https:\/\/www.heliosperdita.com\/index.php?rest_route=%2Fwp%2Fv2%2Fmedia&parent=1147"}],"curies":[{"name":"wp","href":"https:\/\/api.w.org\/{rel}","templated":true}]}}