{"id":112,"date":"2011-02-08T15:02:28","date_gmt":"2011-02-08T15:02:28","guid":{"rendered":"http:\/\/www.tousdifferents.org\/?page_id=112"},"modified":"2011-04-03T15:08:53","modified_gmt":"2011-04-03T13:08:53","slug":"volet-2","status":"publish","type":"page","link":"https:\/\/www.heliosperdita.com\/?page_id=112","title":{"rendered":"Volet 2"},"content":{"rendered":"<p><img decoding=\"async\" loading=\"lazy\" class=\"aligncenter size-medium wp-image-124\" title=\"logo\" src=\"http:\/\/www.tousdifferents.org\/wp-content\/uploads\/logo1-300x183.png\" alt=\"\" width=\"300\" height=\"183\" srcset=\"https:\/\/www.heliosperdita.com\/wp-content\/uploads\/logo1-300x183.png 300w, https:\/\/www.heliosperdita.com\/wp-content\/uploads\/logo1.png 600w\" sizes=\"(max-width: 300px) 100vw, 300px\" \/><\/p>\n<p><span style=\"color: #760017;\"><em><span style=\"color: #00ffff;\">Con\u00e7u et mis en sc\u00e8ne par :<\/span><\/em><\/span><span style=\"color: #00ffff;\"> <\/span><strong>Th\u00e9o Kailer<\/strong><\/p>\n<p style=\"text-align: justify;\">Le Volet 2 consacr\u00e9 au dernier g\u00e9nocide du XX\u00e9me si\u00e9cle le massacre de Srebrenica, s\u2019appuie dans le bus sur un r\u00e9cit journalistique relatant les faits.Point de vue des revenants cet \u00e9pisode est un dialogue avec les morts aussi englu\u00e9s dans la catastrophe de l\u2019histoire que les vivants.Les spectateurs sont d\u00e9barqu\u00e9s sur un stade qui devient &#8220;la sc\u00e8ne d\u2019une anthologie&#8221;, t\u00e9moignages de rescap\u00e9s film\u00e9s et fant\u00f4mis\u00e9s \u00e0 travers l\u2019imagerie estivale d\u2019un banal \u00e9t\u00e9 1995.<\/p>\n<p style=\"text-align: justify;\">L\u2019\u00e9vocation des spectres, mise en musique en direct et dans une partition originale s\u2019ach\u00e8ve, pour reprendre de la hauteur dans le &#8220;<em>Mauvais sang<\/em>&#8221; de <cite>Rimbaud<\/cite>.<\/p>\n<p style=\"text-align: justify;\">\n<div id='gallery-1' class='gallery galleryid-112 gallery-columns-2 gallery-size-thumbnail'><figure class='gallery-item'>\n\t\t\t<div class='gallery-icon landscape'>\n\t\t\t\t<a href='https:\/\/www.heliosperdita.com\/wp-content\/uploads\/0014.jpg'><img width=\"100\" height=\"100\" src=\"https:\/\/www.heliosperdita.com\/wp-content\/uploads\/0014-150x150.jpg\" class=\"attachment-thumbnail size-thumbnail\" alt=\"\" decoding=\"async\" loading=\"lazy\" \/><\/a>\n\t\t\t<\/div><\/figure><figure class='gallery-item'>\n\t\t\t<div class='gallery-icon portrait'>\n\t\t\t\t<a href='https:\/\/www.heliosperdita.com\/wp-content\/uploads\/0024.jpg'><img width=\"100\" height=\"100\" src=\"https:\/\/www.heliosperdita.com\/wp-content\/uploads\/0024-150x150.jpg\" class=\"attachment-thumbnail size-thumbnail\" alt=\"\" decoding=\"async\" loading=\"lazy\" \/><\/a>\n\t\t\t<\/div><\/figure><figure class='gallery-item'>\n\t\t\t<div class='gallery-icon landscape'>\n\t\t\t\t<a href='https:\/\/www.heliosperdita.com\/wp-content\/uploads\/0034.jpg'><img width=\"100\" height=\"100\" src=\"https:\/\/www.heliosperdita.com\/wp-content\/uploads\/0034-150x150.jpg\" class=\"attachment-thumbnail size-thumbnail\" alt=\"\" decoding=\"async\" loading=\"lazy\" \/><\/a>\n\t\t\t<\/div><\/figure><figure class='gallery-item'>\n\t\t\t<div class='gallery-icon landscape'>\n\t\t\t\t<a href='https:\/\/www.heliosperdita.com\/wp-content\/uploads\/0044.jpg'><img width=\"100\" height=\"100\" src=\"https:\/\/www.heliosperdita.com\/wp-content\/uploads\/0044-150x150.jpg\" class=\"attachment-thumbnail size-thumbnail\" alt=\"\" decoding=\"async\" loading=\"lazy\" \/><\/a>\n\t\t\t<\/div><\/figure><figure class='gallery-item'>\n\t\t\t<div class='gallery-icon landscape'>\n\t\t\t\t<a href='https:\/\/www.heliosperdita.com\/wp-content\/uploads\/0054.jpg'><img width=\"100\" height=\"100\" src=\"https:\/\/www.heliosperdita.com\/wp-content\/uploads\/0054-150x150.jpg\" class=\"attachment-thumbnail size-thumbnail\" alt=\"\" decoding=\"async\" loading=\"lazy\" \/><\/a>\n\t\t\t<\/div><\/figure><figure class='gallery-item'>\n\t\t\t<div class='gallery-icon landscape'>\n\t\t\t\t<a href='https:\/\/www.heliosperdita.com\/wp-content\/uploads\/fond3.jpg'><img width=\"100\" height=\"100\" src=\"https:\/\/www.heliosperdita.com\/wp-content\/uploads\/fond3-150x150.jpg\" class=\"attachment-thumbnail size-thumbnail\" alt=\"\" decoding=\"async\" loading=\"lazy\" \/><\/a>\n\t\t\t<\/div><\/figure><figure class='gallery-item'>\n\t\t\t<div class='gallery-icon landscape'>\n\t\t\t\t<a href='https:\/\/www.heliosperdita.com\/wp-content\/uploads\/logo1.png'><img width=\"100\" height=\"100\" src=\"https:\/\/www.heliosperdita.com\/wp-content\/uploads\/logo1-150x150.png\" class=\"attachment-thumbnail size-thumbnail\" alt=\"\" decoding=\"async\" loading=\"lazy\" \/><\/a>\n\t\t\t<\/div><\/figure>\n\t\t<\/div>\n\n","protected":false},"excerpt":{"rendered":"<p>Con\u00e7u et mis en sc\u00e8ne par : Th\u00e9o Kailer Le Volet 2 consacr\u00e9 au dernier g\u00e9nocide du XX\u00e9me si\u00e9cle le massacre de Srebrenica, s\u2019appuie dans le bus sur un r\u00e9cit journalistique relatant les faits.Point de vue des revenants cet \u00e9pisode est un dialogue avec les morts aussi englu\u00e9s dans la catastrophe de l\u2019histoire que les [&hellip;]<\/p>\n","protected":false},"author":1,"featured_media":0,"parent":80,"menu_order":2,"comment_status":"closed","ping_status":"closed","template":"","meta":{"_exactmetrics_skip_tracking":false,"_exactmetrics_sitenote_active":false,"_exactmetrics_sitenote_note":"","_exactmetrics_sitenote_category":0},"_links":{"self":[{"href":"https:\/\/www.heliosperdita.com\/index.php?rest_route=\/wp\/v2\/pages\/112"}],"collection":[{"href":"https:\/\/www.heliosperdita.com\/index.php?rest_route=\/wp\/v2\/pages"}],"about":[{"href":"https:\/\/www.heliosperdita.com\/index.php?rest_route=\/wp\/v2\/types\/page"}],"author":[{"embeddable":true,"href":"https:\/\/www.heliosperdita.com\/index.php?rest_route=\/wp\/v2\/users\/1"}],"replies":[{"embeddable":true,"href":"https:\/\/www.heliosperdita.com\/index.php?rest_route=%2Fwp%2Fv2%2Fcomments&post=112"}],"version-history":[{"count":7,"href":"https:\/\/www.heliosperdita.com\/index.php?rest_route=\/wp\/v2\/pages\/112\/revisions"}],"predecessor-version":[{"id":123,"href":"https:\/\/www.heliosperdita.com\/index.php?rest_route=\/wp\/v2\/pages\/112\/revisions\/123"}],"up":[{"embeddable":true,"href":"https:\/\/www.heliosperdita.com\/index.php?rest_route=\/wp\/v2\/pages\/80"}],"wp:attachment":[{"href":"https:\/\/www.heliosperdita.com\/index.php?rest_route=%2Fwp%2Fv2%2Fmedia&parent=112"}],"curies":[{"name":"wp","href":"https:\/\/api.w.org\/{rel}","templated":true}]}}