{"id":11,"date":"2011-02-08T13:46:22","date_gmt":"2011-02-08T13:46:22","guid":{"rendered":"http:\/\/www.tousdifferents.org\/?page_id=11"},"modified":"2015-04-09T23:07:48","modified_gmt":"2015-04-09T22:07:48","slug":"presse","status":"publish","type":"page","link":"https:\/\/www.heliosperdita.com\/?page_id=11","title":{"rendered":"Presse"},"content":{"rendered":"<p><span style=\"color: #00ffff;\">Br\u00e8ve histoire abracadabrantesque du th\u00e9\u00e2tre<\/span><\/p>\n<p><a href=\"http:\/\/www.heliosperdita.com\/wp-content\/uploads\/CM-Br\u00e8ve.jpg\"><img decoding=\"async\" loading=\"lazy\" class=\"aligncenter size-thumbnail wp-image-1587\" alt=\"CM Br\u00e8ve\" src=\"http:\/\/www.heliosperdita.com\/wp-content\/uploads\/CM-Br\u00e8ve-100x100.jpg\" width=\"100\" height=\"100\" \/><\/a> <a href=\"http:\/\/www.heliosperdita.com\/wp-content\/uploads\/CM-2-Breve.jpg\"><img decoding=\"async\" loading=\"lazy\" class=\"aligncenter size-thumbnail wp-image-1588\" alt=\"CM-2-Breve\" src=\"http:\/\/www.heliosperdita.com\/wp-content\/uploads\/CM-2-Breve-100x100.jpg\" width=\"100\" height=\"100\" \/><\/a> <a href=\"http:\/\/www.heliosperdita.com\/wp-content\/uploads\/CM3-Breve.jpg\"><img decoding=\"async\" loading=\"lazy\" class=\"aligncenter size-thumbnail wp-image-1589\" alt=\"CM3-Breve\" src=\"http:\/\/www.heliosperdita.com\/wp-content\/uploads\/CM3-Breve-100x100.jpg\" width=\"100\" height=\"100\" \/><\/a><\/p>\n<p>&nbsp;<\/p>\n<p>&nbsp;<\/p>\n<p><span style=\"color: #00ffff;\">Agn\u00e9s-3652<\/span><\/p>\n<p><a href=\"http:\/\/www.heliosperdita.com\/wp-content\/uploads\/CM.jpg\"><img decoding=\"async\" loading=\"lazy\" class=\"alignleft size-thumbnail wp-image-1484\" title=\"CM\" alt=\"\" src=\"http:\/\/www.heliosperdita.com\/wp-content\/uploads\/CM-100x100.jpg\" width=\"100\" height=\"100\" \/><\/a><\/p>\n<p>&nbsp;<\/p>\n<p>&nbsp;<\/p>\n<p>&nbsp;<\/p>\n<p>&nbsp;<\/p>\n<p>&nbsp;<\/p>\n<p><span style=\"color: #00ffff;\">Le complexe Napol\u00e9on<\/span><\/p>\n<p><a href=\"http:\/\/www.heliosperdita.com\/wp-content\/uploads\/napo.jpeg\"><img decoding=\"async\" loading=\"lazy\" class=\"size-thumbnail wp-image-1651\" alt=\"napo\" src=\"http:\/\/www.heliosperdita.com\/wp-content\/uploads\/napo-100x100.jpeg\" width=\"100\" height=\"100\" \/><\/a><\/p>\n<p>&nbsp;<\/p>\n<p><span style=\"color: #00ffff; text-align: left;\">Arlequin poli par l&#8217;amour<\/span><\/p>\n<figure id=\"attachment_1235\" aria-describedby=\"caption-attachment-1235\" style=\"width: 100px\" class=\"wp-caption alignleft\"><a href=\"http:\/\/www.heliosperdita.com\/wp-content\/uploads\/NB-2haute-couleur1.gif\"><img decoding=\"async\" loading=\"lazy\" class=\"size-thumbnail wp-image-1235\" title=\"NB-2haute-couleur\" alt=\"\" src=\"http:\/\/www.heliosperdita.com\/wp-content\/uploads\/NB-2haute-couleur1-100x100.gif\" width=\"100\" height=\"100\" \/><\/a><figcaption id=\"caption-attachment-1235\" class=\"wp-caption-text\">Arlequin rockn&#8217;roll<\/figcaption><\/figure>\n<figure id=\"attachment_1234\" aria-describedby=\"caption-attachment-1234\" style=\"width: 100px\" class=\"wp-caption alignleft\"><a href=\"http:\/\/www.heliosperdita.com\/wp-content\/uploads\/NB-2Corse-Matin-8-12-20110021.gif\"><img decoding=\"async\" loading=\"lazy\" class=\"size-thumbnail wp-image-1234  \" title=\"NB-2Corse-Matin-8-12-2011002\" alt=\"\" src=\"http:\/\/www.heliosperdita.com\/wp-content\/uploads\/NB-2Corse-Matin-8-12-20110021-100x100.gif\" width=\"100\" height=\"100\" \/><\/a><figcaption id=\"caption-attachment-1234\" class=\"wp-caption-text\">&#8230;dans tous ses \u00e9tats<\/figcaption><\/figure>\n<h1 style=\"text-align: left;\"><\/h1>\n<h1 style=\"text-align: left;\"><\/h1>\n<figure id=\"attachment_1232\" aria-describedby=\"caption-attachment-1232\" style=\"width: 100px\" class=\"wp-caption alignleft\"><a href=\"http:\/\/www.heliosperdita.com\/wp-content\/uploads\/2NB-arl-gp1.gif\"><img decoding=\"async\" loading=\"lazy\" class=\"size-thumbnail wp-image-1232   \" title=\"2NB-arl-gp\" alt=\"\" src=\"http:\/\/www.heliosperdita.com\/wp-content\/uploads\/2NB-arl-gp1-100x100.gif\" width=\"100\" height=\"100\" srcset=\"https:\/\/www.heliosperdita.com\/wp-content\/uploads\/2NB-arl-gp1-100x100.gif 100w, https:\/\/www.heliosperdita.com\/wp-content\/uploads\/2NB-arl-gp1-300x298.gif 300w, https:\/\/www.heliosperdita.com\/wp-content\/uploads\/2NB-arl-gp1-1024x1018.gif 1024w, https:\/\/www.heliosperdita.com\/wp-content\/uploads\/2NB-arl-gp1.gif 1200w\" sizes=\"(max-width: 100px) 100vw, 100px\" \/><\/a><figcaption id=\"caption-attachment-1232\" class=\"wp-caption-text\">&#8230; l&#8217;amour et la modernit\u00e9<\/figcaption><\/figure>\n<figure id=\"attachment_1233\" aria-describedby=\"caption-attachment-1233\" style=\"width: 100px\" class=\"wp-caption alignleft\"><a href=\"http:\/\/www.heliosperdita.com\/wp-content\/uploads\/NB-2arlequi-am-mod1.gif\"><img decoding=\"async\" loading=\"lazy\" class=\"size-thumbnail wp-image-1233 \" title=\"NB-2arlequi-am-mod\" alt=\"poli par l'amour et la modernit\u00e9\" src=\"http:\/\/www.heliosperdita.com\/wp-content\/uploads\/NB-2arlequi-am-mod1-100x100.gif\" width=\"100\" height=\"100\" \/><\/a><figcaption id=\"caption-attachment-1233\" class=\"wp-caption-text\">&#8230;s\u00e9duit&#8230;<\/figcaption><\/figure>\n<p><a href=\"http:\/\/www.heliosperdita.com\/wp-content\/uploads\/presse_Aurillac.gif\"><img decoding=\"async\" loading=\"lazy\" class=\"alignnone size-thumbnail wp-image-1276\" title=\"presse_Aurillac\" alt=\"\" src=\"http:\/\/www.heliosperdita.com\/wp-content\/uploads\/presse_Aurillac-100x100.gif\" width=\"100\" height=\"100\" \/><\/a><\/p>\n<p>&#8230;d&#8217;la bombe&#8230;<\/p>\n<p>&nbsp;<\/p>\n<p><span style=\"color: #00ffff;\">Karaok\u00e9\u00e2tre<\/span><\/p>\n<p><span style=\"color: #00ffff;\">Au beau milieu d&#8217;une illusion<\/span><\/p>\n<p style=\"text-align: left;\"><span style=\"color: #ffffff;\"><em><span style=\"font-weight: normal;\">&#8220;<\/span><a href=\"http:\/\/www.heliosperdita.com\/wp-content\/uploads\/Illusion-nov-2010.pdf\" target=\"_blank\"><span style=\"font-weight: normal;\">Illusion&#8221; <\/span><span style=\"font-weight: normal;\">&#8211; nov 2010<\/span><\/a><\/em><\/span><\/p>\n<p style=\"text-align: left;\"><span style=\"color: #ffffff;\"><em>&#8220;<\/em><a href=\"http:\/\/www.heliosperdita.com\/wp-content\/uploads\/une-llusion-avec-la-troupe-helioSPerdita-Novembre-2009.pdf\" target=\"_blank\"><em>Au beau milieu d&#8217;une llusion avec la troupe helioSPerdita&#8221; <\/em><em>&#8211; Novembre 2009 pdf<\/em><\/a><\/span><\/p>\n<h3 style=\"text-align: left;\"><span style=\"color: #00ffff;\">Hom\u00e8re Iliade<\/span><\/h3>\n<p style=\"text-align: left;\"><span style=\"color: #ffffff;\"><a href=\"http:\/\/www.heliosperdita.com\/wp-content\/uploads\/l-iliade-mise-en-lecture-aout-2009.pdf\" target=\"_blank\"><em>l&#8217;iliade mise en lecture &#8211; aout 2009<\/em><\/a><\/span><\/p>\n<p style=\"text-align: left;\"><span style=\"color: #ffffff;\"><a href=\"http:\/\/www.heliosperdita.com\/wp-content\/uploads\/l-iliade-ou-les-eleves-sur-les-traces-d-Ulysse-Octobre-2009.pdf\" target=\"_blank\"><em>l&#8217;iliade ou les eleves sur les traces d Ulysse- Octobre 2009<\/em><\/a><\/span><\/p>\n<p style=\"text-align: left;\"><span style=\"color: #ffffff;\"><a href=\"http:\/\/www.heliosperdita.com\/wp-content\/uploads\/homere-Iliade-en-lecture-spectacle-au-lazaret-octobre-2008.pdf\" target=\"_blank\"><em>Homere Iliade en lecture spectacle au lazaret-octobre 2008<\/em><\/a><\/span><\/p>\n<h3 style=\"text-align: left;\"><strong><span style=\"color: #00ffff;\">La Cantatrice Chauve<\/span><\/strong><\/h3>\n<p style=\"text-align: left;\"><span style=\"color: #ffffff;\"><span style=\"font-style: normal;\"><a href=\"http:\/\/www.heliosperdita.com\/wp-content\/uploads\/absurde-25-02-08.pdf\" target=\"_blank\"><em>La compagnie heliosperdita revisite l&#8217;absurd<\/em><\/a><\/span><span style=\"font-style: normal;\"><a href=\"http:\/\/www.heliosperdita.com\/wp-content\/uploads\/absurde-25-02-08.pdf\" target=\"_blank\"><em>e<\/em><\/a><em>&#8220;<\/em><\/span><a href=\"http:\/\/www.heliosperdita.com\/wp-content\/uploads\/absurde-25-02-08.pdf\" target=\"_blank\"><em> &#8211; 25.02.2008<\/em><\/a><\/span><\/p>\n<p style=\"text-align: left;\"><span style=\"color: #ffffff;\"><em>&#8220;<\/em><a href=\"http:\/\/www.heliosperdita.com\/Presse\/cantatrice\/sc00063f90.pdf\" target=\"_blank\"><em>La Cantatrice d\u00e9coiffe le public<\/em><\/a><em>&#8220;<\/em><a href=\"Presse\/cantatrice\/sc00063f90.pdf\" target=\"_blank\"><em> &#8211; <\/em><em>Julien Bachellerie, La Montagne 5 fev 2010<\/em><\/a><\/span><\/p>\n<p style=\"text-align: left;\"><span style=\"color: #ffffff;\"><em>&#8220;<\/em><a href=\"http:\/\/www.heliosperdita.com\/Presse\/cantatrice\/les_nouvelles_caledoniennes_30-06-07.pdf\" target=\"_blank\"><em>La Cantatrice chauve, \u00e7a d\u00e9coiffe !<\/em><\/a><em>&#8220;<\/em><a href=\"Presse\/cantatrice\/les_nouvelles_caledoniennes_30-06-07.pdf\" target=\"_blank\"><em> &#8211; <\/em><em>Les Nouvelles Cal\u00e9doniennes 30.06.2007<\/em><\/a><\/span><\/p>\n<p style=\"text-align: left;\"><span style=\"color: #ffffff;\"><em>&#8220;<\/em><a href=\"http:\/\/www.heliosperdita.com\/Presse\/cantatrice\/les_nouvelles_caledoniennes_07-07-07.pdf\" target=\"_blank\"><em>Loufoque et d\u00e9concertante Cantatrice chauve<\/em><\/a><a href=\"http:\/\/www.heliosperdita.com\/Presse\/cantatrice\/les_nouvelles_caledoniennes_07-07-07.pdf\" target=\"_blank\"><em> &#8220;<\/em><em>&#8211;<\/em><em> <\/em><\/a><a href=\"http:\/\/www.heliosperdita.com\/Presse\/cantatrice\/les_nouvelles_caledoniennes_07-07-07.pdf\" target=\"_blank\"><em>Les Nouvelles Cal\u00e9doniennes 07.07.2007<\/em><\/a><\/span><\/p>\n<h3 style=\"text-align: left;\"><strong><span style=\"color: #00ffff;\">Projet B<\/span><\/strong><\/h3>\n<p style=\"text-align: left;\"><span style=\"color: #ffffff;\"><a href=\"http:\/\/www.lelitteraire.com\/article1032.html\" target=\"_blank\">Le litteraire . com<\/a><\/span><\/p>\n<h3 style=\"text-align: left;\"><span style=\"color: #00ffff;\">On purge b\u00e9b\u00e9<\/span><\/h3>\n<p style=\"text-align: left;\"><span style=\"color: #ffffff;\"><a href=\"http:\/\/www.heliosperdita.com\/wp-content\/uploads\/Un-Feydeau-debride-le-Progres-Novembre-2004.pdf\" target=\"_blank\">Un Feydeau d\u00e9brid\u00e9 &#8211; le Progr\u00e8s Novembre 2004<\/a><\/span><\/p>\n<p style=\"text-align: left;\"><span style=\"color: #ffffff;\"><a href=\"http:\/\/www.heliosperdita.com\/wp-content\/uploads\/Theo-kailer-purge-bebe-et-Feydeau-Le-Progres-Novembre-2004.pdf\" target=\"_blank\">Th\u00e9o kailer purge b\u00e9b\u00e9 et Feydeau &#8211; Le Progr\u00e9s Novembre 2004<\/a><\/span><\/p>\n<p style=\"text-align: left;\"><span style=\"color: #ffffff;\"><a href=\"http:\/\/www.heliosperdita.com\/wp-content\/uploads\/Sept-personnages-pour-purger-bebe.pdf\" target=\"_blank\">Sept personnages pour purger b\u00e9b\u00e9<\/a><\/span><\/p>\n<h3 style=\"text-align: left;\"><span style=\"color: #888888;\"><span style=\"color: #00ffff;\">Le Songe d\u2019une nuit d\u2019\u00e9t\u00e9<\/span> <\/span><\/h3>\n<p style=\"text-align: left;\"><span style=\"color: #ffffff;\"><a href=\"http:\/\/www.heliosperdita.com\/Presse\/Le-Songe\/Le-Progres-avril-03.pdf\" target=\"_blank\">&#8220;Th\u00e9\u00e2tre : entre d\u00e9sir et d\u00e9lire&#8221; &#8211; <em>Michel Clavel, Le Progr\u00e8s Avril 2003<\/em><\/a><\/span><span style=\"color: #ffffff;\"><a href=\"http:\/\/www.heliosperdita.com\/Presse\/Le-Songe\/Songe-Avril-03.pdf\" target=\"_blank\">&#8220;Le songe d\u00b4une nuit d\u00b4\u00e9t\u00e9 version Th\u00e9o Kailer&#8221; &#8211; <em>Caroline Gu\u00e9rin Avril 2003<\/em><\/a><\/span><\/p>\n<address>\u00a0<\/address>\n<h3 style=\"text-align: left;\"><span style=\"color: #00ffff;\">D\u00e9sir<\/span><\/h3>\n<p style=\"text-align: left;\"><span style=\"color: #ffffff;\"><a href=\"http:\/\/www.heliosperdita.com\/wp-content\/uploads\/Theatre-a-domicile.pdf\" target=\"_blank\">Th\u00e9\u00e2tre \u00e0 domicile<\/a><\/span><\/p>\n<p style=\"text-align: left;\"><span style=\"color: #ffffff;\"><a href=\"http:\/\/www.heliosperdita.com\/Presse\/desir\/Corse-matin-Ajaccio.pdf\" target=\"_blank\">&#8220;La Compagnie Helios Perdita r\u00e9invente le Th\u00e9\u00e2tre itin\u00e9rant&#8221;<\/a><a href=\"http:\/\/www.heliosperdita.com\/Presse\/desir\/Corse-matin-Ajaccio.pdf\" target=\"_blank\"> &#8211; <\/a><em><a href=\"http:\/\/www.heliosperdita.com\/Presse\/desir\/Corse-matin-Ajaccio.pdf\" target=\"_blank\">Corse Matin<\/a><\/em><\/span><\/p>\n<p style=\"text-align: left;\"><span style=\"color: #ffffff;\"><em> <\/em><a href=\"http:\/\/www.heliosperdita.com\/Presse\/desir\/Corse-Matin-Prunelli.pdf\" target=\"_blank\">&#8220;D\u00e9sir \u00e0 la salle Cardiccia ce soir &#8211; <em>Corse Matin 21 Novembre 2006<\/em><\/a><\/span><\/p>\n<p style=\"text-align: left;\"><span style=\"color: #ffffff;\"><a href=\"http:\/\/www.heliosperdita.com\/Presse\/desir\/La-corse-nov 06.pdf\" target=\"_blank\">&#8220;Le parcours buissonnier d\u00b4Helios Perdita &#8211; <em>La Corse Votre hebdo 10-16 Novembre 2006<\/em><\/a><\/span><span style=\"color: #ffffff;\"><em><br \/>\n<\/em><\/span><span style=\"color: #ffffff;\"><em>&#8220;<a href=\"http:\/\/www.heliosperdita.com\/wp-content\/uploads\/Desir-Janvier-2003.pdf\" target=\"_blank\">D\u00e9sir&#8221; <\/a><a href=\"http:\/\/www.heliosperdita.com\/wp-content\/uploads\/Desir-Janvier-2003.pdf\" target=\"_blank\">&#8211; Janvier 2003 pdf<\/a><\/em><\/span><\/p>\n<h3 style=\"text-align: left;\"><span style=\"color: #00ffff;\"><br \/>\n<\/span><\/h3>\n<h3 style=\"text-align: left;\"><span style=\"color: #888888;\"><span style=\"color: #00ffff;\">Le Malade imaginaire<\/span> <\/span><\/h3>\n<dl>\n<dt><span style=\"color: #ffffff;\"><a href=\"http:\/\/www.heliosperdita.com\/Presse\/Le-malade\/Presse Malade Bourg 00.pdf\" target=\"_blank\">&#8220;Un malade imaginaire psych\u00e9d\u00e9lique&#8221; &#8211; <em>Corinne Garay<\/em><\/a><\/span><\/dt>\n<\/dl>\n<h3 style=\"text-align: left;\"><span style=\"color: #00ffff;\">Rodogune <\/span><\/h3>\n<p style=\"text-align: left;\"><span style=\"color: #ffffff;\"><a href=\"http:\/\/www.heliosperdita.com\/Presse\/Rodogune\/La-Montagne-98.pdf\" target=\"_blank\"><em>&#8220;Drame Corn\u00e9lien \u00e0 Aurillac&#8221;<\/em><em> &#8211; <\/em><em>La Montagne 1998<\/em><\/a><\/span><span style=\"color: #ffffff;\"><a href=\"http:\/\/www.heliosperdita.com\/Presse\/Rodogune\/Presse Rodogune 2.pdf\" target=\"_blank\"><em>&#8220;L\u00b4\u00e9tonnante d\u00e9couverte du Rodogune de Corneille&#8221;<\/em> <\/a><\/span><\/p>\n<h3 style=\"text-align: left;\"><span style=\"color: #00ffff;\">Le Misanthrope <\/span><\/h3>\n<dl>\n<dt><span style=\"color: #ffffff;\"><a href=\"http:\/\/www.heliosperdita.com\/Presse\/misanthrope\/le-progres-Mai-99.pdf\" target=\"_blank\"><em>&#8220;L<\/em><em>e Misant<\/em><em>hrope \u00e0 la vinaigrerie : du th\u00e9\u00c2tre p\u00e9tillant comme un champagne&#8221;<\/em><em> &#8211; <\/em><em>Pierre Boitet, Le Progr\u00e8s 11 Mai 1999<\/em><\/a><\/span><\/dt>\n<dt><span style=\"color: #ffffff;\"><a href=\"http:\/\/www.heliosperdita.com\/Presse\/misanthrope\/Presse misanthrope Janv. 97.pdf\" target=\"_blank\"><em>&#8220;Les \u00e9clats de la jeunesse<\/em><em> &#8211; <\/em><em>Dominique Darzacq, Le Journal du Th\u00e9\u00e2tre Janvier 1997<\/em><\/a><\/span><\/dt>\n<dt><em><\/em><\/dt>\n<\/dl>\n<p style=\"text-align: left;\">_____________________________________<\/p>\n<dl>\n<dt><em><\/em><\/dt>\n<dt><\/dt>\n<dt><\/dt>\n<dt><\/dt>\n<dt><em><span style=\"color: #00ffff;\">Le poussin coq1 couleur tarte au raisin<\/span><\/em><\/dt>\n<dt><span style=\"color: #ffffff;\"><em><a href=\"http:\/\/www.heliosperdita.com\/Presse\/Poussin\/Poussin-Ouvea.pdf\" target=\"_blank\">&#8220;Sons et lumi\u00e9res pour les jeunes&#8221;\u00a0&#8211;\u00a0Province Ile Ouv\u00e9a<\/a><\/em><\/span><\/dt>\n<\/dl>\n<p style=\"text-align: left;\"><a href=\"http:\/\/www.heliosperdita.com\/Presse\/Poussin\/les_nouvelles_caledoniennes_11-08-07.pdf\" target=\"_blank\">Les maternelles sous le charme d\u2019un \u00ab poussin coq \u00bb<\/a><a href=\"Presse\/Poussin\/les_nouvelles_caledoniennes_11-08-07.pdf\" target=\"_blank\"> &#8211;\u00a0Les Nouvelles Cal\u00e9doniennes 11.08.2007<\/a><\/p>\n<h3 style=\"text-align: left;\"><span style=\"color: #00ffff;\">La terrifique Bikinella<\/span><\/h3>\n<dl>\n<dt><\/dt>\n<dt><a href=\"http:\/\/www.heliosperdita.com\/wp-content\/uploads\/Le-jeune-public-a-apprecie-la-Terrifique-Bikinella.pdf\" target=\"_blank\">Le jeune public a appr\u00e9ci\u00e9 la Terrifique Bikinella<\/a><\/dt>\n<dt><a href=\"http:\/\/www.heliosperdita.com\/wp-content\/uploads\/La-Terrifique-Bikinella.pdf\" target=\"_blank\">La Terrifique Bikinella<\/a><\/dt>\n<dt><a href=\"http:\/\/www.heliosperdita.com\/Presse\/Bikinella\/Corse-Matin-16-01-2007.pdf\" target=\"_blank\">&#8220;La Terrifique Bikinella est l\u00e0&#8221;\u00a0&#8211;\u00a0Corse Matin 16 Janvier 2007<\/a><\/dt>\n<dt><a href=\"http:\/\/www.heliosperdita.com\/Presse\/Bikinella\/Corse-Matin-2007.pdf\" target=\"_blank\">&#8220;Quand Carmen Bibi-Bikinella envo\u00fbte le public&#8221;\u00a0&#8211;\u00a0Corse Matin 25 Janvier 2007<\/a><\/dt>\n<dt><a href=\"http:\/\/www.heliosperdita.com\/Presse\/Bikinella\/les_nouvelles_caledoniennes_07-07-07.pdf\" target=\"_blank\">La terrifique Bikinella dans le pire des mondes<\/a><a href=\"Presse\/Bikinella\/les_nouvelles_caledoniennes_07-07-07.pdf\" target=\"_blank\"> &#8211; <\/a><a href=\"Presse\/Bikinella\/les_nouvelles_caledoniennes_07-07-07.pdf\" target=\"_blank\">Les Nouvelles Cal\u00e9doniennes 07.07.2007<\/a><\/dt>\n<dt><\/dt>\n<\/dl>\n<h3 style=\"text-align: left;\"><span style=\"color: #00ffff;\">L\u00b4homme au chapeau<\/span><\/h3>\n<dl>\n<dt><\/dt>\n<dt><a href=\"http:\/\/www.heliosperdita.com\/Presse\/HommeCapeau\/A Ferula mars 02.pdf\" target=\"_blank\">&#8220;Le chapeau de Franz&#8221; &#8211;\u00a0A Ferula Mars 2002<\/a><\/dt>\n<dt><a href=\"http:\/\/www.heliosperdita.com\/Presse\/HommeCapeau\/Dauphine.pdf\" target=\"_blank\">&#8220;Sur les pas de l\u00b4homme au chapeau&#8221; &#8211;\u00a0Le Dauphin\u00e9 25 Janvier 2005<\/a><\/dt>\n<\/dl>\n","protected":false},"excerpt":{"rendered":"<p>Br\u00e8ve histoire abracadabrantesque du th\u00e9\u00e2tre &nbsp; &nbsp; Agn\u00e9s-3652 &nbsp; &nbsp; &nbsp; &nbsp; &nbsp; Le complexe Napol\u00e9on &nbsp; Arlequin poli par l&#8217;amour &#8230;d&#8217;la bombe&#8230; &nbsp; Karaok\u00e9\u00e2tre Au beau milieu d&#8217;une illusion &#8220;Illusion&#8221; &#8211; nov 2010 &#8220;Au beau milieu d&#8217;une llusion avec la troupe helioSPerdita&#8221; &#8211; Novembre 2009 pdf Hom\u00e8re Iliade l&#8217;iliade mise en lecture &#8211; aout [&hellip;]<\/p>\n","protected":false},"author":2,"featured_media":0,"parent":0,"menu_order":0,"comment_status":"closed","ping_status":"closed","template":"","meta":{"_exactmetrics_skip_tracking":false,"_exactmetrics_sitenote_active":false,"_exactmetrics_sitenote_note":"","_exactmetrics_sitenote_category":0},"_links":{"self":[{"href":"https:\/\/www.heliosperdita.com\/index.php?rest_route=\/wp\/v2\/pages\/11"}],"collection":[{"href":"https:\/\/www.heliosperdita.com\/index.php?rest_route=\/wp\/v2\/pages"}],"about":[{"href":"https:\/\/www.heliosperdita.com\/index.php?rest_route=\/wp\/v2\/types\/page"}],"author":[{"embeddable":true,"href":"https:\/\/www.heliosperdita.com\/index.php?rest_route=\/wp\/v2\/users\/2"}],"replies":[{"embeddable":true,"href":"https:\/\/www.heliosperdita.com\/index.php?rest_route=%2Fwp%2Fv2%2Fcomments&post=11"}],"version-history":[{"count":148,"href":"https:\/\/www.heliosperdita.com\/index.php?rest_route=\/wp\/v2\/pages\/11\/revisions"}],"predecessor-version":[{"id":1665,"href":"https:\/\/www.heliosperdita.com\/index.php?rest_route=\/wp\/v2\/pages\/11\/revisions\/1665"}],"wp:attachment":[{"href":"https:\/\/www.heliosperdita.com\/index.php?rest_route=%2Fwp%2Fv2%2Fmedia&parent=11"}],"curies":[{"name":"wp","href":"https:\/\/api.w.org\/{rel}","templated":true}]}}