{"id":222,"date":"2011-02-08T20:50:02","date_gmt":"2011-02-08T20:50:02","guid":{"rendered":"http:\/\/www.tousdifferents.org\/?page_id=222"},"modified":"2011-03-31T09:24:03","modified_gmt":"2011-03-31T08:24:03","slug":"le-poussin-coq-1-couleur-tarte-au-raisin","status":"publish","type":"page","link":"http:\/\/www.heliosperdita.com\/?page_id=222","title":{"rendered":"Le Poussin Coq 1 couleur tarte au raisin"},"content":{"rendered":"<p style=\"text-align: justify;\">POUSSIN COQ 1 n&#8217;est pas vilain mais il mesure un m\u00e8tre soixante seize, et son duvet carmin n&#8217;est pas du tout de son go\u00fbt !Tout a mal commenc\u00e9 quand Hipop, sa maman, la poule blanche, s&#8217;est prise de passion pour Barrique Blanche et son breuvage \u00e9carlate\u2026Une fois n\u00e9, POUSSIN COQ 1 d\u00e9cidera d&#8217;aller se tremper le duvet dans le jaune du soleil jaune pour ressembler \u00e0 ses copains jaunes de &#8220;sambapoosball&#8221;.<br \/>\nSes deux amies AMY DALE, l&#8217;araign\u00e9e et JOSEE PHINE, la souris l&#8217;accompagneront dans ses fantaisies qui le conduiront \u00e0 se trouver aussi bon &#8220;poosballeur&#8221; en rouge qu&#8217;en jaune, aussi fort en Chaperon rouge qu&#8217;\u00e9l\u00e9gant dans la marque jaune.<br \/>\nD\u00e9sormais en accord avec sa couleur il continuera joyeusement sa vie criarde et rigolarde\u2026<\/p>\n<p><span style=\"color: #00ffff;\">Mise en sc\u00e8ne, sc\u00e9nographie :<\/span><br \/>\nTh\u00e9o Kailer<br \/>\n<span style=\"color: #00ffff;\">Costumes :<\/span><br \/>\nTh\u00e9o Kailer<br \/>\n<span style=\"color: #00ffff;\">Avec:<\/span><br \/>\nVal\u00e9rie Furiosi<\/p>\n<div id='gallery-1' class='gallery galleryid-222 gallery-columns-2 gallery-size-thumbnail'><figure class='gallery-item'>\n\t\t\t<div class='gallery-icon portrait'>\n\t\t\t\t<a href='http:\/\/www.heliosperdita.com\/wp-content\/uploads\/00112.jpg'><img width=\"100\" height=\"100\" src=\"http:\/\/www.heliosperdita.com\/wp-content\/uploads\/00112-150x150.jpg\" class=\"attachment-thumbnail size-thumbnail\" alt=\"\" decoding=\"async\" loading=\"lazy\" \/><\/a>\n\t\t\t<\/div><\/figure><figure class='gallery-item'>\n\t\t\t<div class='gallery-icon portrait'>\n\t\t\t\t<a href='http:\/\/www.heliosperdita.com\/wp-content\/uploads\/00212.jpg'><img width=\"100\" height=\"100\" src=\"http:\/\/www.heliosperdita.com\/wp-content\/uploads\/00212-150x150.jpg\" class=\"attachment-thumbnail size-thumbnail\" alt=\"\" decoding=\"async\" loading=\"lazy\" \/><\/a>\n\t\t\t<\/div><\/figure><figure class='gallery-item'>\n\t\t\t<div class='gallery-icon landscape'>\n\t\t\t\t<a href='http:\/\/www.heliosperdita.com\/wp-content\/uploads\/00311.jpg'><img width=\"100\" height=\"100\" src=\"http:\/\/www.heliosperdita.com\/wp-content\/uploads\/00311-150x150.jpg\" class=\"attachment-thumbnail size-thumbnail\" alt=\"\" decoding=\"async\" loading=\"lazy\" \/><\/a>\n\t\t\t<\/div><\/figure><figure class='gallery-item'>\n\t\t\t<div class='gallery-icon portrait'>\n\t\t\t\t<a href='http:\/\/www.heliosperdita.com\/wp-content\/uploads\/00410.jpg'><img width=\"100\" height=\"100\" src=\"http:\/\/www.heliosperdita.com\/wp-content\/uploads\/00410-150x150.jpg\" class=\"attachment-thumbnail size-thumbnail\" alt=\"\" decoding=\"async\" loading=\"lazy\" \/><\/a>\n\t\t\t<\/div><\/figure>\n\t\t<\/div>\n\n","protected":false},"excerpt":{"rendered":"<p>POUSSIN COQ 1 n&#8217;est pas vilain mais il mesure un m\u00e8tre soixante seize, et son duvet carmin n&#8217;est pas du tout de son go\u00fbt !Tout a mal commenc\u00e9 quand Hipop, sa maman, la poule blanche, s&#8217;est prise de passion pour Barrique Blanche et son breuvage \u00e9carlate\u2026Une fois n\u00e9, POUSSIN COQ 1 d\u00e9cidera d&#8217;aller se tremper [&hellip;]<\/p>\n","protected":false},"author":2,"featured_media":0,"parent":449,"menu_order":99,"comment_status":"closed","ping_status":"closed","template":"","meta":{"_exactmetrics_skip_tracking":false,"_exactmetrics_sitenote_active":false,"_exactmetrics_sitenote_note":"","_exactmetrics_sitenote_category":0},"_links":{"self":[{"href":"http:\/\/www.heliosperdita.com\/index.php?rest_route=\/wp\/v2\/pages\/222"}],"collection":[{"href":"http:\/\/www.heliosperdita.com\/index.php?rest_route=\/wp\/v2\/pages"}],"about":[{"href":"http:\/\/www.heliosperdita.com\/index.php?rest_route=\/wp\/v2\/types\/page"}],"author":[{"embeddable":true,"href":"http:\/\/www.heliosperdita.com\/index.php?rest_route=\/wp\/v2\/users\/2"}],"replies":[{"embeddable":true,"href":"http:\/\/www.heliosperdita.com\/index.php?rest_route=%2Fwp%2Fv2%2Fcomments&post=222"}],"version-history":[{"count":11,"href":"http:\/\/www.heliosperdita.com\/index.php?rest_route=\/wp\/v2\/pages\/222\/revisions"}],"predecessor-version":[{"id":710,"href":"http:\/\/www.heliosperdita.com\/index.php?rest_route=\/wp\/v2\/pages\/222\/revisions\/710"}],"up":[{"embeddable":true,"href":"http:\/\/www.heliosperdita.com\/index.php?rest_route=\/wp\/v2\/pages\/449"}],"wp:attachment":[{"href":"http:\/\/www.heliosperdita.com\/index.php?rest_route=%2Fwp%2Fv2%2Fmedia&parent=222"}],"curies":[{"name":"wp","href":"https:\/\/api.w.org\/{rel}","templated":true}]}}